{"id":700992,"date":"2024-10-15T10:26:21","date_gmt":"2024-10-15T08:26:21","guid":{"rendered":"https:\/\/streetmarkets.fr\/app\/produit\/combi-woopie-a-pois\/"},"modified":"2024-10-15T10:27:10","modified_gmt":"2024-10-15T08:27:10","slug":"combi-woopie-a-pois","status":"publish","type":"product","link":"https:\/\/streetmarkets.fr\/app\/produit\/combi-woopie-a-pois\/","title":{"rendered":"Combi Woopie \u00e0 pois"},"content":{"rendered":"<p>Combi Woopie \u00e0 pois Mamamushi Studio durable et \u00e9thique \u2713 Livraison rapide &amp; paiement en x3 ou x4.<\/p>\n<p>Combinaison pantalon, en polyester effet taffetas.<\/p>\n<p>Col tailleur.<\/p>\n<p>Ceintur\u00e9e au niveau de la taille.<\/p>\n<p>Poches invisibles sur les c\u00f4t\u00e9s.<\/p>\n<p>D\u00e9coupe au niveau du dos<\/p>\n<\/p>\n<p>Ne d\u00e9teint pas.<\/p>\n<p>Lavage en machine : 30\u00b0C conseill\u00e9 <\/p>\n<p>Cette pi\u00e8ce est confectionn\u00e9e \u00e0 Paris.<\/p>\n<\/p>\n<p>Marque : Mamamushi Studio<\/p>\n","protected":false},"excerpt":{"rendered":"<p>Combi Woopie \u00e0 pois Mamamushi Studio durable et \u00e9thique \u2713 Livraison rapide &amp; paiement en x3 ou x4. Combinaison pantalon, en polyester effet taffetas. Col tailleur. Ceintur\u00e9e au niveau de la taille. Poches invisibles sur les c\u00f4t\u00e9s. D\u00e9coupe au niveau du dos Ne d\u00e9teint pas. Lavage en machine : 30\u00b0C conseill\u00e9 Cette pi\u00e8ce est confectionn\u00e9e [&hellip;]<\/p>\n","protected":false},"featured_media":700993,"comment_status":"open","ping_status":"closed","template":"","meta":[],"product_brand":[],"product_cat":[1756,1762],"product_tag":[2244],"acf":[],"_links":{"self":[{"href":"https:\/\/streetmarkets.fr\/app\/wp-json\/wp\/v2\/product\/700992"}],"collection":[{"href":"https:\/\/streetmarkets.fr\/app\/wp-json\/wp\/v2\/product"}],"about":[{"href":"https:\/\/streetmarkets.fr\/app\/wp-json\/wp\/v2\/types\/product"}],"replies":[{"embeddable":true,"href":"https:\/\/streetmarkets.fr\/app\/wp-json\/wp\/v2\/comments?post=700992"}],"wp:featuredmedia":[{"embeddable":true,"href":"https:\/\/streetmarkets.fr\/app\/wp-json\/wp\/v2\/media\/700993"}],"wp:attachment":[{"href":"https:\/\/streetmarkets.fr\/app\/wp-json\/wp\/v2\/media?parent=700992"}],"wp:term":[{"taxonomy":"product_brand","embeddable":true,"href":"https:\/\/streetmarkets.fr\/app\/wp-json\/wp\/v2\/product_brand?post=700992"},{"taxonomy":"product_cat","embeddable":true,"href":"https:\/\/streetmarkets.fr\/app\/wp-json\/wp\/v2\/product_cat?post=700992"},{"taxonomy":"product_tag","embeddable":true,"href":"https:\/\/streetmarkets.fr\/app\/wp-json\/wp\/v2\/product_tag?post=700992"}],"curies":[{"name":"wp","href":"https:\/\/api.w.org\/{rel}","templated":true}]}}