{"id":700991,"date":"2024-10-15T10:26:21","date_gmt":"2024-10-15T08:26:21","guid":{"rendered":"https:\/\/streetmarkets.fr\/app\/?post_type=product_variation&#038;p=700991"},"modified":"2024-10-15T10:32:36","modified_gmt":"2024-10-15T08:32:36","slug":"pantalon-jaffa-noir-40","status":"publish","type":"product","link":"https:\/\/streetmarkets.fr\/app\/produit\/pantalon-jaffa-noir-40\/","title":{"rendered":"Robe longue Blake Spritz"},"content":{"rendered":"<p>Robe longue Blake Spritz Karma Koma durable et \u00e9thique \u2713 Livraison rapide &amp; paiement en x3 ou x4.<\/p>\n<p style=\"margin:0px;font-style:normal;font-size:13px;line-height:normal;font-family:'Helvetica Neue'\">La robe longue Blake revient cette saison !<\/p>\n<p style=\"margin:0px;font-style:normal;font-size:13px;line-height:normal;font-family:'Helvetica Neue'\">Le mod\u00e8le pr\u00e9sente une coupe droite avec un l\u00e9ger d\u00e9collet\u00e9 en V.<\/p>\n<p style=\"margin:0px;font-style:normal;font-size:13px;line-height:normal;font-family:'Helvetica Neue'\">Les bretelles fines et discr\u00e8tes laissent place \u00e0 un dos nu plongeant \u00e0 la forme arrondie.<\/p>\n<p style=\"margin:0px;font-style:normal;font-size:13px;line-height:normal;font-family:'Helvetica Neue'\">Le bas de la robe est fendu \u00e0 l&#8217;arri\u00e8re pour vous laisser libre \u00e0 vos mouvements.\u00a0<\/p>\n<p style=\"margin:0px;font-style:normal;font-size:13px;line-height:normal;font-family:'Helvetica Neue'\">Si vous h\u00e9sitez entre deux tailles, choisissez la taille au-dessus. Sinon, choisissez votre taille habituelle.<\/p>\n<p style=\"margin:0px;font-style:normal;font-size:13px;line-height:normal;font-family:'Helvetica Neue'\">\n<p style=\"margin-top:0px;margin-bottom:0.5rem;color:#282828;font-family:Raleway, '-apple-system', BlinkMacSystemFont, 'Segoe UI', Roboto, 'Helvetica Neue', Arial, sans-serif, 'Apple Color Emoji', 'Segoe UI Emoji', 'Segoe UI Symbol';font-size:14px\"><u>Mati\u00e8re<\/u><\/p>\n<p style=\"margin-top:0px;margin-bottom:0.5rem;color:#282828;font-family:Raleway, '-apple-system', BlinkMacSystemFont, 'Segoe UI', Roboto, 'Helvetica Neue', Arial, sans-serif, 'Apple Color Emoji', 'Segoe UI Emoji', 'Segoe UI Symbol';font-size:14px\">Mati\u00e8re principale:<br \/>100% Rayonne<\/p>\n<p style=\"margin-top:0px;margin-bottom:0.5rem;color:#282828;font-family:Raleway, '-apple-system', BlinkMacSystemFont, 'Segoe UI', Roboto, 'Helvetica Neue', Arial, sans-serif, 'Apple Color Emoji', 'Segoe UI Emoji', 'Segoe UI Symbol';font-size:14px\">Doublure:<br \/>100% Rayonne<\/p>\n<p style=\"margin-top:0px;margin-bottom:0.5rem;color:#282828;font-family:Raleway, '-apple-system', BlinkMacSystemFont, 'Segoe UI', Roboto, 'Helvetica Neue', Arial, sans-serif, 'Apple Color Emoji', 'Segoe UI Emoji', 'Segoe UI Symbol';font-size:14px\"><u>Entretien<\/u><\/p>\n<p style=\"margin-top:0px;margin-bottom:0.5rem;color:#282828;font-family:Raleway, '-apple-system', BlinkMacSystemFont, 'Segoe UI', Roboto, 'Helvetica Neue', Arial, sans-serif, 'Apple Color Emoji', 'Segoe UI Emoji', 'Segoe UI Symbol';font-size:14px\">Lavage 30\u00b0<br \/>Pas de blanchissement<br \/>Pas de s\u00e9chage en tambour<br \/>Repassage \u00e0 temp\u00e9rature faible<\/p>\n","protected":false},"excerpt":{"rendered":"<p>Taille: 40<\/p>\n","protected":false},"featured_media":700986,"comment_status":"closed","ping_status":"closed","template":"","meta":[],"product_brand":[],"product_cat":[1756],"product_tag":[],"acf":[],"_links":{"self":[{"href":"https:\/\/streetmarkets.fr\/app\/wp-json\/wp\/v2\/product\/700991"}],"collection":[{"href":"https:\/\/streetmarkets.fr\/app\/wp-json\/wp\/v2\/product"}],"about":[{"href":"https:\/\/streetmarkets.fr\/app\/wp-json\/wp\/v2\/types\/product"}],"replies":[{"embeddable":true,"href":"https:\/\/streetmarkets.fr\/app\/wp-json\/wp\/v2\/comments?post=700991"}],"wp:featuredmedia":[{"embeddable":true,"href":"https:\/\/streetmarkets.fr\/app\/wp-json\/wp\/v2\/media\/700986"}],"wp:attachment":[{"href":"https:\/\/streetmarkets.fr\/app\/wp-json\/wp\/v2\/media?parent=700991"}],"wp:term":[{"taxonomy":"product_brand","embeddable":true,"href":"https:\/\/streetmarkets.fr\/app\/wp-json\/wp\/v2\/product_brand?post=700991"},{"taxonomy":"product_cat","embeddable":true,"href":"https:\/\/streetmarkets.fr\/app\/wp-json\/wp\/v2\/product_cat?post=700991"},{"taxonomy":"product_tag","embeddable":true,"href":"https:\/\/streetmarkets.fr\/app\/wp-json\/wp\/v2\/product_tag?post=700991"}],"curies":[{"name":"wp","href":"https:\/\/api.w.org\/{rel}","templated":true}]}}