{"id":700985,"date":"2024-10-15T10:26:21","date_gmt":"2024-10-15T08:26:21","guid":{"rendered":"https:\/\/streetmarkets.fr\/app\/produit\/pantalon-jaffa-noir\/"},"modified":"2024-10-15T10:27:10","modified_gmt":"2024-10-15T08:27:10","slug":"pantalon-jaffa-noir","status":"publish","type":"product","link":"https:\/\/streetmarkets.fr\/app\/produit\/pantalon-jaffa-noir\/","title":{"rendered":"Pantalon Jaffa noir"},"content":{"rendered":"<p>Pantalon Jaffa noir Mamamushi Studio durable et \u00e9thique \u2713 Livraison rapide &amp; paiement en x3 ou x4.<\/p>\n<p>Le pantalon taille haute Jaffa est un incontournable de notre marque \u00e9ponyme Mamamushi Studio.<\/p>\n<p>Sa parmenture \u00e0 la taille ferm\u00e9e par deux boutons m\u00e9talliques lui donne un c\u00f4t\u00e9 smoking chic.<\/p>\n<p>Ceinture \u00e9lastiqu\u00e9e au dos pour mieux \u00e9pouser vos formes. Coupe 7\/8eme.<\/p>\n<p>Ouverture avec braguette sur le milieu devant.<\/p>\n<p>Poches sur les cot\u00e9s.<\/p>\n<p>L&#8217;ourlet arrive au niveau de la cheville.<\/p>\n<p>mati\u00e8re: poly-viscose<\/p>\n<\/p>\n<p>Retrouvez la version estivale du pantalon Jaffa en lin Tencel.<\/p>\n<p>\u00a0<\/p>\n","protected":false},"excerpt":{"rendered":"<p>Pantalon Jaffa noir Mamamushi Studio durable et \u00e9thique \u2713 Livraison rapide &amp; paiement en x3 ou x4. Le pantalon taille haute Jaffa est un incontournable de notre marque \u00e9ponyme Mamamushi Studio. Sa parmenture \u00e0 la taille ferm\u00e9e par deux boutons m\u00e9talliques lui donne un c\u00f4t\u00e9 smoking chic. Ceinture \u00e9lastiqu\u00e9e au dos pour mieux \u00e9pouser vos [&hellip;]<\/p>\n","protected":false},"featured_media":700986,"comment_status":"open","ping_status":"closed","template":"","meta":[],"product_brand":[],"product_cat":[1756,1762],"product_tag":[2244],"acf":[],"_links":{"self":[{"href":"https:\/\/streetmarkets.fr\/app\/wp-json\/wp\/v2\/product\/700985"}],"collection":[{"href":"https:\/\/streetmarkets.fr\/app\/wp-json\/wp\/v2\/product"}],"about":[{"href":"https:\/\/streetmarkets.fr\/app\/wp-json\/wp\/v2\/types\/product"}],"replies":[{"embeddable":true,"href":"https:\/\/streetmarkets.fr\/app\/wp-json\/wp\/v2\/comments?post=700985"}],"wp:featuredmedia":[{"embeddable":true,"href":"https:\/\/streetmarkets.fr\/app\/wp-json\/wp\/v2\/media\/700986"}],"wp:attachment":[{"href":"https:\/\/streetmarkets.fr\/app\/wp-json\/wp\/v2\/media?parent=700985"}],"wp:term":[{"taxonomy":"product_brand","embeddable":true,"href":"https:\/\/streetmarkets.fr\/app\/wp-json\/wp\/v2\/product_brand?post=700985"},{"taxonomy":"product_cat","embeddable":true,"href":"https:\/\/streetmarkets.fr\/app\/wp-json\/wp\/v2\/product_cat?post=700985"},{"taxonomy":"product_tag","embeddable":true,"href":"https:\/\/streetmarkets.fr\/app\/wp-json\/wp\/v2\/product_tag?post=700985"}],"curies":[{"name":"wp","href":"https:\/\/api.w.org\/{rel}","templated":true}]}}