{"id":700966,"date":"2024-10-15T10:26:20","date_gmt":"2024-10-15T08:26:20","guid":{"rendered":"https:\/\/streetmarkets.fr\/app\/produit\/grande-pince-a-cheveux-pensees-mauves\/"},"modified":"2024-10-15T10:27:10","modified_gmt":"2024-10-15T08:27:10","slug":"grande-pince-a-cheveux-pensees-mauves","status":"publish","type":"product","link":"https:\/\/streetmarkets.fr\/app\/produit\/grande-pince-a-cheveux-pensees-mauves\/","title":{"rendered":"Grande Pince \u00e0 cheveux Pens\u00e9es mauves"},"content":{"rendered":"<p>Grande Pince \u00e0 cheveux Pens\u00e9es mauves Coucou Suzette durable et \u00e9thique \u2713 Livraison rapide &amp; paiement en x3 ou x4.<\/p>\n<div id=\"product-description-tab-content\" class=\"product-description-tab-content tab-pane active\">\n<p class=\"MsoNormal\">Une pince \u00e0 cheveux compos\u00e9e de trois belles pens\u00e9es mauves nacr\u00e9es pour rendre votre chignon spectaculaire.<\/p>\n<p class=\"MsoNormal\">La touche de couleur pop qui manquait \u00e0 votre look !<\/p>\n<p class=\"MsoNormal\"><span style=\"letter-spacing:0.6px\">Pince \u00e0 cheveux fleurie de couleur lila clair et violet fonc\u00e9 faite \u00e0 partir d&#8217;ac\u00e9tate de cellulose.<\/span><\/p>\n<p class=\"MsoNormal\"><span style=\"background-color:#fafbfc;color:#000000;font-family:Verdana, Arial, Helvetica, sans-serif;font-size:11px\">Pince \u00e0 cheveux fleurs en ac\u00e9tate de cellulose recycl\u00e9e &amp; biod\u00e9gradable (eco-friendly).<\/span><\/p>\n<div class=\"rte\"><\/div>\n<p>Marque : Coucou Suzette<\/p><\/div>\n","protected":false},"excerpt":{"rendered":"<p>Grande Pince \u00e0 cheveux Pens\u00e9es mauves Coucou Suzette durable et \u00e9thique \u2713 Livraison rapide &amp; paiement en x3 ou x4. Une pince \u00e0 cheveux compos\u00e9e de trois belles pens\u00e9es mauves nacr\u00e9es pour rendre votre chignon spectaculaire. La touche de couleur pop qui manquait \u00e0 votre look ! Pince \u00e0 cheveux fleurie de couleur lila clair [&hellip;]<\/p>\n","protected":false},"featured_media":700967,"comment_status":"open","ping_status":"closed","template":"","meta":[],"product_brand":[],"product_cat":[1756,1764],"product_tag":[2244],"acf":[],"_links":{"self":[{"href":"https:\/\/streetmarkets.fr\/app\/wp-json\/wp\/v2\/product\/700966"}],"collection":[{"href":"https:\/\/streetmarkets.fr\/app\/wp-json\/wp\/v2\/product"}],"about":[{"href":"https:\/\/streetmarkets.fr\/app\/wp-json\/wp\/v2\/types\/product"}],"replies":[{"embeddable":true,"href":"https:\/\/streetmarkets.fr\/app\/wp-json\/wp\/v2\/comments?post=700966"}],"wp:featuredmedia":[{"embeddable":true,"href":"https:\/\/streetmarkets.fr\/app\/wp-json\/wp\/v2\/media\/700967"}],"wp:attachment":[{"href":"https:\/\/streetmarkets.fr\/app\/wp-json\/wp\/v2\/media?parent=700966"}],"wp:term":[{"taxonomy":"product_brand","embeddable":true,"href":"https:\/\/streetmarkets.fr\/app\/wp-json\/wp\/v2\/product_brand?post=700966"},{"taxonomy":"product_cat","embeddable":true,"href":"https:\/\/streetmarkets.fr\/app\/wp-json\/wp\/v2\/product_cat?post=700966"},{"taxonomy":"product_tag","embeddable":true,"href":"https:\/\/streetmarkets.fr\/app\/wp-json\/wp\/v2\/product_tag?post=700966"}],"curies":[{"name":"wp","href":"https:\/\/api.w.org\/{rel}","templated":true}]}}