{"id":700962,"date":"2024-10-15T10:26:20","date_gmt":"2024-10-15T08:26:20","guid":{"rendered":"https:\/\/streetmarkets.fr\/app\/produit\/pince-a-cheveux-tournesol\/"},"modified":"2024-10-15T10:27:10","modified_gmt":"2024-10-15T08:27:10","slug":"pince-a-cheveux-tournesol","status":"publish","type":"product","link":"https:\/\/streetmarkets.fr\/app\/produit\/pince-a-cheveux-tournesol\/","title":{"rendered":"Pince \u00e0 cheveux Tournesol"},"content":{"rendered":"<p>D\u00e9couvrez la pince \u00e0 cheveux en forme de tournesol de la marque Coucou Suzette chez Mamamushi.<br \/>\nClick and collect disponible, livraison &amp; paiement s\u00e9curis\u00e9.<\/p>\n<div id=\"product-description-tab-content\" class=\"product-description-tab-content tab-pane active\">\n<p class=\"MsoNormal\">Le tournesol, la jolie fleur jaune qui ressemble au soleil, si inspirante\u2026<\/p>\n<p class=\"MsoNormal\">Van Gogh les a immortalis\u00e9s sur la toile, de notre c\u00f4t\u00e9 nous en avons fait de jolies pinces \u00e0 cheveux dans un esprit un peu r\u00e9tro comme on aime !<\/p>\n<p class=\"MsoNormal\">L\u2019accessoire rigolo parfait pour illuminer votre casual monday un peu terne.<\/p>\n<p class=\"MsoNormal\">Pince \u00e0 cheveux fleurs en ac\u00e9tate de cellulose recycl\u00e9e &amp; biod\u00e9gradable (eco-friendly).<\/p>\n<div class=\"rte\"><\/div>\n<p>Marque : Coucou Suzette<\/p><\/div>\n","protected":false},"excerpt":{"rendered":"<p>D\u00e9couvrez la pince \u00e0 cheveux en forme de tournesol de la marque Coucou Suzette chez Mamamushi. Click and collect disponible, livraison &amp; paiement s\u00e9curis\u00e9. Le tournesol, la jolie fleur jaune qui ressemble au soleil, si inspirante\u2026 Van Gogh les a immortalis\u00e9s sur la toile, de notre c\u00f4t\u00e9 nous en avons fait de jolies pinces \u00e0 [&hellip;]<\/p>\n","protected":false},"featured_media":700963,"comment_status":"open","ping_status":"closed","template":"","meta":[],"product_brand":[],"product_cat":[1756,1764],"product_tag":[2244],"acf":[],"_links":{"self":[{"href":"https:\/\/streetmarkets.fr\/app\/wp-json\/wp\/v2\/product\/700962"}],"collection":[{"href":"https:\/\/streetmarkets.fr\/app\/wp-json\/wp\/v2\/product"}],"about":[{"href":"https:\/\/streetmarkets.fr\/app\/wp-json\/wp\/v2\/types\/product"}],"replies":[{"embeddable":true,"href":"https:\/\/streetmarkets.fr\/app\/wp-json\/wp\/v2\/comments?post=700962"}],"wp:featuredmedia":[{"embeddable":true,"href":"https:\/\/streetmarkets.fr\/app\/wp-json\/wp\/v2\/media\/700963"}],"wp:attachment":[{"href":"https:\/\/streetmarkets.fr\/app\/wp-json\/wp\/v2\/media?parent=700962"}],"wp:term":[{"taxonomy":"product_brand","embeddable":true,"href":"https:\/\/streetmarkets.fr\/app\/wp-json\/wp\/v2\/product_brand?post=700962"},{"taxonomy":"product_cat","embeddable":true,"href":"https:\/\/streetmarkets.fr\/app\/wp-json\/wp\/v2\/product_cat?post=700962"},{"taxonomy":"product_tag","embeddable":true,"href":"https:\/\/streetmarkets.fr\/app\/wp-json\/wp\/v2\/product_tag?post=700962"}],"curies":[{"name":"wp","href":"https:\/\/api.w.org\/{rel}","templated":true}]}}