{"id":700956,"date":"2024-10-15T10:26:19","date_gmt":"2024-10-15T08:26:19","guid":{"rendered":"https:\/\/streetmarkets.fr\/app\/produit\/pince-a-cheveux-paquerette-petit-modele\/"},"modified":"2024-10-15T10:27:10","modified_gmt":"2024-10-15T08:27:10","slug":"pince-a-cheveux-paquerette-petit-modele","status":"publish","type":"product","link":"https:\/\/streetmarkets.fr\/app\/produit\/pince-a-cheveux-paquerette-petit-modele\/","title":{"rendered":"Pince \u00e0 cheveux P\u00e2querette Petit Mod\u00e8le"},"content":{"rendered":"<p>Pince \u00e0 cheveux P\u00e2querette Petit Mod\u00e8le Coucou Suzette durable et \u00e9thique \u2713 Livraison rapide &amp; paiement en x3 ou x4.<\/p>\n<div id=\"product-description-tab-content\" class=\"product-description-tab-content tab-pane active\">\n<p class=\"MsoNormal\">\n<\/p>\n<div class=\"rte\">Une jolie pince \u00e0 cheveux p\u00e2querette blanche et jaune qui nous rappelle ces petites barrettes papillons qu&#8217;on avait toutes dans les ann\u00e9es 90 (n&#8217;est ce pas!?) et qu\u2019on portait par 5 ou 6 avec une raie zig zag.<\/div>\n<div class=\"rte\"><\/div>\n<div class=\"rte\">On pr\u00e9f\u00e8rera quand m\u00eame la version plus moderne et \u00e9l\u00e9gante!<\/div>\n<div class=\"rte\"><\/div>\n<div class=\"rte\">Pince \u00e0 cheveux fleurs en ac\u00e9tate de cellulose recycl\u00e9e &amp; biod\u00e9gradable (eco-friendly).<\/div>\n<div class=\"rte\"><\/div>\n<p>Marque : Coucou Suzette<\/p><\/div>\n","protected":false},"excerpt":{"rendered":"<p>Pince \u00e0 cheveux P\u00e2querette Petit Mod\u00e8le Coucou Suzette durable et \u00e9thique \u2713 Livraison rapide &amp; paiement en x3 ou x4. Une jolie pince \u00e0 cheveux p\u00e2querette blanche et jaune qui nous rappelle ces petites barrettes papillons qu&#8217;on avait toutes dans les ann\u00e9es 90 (n&#8217;est ce pas!?) et qu\u2019on portait par 5 ou 6 avec une [&hellip;]<\/p>\n","protected":false},"featured_media":700957,"comment_status":"open","ping_status":"closed","template":"","meta":[],"product_brand":[],"product_cat":[1756,1764],"product_tag":[2244],"acf":[],"_links":{"self":[{"href":"https:\/\/streetmarkets.fr\/app\/wp-json\/wp\/v2\/product\/700956"}],"collection":[{"href":"https:\/\/streetmarkets.fr\/app\/wp-json\/wp\/v2\/product"}],"about":[{"href":"https:\/\/streetmarkets.fr\/app\/wp-json\/wp\/v2\/types\/product"}],"replies":[{"embeddable":true,"href":"https:\/\/streetmarkets.fr\/app\/wp-json\/wp\/v2\/comments?post=700956"}],"wp:featuredmedia":[{"embeddable":true,"href":"https:\/\/streetmarkets.fr\/app\/wp-json\/wp\/v2\/media\/700957"}],"wp:attachment":[{"href":"https:\/\/streetmarkets.fr\/app\/wp-json\/wp\/v2\/media?parent=700956"}],"wp:term":[{"taxonomy":"product_brand","embeddable":true,"href":"https:\/\/streetmarkets.fr\/app\/wp-json\/wp\/v2\/product_brand?post=700956"},{"taxonomy":"product_cat","embeddable":true,"href":"https:\/\/streetmarkets.fr\/app\/wp-json\/wp\/v2\/product_cat?post=700956"},{"taxonomy":"product_tag","embeddable":true,"href":"https:\/\/streetmarkets.fr\/app\/wp-json\/wp\/v2\/product_tag?post=700956"}],"curies":[{"name":"wp","href":"https:\/\/api.w.org\/{rel}","templated":true}]}}