{"id":700952,"date":"2024-10-15T10:26:19","date_gmt":"2024-10-15T08:26:19","guid":{"rendered":"https:\/\/streetmarkets.fr\/app\/produit\/pince-a-cheveux-coquelicot\/"},"modified":"2024-10-15T10:27:09","modified_gmt":"2024-10-15T08:27:09","slug":"pince-a-cheveux-coquelicot","status":"publish","type":"product","link":"https:\/\/streetmarkets.fr\/app\/produit\/pince-a-cheveux-coquelicot\/","title":{"rendered":"Pince \u00e0 cheveux Coquelicot"},"content":{"rendered":"<p>Pince \u00e0 cheveux Coquelicot Coucou Suzette durable et \u00e9thique \u2713 Livraison rapide &amp; paiement en x3 ou x4.<\/p>\n<div class=\"rte\"><\/div>\n<div id=\"product-description-tab-content\" class=\"product-description-tab-content tab-pane active\">\n<p class=\"rte\">Un beau coquelicot rouge vif au pistil noir iris\u00e9 et aux d\u00e9tails dor\u00e9s pour maintenir \u00e9l\u00e9gamment votre crini\u00e8re indomptable.<\/p>\n<p class=\"rte\">Cette pince \u00e0 cheveux fleurie ne manquera pas de faire sortir quelques curieux de leur ruche!<\/p>\n<p class=\"rte\">Pince \u00e0 cheveux fleurs en ac\u00e9tate de cellulose recycl\u00e9e &amp; biod\u00e9gradable (eco-friendly).<\/p>\n<div class=\"rte\"><\/div>\n<p>Marque : Coucou Suzette<\/p><\/div>\n","protected":false},"excerpt":{"rendered":"<p>Pince \u00e0 cheveux Coquelicot Coucou Suzette durable et \u00e9thique \u2713 Livraison rapide &amp; paiement en x3 ou x4. Un beau coquelicot rouge vif au pistil noir iris\u00e9 et aux d\u00e9tails dor\u00e9s pour maintenir \u00e9l\u00e9gamment votre crini\u00e8re indomptable. Cette pince \u00e0 cheveux fleurie ne manquera pas de faire sortir quelques curieux de leur ruche! Pince \u00e0 [&hellip;]<\/p>\n","protected":false},"featured_media":700953,"comment_status":"open","ping_status":"closed","template":"","meta":[],"product_brand":[],"product_cat":[1756,1764],"product_tag":[2244],"acf":[],"_links":{"self":[{"href":"https:\/\/streetmarkets.fr\/app\/wp-json\/wp\/v2\/product\/700952"}],"collection":[{"href":"https:\/\/streetmarkets.fr\/app\/wp-json\/wp\/v2\/product"}],"about":[{"href":"https:\/\/streetmarkets.fr\/app\/wp-json\/wp\/v2\/types\/product"}],"replies":[{"embeddable":true,"href":"https:\/\/streetmarkets.fr\/app\/wp-json\/wp\/v2\/comments?post=700952"}],"wp:featuredmedia":[{"embeddable":true,"href":"https:\/\/streetmarkets.fr\/app\/wp-json\/wp\/v2\/media\/700953"}],"wp:attachment":[{"href":"https:\/\/streetmarkets.fr\/app\/wp-json\/wp\/v2\/media?parent=700952"}],"wp:term":[{"taxonomy":"product_brand","embeddable":true,"href":"https:\/\/streetmarkets.fr\/app\/wp-json\/wp\/v2\/product_brand?post=700952"},{"taxonomy":"product_cat","embeddable":true,"href":"https:\/\/streetmarkets.fr\/app\/wp-json\/wp\/v2\/product_cat?post=700952"},{"taxonomy":"product_tag","embeddable":true,"href":"https:\/\/streetmarkets.fr\/app\/wp-json\/wp\/v2\/product_tag?post=700952"}],"curies":[{"name":"wp","href":"https:\/\/api.w.org\/{rel}","templated":true}]}}