{"id":700945,"date":"2024-10-15T10:26:19","date_gmt":"2024-10-15T08:26:19","guid":{"rendered":"https:\/\/streetmarkets.fr\/app\/produit\/chaussettes-fourres-coeur\/"},"modified":"2024-10-15T10:27:09","modified_gmt":"2024-10-15T08:27:09","slug":"chaussettes-fourres-coeur","status":"publish","type":"product","link":"https:\/\/streetmarkets.fr\/app\/produit\/chaussettes-fourres-coeur\/","title":{"rendered":"Chaussettes fourr\u00e9s coeur"},"content":{"rendered":"<p>Chaussettes fourr\u00e9s coeur Coucou Suzette durable et \u00e9thique \u2713 Livraison rapide &amp; paiement en x3 ou x4.<\/p>\n<p style=\"margin:0px;font-size:13px;line-height:normal;font-family:'Helvetica Neue'\">La plus grande joie de l\u2019hiver : vivre emmitoufl\u00e9.e pardi !<\/p>\n<p style=\"margin:0px;font-size:13px;line-height:normal;font-family:'Helvetica Neue'\">\n<p style=\"margin:0px;font-size:13px;line-height:normal;font-family:'Helvetica Neue'\">Pour cela, rien de mieux qu\u2019une bonne paire de chaussons \u00e0 motifs, ultra moelleux et cosy &amp; couverts de jolis c\u0153urs rouges.<\/p>\n<p style=\"margin:0px;font-size:13px;line-height:normal;font-family:'Helvetica Neue'\">\u00c0 l\u2019int\u00e9rieur, une incroyable moumoute douce comme un nuage et sous nos pieds, des petites pastilles anti-d\u00e9rapantes pour continuer de swinguer dans son salon sans risquer la chuchute.<\/p>\n<p style=\"margin:0px;font-size:13px;line-height:normal;font-family:'Helvetica Neue'\">\n<p style=\"margin:0px;font-size:13px;line-height:normal;font-family:'Helvetica Neue'\">Un cadeau id\u00e9al pour ne plus subir les pieds gel\u00e9s de votre moiti\u00e9 sous la couette.<\/p>\n<p style=\"margin:0px;font-size:13px;line-height:normal;font-family:'Helvetica Neue'\">Taille unique, convient du 35 au 39.<\/p>\n<p style=\"margin:0px;font-size:13px;line-height:normal;font-family:'Helvetica Neue'\">\n<p style=\"margin:0px;font-size:13px;line-height:normal;font-family:'Helvetica Neue'\">Composition : 30,1% Polyester, 69,9% Acrylique<\/p>\n","protected":false},"excerpt":{"rendered":"<p>Chaussettes fourr\u00e9s coeur Coucou Suzette durable et \u00e9thique \u2713 Livraison rapide &amp; paiement en x3 ou x4. La plus grande joie de l\u2019hiver : vivre emmitoufl\u00e9.e pardi ! Pour cela, rien de mieux qu\u2019une bonne paire de chaussons \u00e0 motifs, ultra moelleux et cosy &amp; couverts de jolis c\u0153urs rouges. \u00c0 l\u2019int\u00e9rieur, une incroyable moumoute [&hellip;]<\/p>\n","protected":false},"featured_media":700946,"comment_status":"open","ping_status":"closed","template":"","meta":[],"product_brand":[],"product_cat":[1756,1764],"product_tag":[2244],"acf":[],"_links":{"self":[{"href":"https:\/\/streetmarkets.fr\/app\/wp-json\/wp\/v2\/product\/700945"}],"collection":[{"href":"https:\/\/streetmarkets.fr\/app\/wp-json\/wp\/v2\/product"}],"about":[{"href":"https:\/\/streetmarkets.fr\/app\/wp-json\/wp\/v2\/types\/product"}],"replies":[{"embeddable":true,"href":"https:\/\/streetmarkets.fr\/app\/wp-json\/wp\/v2\/comments?post=700945"}],"wp:featuredmedia":[{"embeddable":true,"href":"https:\/\/streetmarkets.fr\/app\/wp-json\/wp\/v2\/media\/700946"}],"wp:attachment":[{"href":"https:\/\/streetmarkets.fr\/app\/wp-json\/wp\/v2\/media?parent=700945"}],"wp:term":[{"taxonomy":"product_brand","embeddable":true,"href":"https:\/\/streetmarkets.fr\/app\/wp-json\/wp\/v2\/product_brand?post=700945"},{"taxonomy":"product_cat","embeddable":true,"href":"https:\/\/streetmarkets.fr\/app\/wp-json\/wp\/v2\/product_cat?post=700945"},{"taxonomy":"product_tag","embeddable":true,"href":"https:\/\/streetmarkets.fr\/app\/wp-json\/wp\/v2\/product_tag?post=700945"}],"curies":[{"name":"wp","href":"https:\/\/api.w.org\/{rel}","templated":true}]}}