{"id":700897,"date":"2024-10-15T10:26:17","date_gmt":"2024-10-15T08:26:17","guid":{"rendered":"https:\/\/streetmarkets.fr\/app\/produit\/barrette-bichette-au-choix\/"},"modified":"2024-10-15T10:27:09","modified_gmt":"2024-10-15T08:27:09","slug":"barrette-bichette-au-choix","status":"publish","type":"product","link":"https:\/\/streetmarkets.fr\/app\/produit\/barrette-bichette-au-choix\/","title":{"rendered":"Barrette Bichette (au choix)"},"content":{"rendered":"<p>Barrette Bichette (au choix) Gypso durable et \u00e9thique \u2713 Livraison rapide &amp; paiement en x3 ou x4.<\/p>\n<p style=\"margin:0px;font-size:13px;line-height:normal;font-family:'Helvetica Neue'\">Parce que le petit coeur, c\u2019est l\u2019amour, c\u2019est l\u2019amiti\u00e9, c\u2019est la vie !<\/p>\n<p style=\"margin:0px;font-size:13px;line-height:normal;font-family:'Helvetica Neue'\">Et ce petit coeur saura se glisser dans les cheveux des petites filles comme des plus grandes.<\/p>\n<p style=\"margin:0px;font-size:13px;line-height:normal;font-family:'Helvetica Neue'\">\n<p style=\"margin:0px;font-size:13px;line-height:normal;font-family:'Helvetica Neue'\">Une barrette \u00e0 se pr\u00eater entre m\u00e8re et fille.<\/p>\n<p style=\"margin:0px;font-size:13px;line-height:normal;font-family:'Helvetica Neue'\">\n<p style=\"margin:0px;font-size:13px;line-height:normal;font-family:'Helvetica Neue'\">Une pince m\u00e8che pleine de Love qui tiendra dans tous les cheveux, m\u00eame les plus fins.<\/p>\n<p style=\"margin:0px;font-size:13px;line-height:normal;font-family:'Helvetica Neue'\">\n<p style=\"margin:0px;font-size:13px;line-height:normal;font-family:'Helvetica Neue'\">\u00a0Mati\u00e8re : Laiton<\/p>\n<p style=\"margin:0px;font-size:13px;line-height:normal;font-family:'Helvetica Neue'\">Type barrette : Clip lisette 6 cm (origine Italie)<\/p>\n<p style=\"margin:0px;font-size:13px;line-height:normal;font-family:'Helvetica Neue'\">Dorure : Dor\u00e9 \u00e0 l&#8217;or fin 24 CARATS<\/p>\n<p style=\"margin:0px;font-size:13px;line-height:normal;font-family:'Helvetica Neue'\">\n","protected":false},"excerpt":{"rendered":"<p>Barrette Bichette (au choix) Gypso durable et \u00e9thique \u2713 Livraison rapide &amp; paiement en x3 ou x4. Parce que le petit coeur, c\u2019est l\u2019amour, c\u2019est l\u2019amiti\u00e9, c\u2019est la vie ! Et ce petit coeur saura se glisser dans les cheveux des petites filles comme des plus grandes. Une barrette \u00e0 se pr\u00eater entre m\u00e8re et [&hellip;]<\/p>\n","protected":false},"featured_media":700898,"comment_status":"open","ping_status":"closed","template":"","meta":[],"product_brand":[],"product_cat":[1756,1764],"product_tag":[2244],"acf":[],"_links":{"self":[{"href":"https:\/\/streetmarkets.fr\/app\/wp-json\/wp\/v2\/product\/700897"}],"collection":[{"href":"https:\/\/streetmarkets.fr\/app\/wp-json\/wp\/v2\/product"}],"about":[{"href":"https:\/\/streetmarkets.fr\/app\/wp-json\/wp\/v2\/types\/product"}],"replies":[{"embeddable":true,"href":"https:\/\/streetmarkets.fr\/app\/wp-json\/wp\/v2\/comments?post=700897"}],"wp:featuredmedia":[{"embeddable":true,"href":"https:\/\/streetmarkets.fr\/app\/wp-json\/wp\/v2\/media\/700898"}],"wp:attachment":[{"href":"https:\/\/streetmarkets.fr\/app\/wp-json\/wp\/v2\/media?parent=700897"}],"wp:term":[{"taxonomy":"product_brand","embeddable":true,"href":"https:\/\/streetmarkets.fr\/app\/wp-json\/wp\/v2\/product_brand?post=700897"},{"taxonomy":"product_cat","embeddable":true,"href":"https:\/\/streetmarkets.fr\/app\/wp-json\/wp\/v2\/product_cat?post=700897"},{"taxonomy":"product_tag","embeddable":true,"href":"https:\/\/streetmarkets.fr\/app\/wp-json\/wp\/v2\/product_tag?post=700897"}],"curies":[{"name":"wp","href":"https:\/\/api.w.org\/{rel}","templated":true}]}}