{"id":700889,"date":"2024-10-15T10:26:17","date_gmt":"2024-10-15T08:26:17","guid":{"rendered":"https:\/\/streetmarkets.fr\/app\/produit\/sac-banane-custine-even-wilder-tribe-au-choix\/"},"modified":"2024-10-15T10:27:09","modified_gmt":"2024-10-15T08:27:09","slug":"sac-banane-custine-even-wilder-tribe-au-choix","status":"publish","type":"product","link":"https:\/\/streetmarkets.fr\/app\/produit\/sac-banane-custine-even-wilder-tribe-au-choix\/","title":{"rendered":"Sac banane Custine Even Wilder Tribe (au choix)"},"content":{"rendered":"<p>Sac banane Custine Even Wilder Tribe (au choix) Rive Droite durable et \u00e9thique \u2713 Livraison rapide &amp; paiement en x3 ou x4.<\/p>\n<p style=\"margin:0px 0px 25px;font-family:SimplonNorm, sans-serif;font-size:15px\">Pour la 2 \u00e8re fois chez Rivedroite, l&#8217;imprim\u00e9 prend le dessus avec la collection Even Wilder Tribe, une collection sauvage d\u00e9clin\u00e9e en 2 motifs, L\u00e9opard et Z\u00e8bre, en deux nouvelle couleur , moutarde et rouge,\u00a0tous deux r\u00e9alis\u00e9s par l&#8217;artiste fran\u00e7aise Natacha Paschal.\u00a0<\/p>\n<p style=\"margin:0px 0px 25px;font-family:SimplonNorm, sans-serif;font-size:15px\">D\u00e9couvrez d\u00e8s \u00e0 pr\u00e9sent les iconiques Rivedroite dans leur version even Wilder Tribe : des essentiels qui donneront le twist parfait \u00e0 tous vos looks de rentr\u00e9e.<\/p>\n<p style=\"margin:0px;font-family:SimplonNorm, sans-serif;font-size:15px\">Avec sa forme arrondie, son grand compartiment principal, Custine le sac banane\u00a0va vite remplacer votre sac \u00e0 main. Cl\u00e9s, portefeuille, t\u00e9l\u00e9phone, make-up, vous pouvez y ranger vos essentiels tout en gardant les mains libres.\u00a0<br \/>Sa anse s&#8217;ajuste facilement pour pouvoir le porter en bandouli\u00e8re ou \u00e0 la taille selon vos envies.<\/p>\n<p>Les doublures de cette collection sont unies de couleur noires et toujours issues de fins de stocks de tissus de l&#8217;industrie textile.<\/p>\n<p style=\"margin:0px;font-family:SimplonNorm, sans-serif;font-size:15px\">\n<ul style=\"margin:0px 0px 0px 30px;padding:0px;font-family:SimplonNorm, sans-serif;font-size:15px\">\n<li style=\"margin-bottom:0.25em\"><span>Composition<\/span>\u00a0:\u00a0\u00a0<span>Coton recycl\u00e9 &#8211; 84% Coton &amp; 16% Polyester<\/span><\/li>\n<li style=\"margin-bottom:0.25em\"><span>Emballage :\u00a0<\/span>Ce produit est emball\u00e9 avec soin dans un pochon en coton r\u00e9utilisable avec un lien coulissant<\/li>\n<li style=\"margin-bottom:0.25em\"><span>Doublure<\/span>\u00a0:\u00a0<span>100% polycoton upcycl\u00e9<\/span><\/li>\n<li style=\"margin-bottom:0.25em\"><span>Dimensions<\/span>\u00a0:\u00a0\u00a0<span>L25 x H17cm. Tour de taille maximum 112cm. Tour de taille minimum 62cm.<\/span><\/li>\n<li style=\"margin-bottom:0.25em\"><span>Conseils d&#8217;entretien<\/span>\u00a0:\u00a0<span>\u00a0Lavage seul en machine \u00e0 froid, programme fragile. Repasser sur l&#8217;envers.<\/span><\/li>\n<\/ul>\n<p>Marque : Rive Droite<\/p>\n","protected":false},"excerpt":{"rendered":"<p>Sac banane Custine Even Wilder Tribe (au choix) Rive Droite durable et \u00e9thique \u2713 Livraison rapide &amp; paiement en x3 ou x4. Pour la 2 \u00e8re fois chez Rivedroite, l&#8217;imprim\u00e9 prend le dessus avec la collection Even Wilder Tribe, une collection sauvage d\u00e9clin\u00e9e en 2 motifs, L\u00e9opard et Z\u00e8bre, en deux nouvelle couleur , moutarde [&hellip;]<\/p>\n","protected":false},"featured_media":700890,"comment_status":"open","ping_status":"closed","template":"","meta":[],"product_brand":[],"product_cat":[1756,1764],"product_tag":[2244],"acf":[],"_links":{"self":[{"href":"https:\/\/streetmarkets.fr\/app\/wp-json\/wp\/v2\/product\/700889"}],"collection":[{"href":"https:\/\/streetmarkets.fr\/app\/wp-json\/wp\/v2\/product"}],"about":[{"href":"https:\/\/streetmarkets.fr\/app\/wp-json\/wp\/v2\/types\/product"}],"replies":[{"embeddable":true,"href":"https:\/\/streetmarkets.fr\/app\/wp-json\/wp\/v2\/comments?post=700889"}],"wp:featuredmedia":[{"embeddable":true,"href":"https:\/\/streetmarkets.fr\/app\/wp-json\/wp\/v2\/media\/700890"}],"wp:attachment":[{"href":"https:\/\/streetmarkets.fr\/app\/wp-json\/wp\/v2\/media?parent=700889"}],"wp:term":[{"taxonomy":"product_brand","embeddable":true,"href":"https:\/\/streetmarkets.fr\/app\/wp-json\/wp\/v2\/product_brand?post=700889"},{"taxonomy":"product_cat","embeddable":true,"href":"https:\/\/streetmarkets.fr\/app\/wp-json\/wp\/v2\/product_cat?post=700889"},{"taxonomy":"product_tag","embeddable":true,"href":"https:\/\/streetmarkets.fr\/app\/wp-json\/wp\/v2\/product_tag?post=700889"}],"curies":[{"name":"wp","href":"https:\/\/api.w.org\/{rel}","templated":true}]}}