{"id":700879,"date":"2024-10-15T10:26:16","date_gmt":"2024-10-15T08:26:16","guid":{"rendered":"https:\/\/streetmarkets.fr\/app\/produit\/chaussettes-a-mots-doux-enfant-au-choix\/"},"modified":"2024-10-15T10:27:08","modified_gmt":"2024-10-15T08:27:08","slug":"chaussettes-a-mots-doux-enfant-au-choix","status":"publish","type":"product","link":"https:\/\/streetmarkets.fr\/app\/produit\/chaussettes-a-mots-doux-enfant-au-choix\/","title":{"rendered":"Chaussettes \u00e0 mots doux enfant (au choix)"},"content":{"rendered":"<p>Chaussettes \u00e0 mots doux enfant (au choix) F\u00e9licie Aussi durable et \u00e9thique \u2713 Livraison rapide &amp; paiement en x3 ou x4.<\/p>\n<p class=\"p2\">Chaussettes en coton\u00a0douillet bleu fabriqu\u00e9es\u00a0en France !<\/p>\n<p class=\"p2\">\u2022 Plusieurs tailles disponibles (24\/26, 27\/30, 31\/34) \u00a0!<br \/>\u2022 Laver \u00e0 l&#8217;envers.<\/p>\n<p>Marque: F\u00e9licie Aussi<\/p>\n","protected":false},"excerpt":{"rendered":"<p>Chaussettes \u00e0 mots doux enfant (au choix) F\u00e9licie Aussi durable et \u00e9thique \u2713 Livraison rapide &amp; paiement en x3 ou x4. Chaussettes en coton\u00a0douillet bleu fabriqu\u00e9es\u00a0en France ! \u2022 Plusieurs tailles disponibles (24\/26, 27\/30, 31\/34) \u00a0!\u2022 Laver \u00e0 l&#8217;envers. Marque: F\u00e9licie Aussi<\/p>\n","protected":false},"featured_media":700880,"comment_status":"open","ping_status":"closed","template":"","meta":[],"product_brand":[],"product_cat":[1756,1764],"product_tag":[2244],"acf":[],"_links":{"self":[{"href":"https:\/\/streetmarkets.fr\/app\/wp-json\/wp\/v2\/product\/700879"}],"collection":[{"href":"https:\/\/streetmarkets.fr\/app\/wp-json\/wp\/v2\/product"}],"about":[{"href":"https:\/\/streetmarkets.fr\/app\/wp-json\/wp\/v2\/types\/product"}],"replies":[{"embeddable":true,"href":"https:\/\/streetmarkets.fr\/app\/wp-json\/wp\/v2\/comments?post=700879"}],"wp:featuredmedia":[{"embeddable":true,"href":"https:\/\/streetmarkets.fr\/app\/wp-json\/wp\/v2\/media\/700880"}],"wp:attachment":[{"href":"https:\/\/streetmarkets.fr\/app\/wp-json\/wp\/v2\/media?parent=700879"}],"wp:term":[{"taxonomy":"product_brand","embeddable":true,"href":"https:\/\/streetmarkets.fr\/app\/wp-json\/wp\/v2\/product_brand?post=700879"},{"taxonomy":"product_cat","embeddable":true,"href":"https:\/\/streetmarkets.fr\/app\/wp-json\/wp\/v2\/product_cat?post=700879"},{"taxonomy":"product_tag","embeddable":true,"href":"https:\/\/streetmarkets.fr\/app\/wp-json\/wp\/v2\/product_tag?post=700879"}],"curies":[{"name":"wp","href":"https:\/\/api.w.org\/{rel}","templated":true}]}}