{"id":700857,"date":"2024-10-15T10:26:15","date_gmt":"2024-10-15T08:26:15","guid":{"rendered":"https:\/\/streetmarkets.fr\/app\/produit\/elastiques-et-porte-stylos-au-choix\/"},"modified":"2024-10-15T10:27:08","modified_gmt":"2024-10-15T08:27:08","slug":"elastiques-et-porte-stylos-au-choix","status":"publish","type":"product","link":"https:\/\/streetmarkets.fr\/app\/produit\/elastiques-et-porte-stylos-au-choix\/","title":{"rendered":"\u00c9lastiques et porte stylos (au choix)"},"content":{"rendered":"<p>\u00c9lastiques et porte stylos (au choix) Papier Tigre durable et \u00e9thique \u2713 Livraison rapide &amp; paiement en x3 ou x4.<\/p>\n<p style=\"margin:0px;font-size:13px;line-height:normal;font-family:'Helvetica Neue'\">Partez loin, \u00e9crivez et dessinez, \u00e7a vous fera du bien.\u00a0<br \/>Ceci est un \u00e9lastique pour carnet avec porte-stylos.\u00a0Adaptable sur les formats A6, A5, et A4, profitez\u00a0de\u00a0deux encoches pour deux outils.<\/p>\n<p style=\"margin:0px;font-size:13px;line-height:normal;font-family:'Helvetica Neue'\">\n<p style=\"margin:0px;font-size:13px;line-height:normal;font-family:'Helvetica Neue'\">Fabriqu\u00e9 en Chine<\/p>\n","protected":false},"excerpt":{"rendered":"<p>\u00c9lastiques et porte stylos (au choix) Papier Tigre durable et \u00e9thique \u2713 Livraison rapide &amp; paiement en x3 ou x4. Partez loin, \u00e9crivez et dessinez, \u00e7a vous fera du bien.\u00a0Ceci est un \u00e9lastique pour carnet avec porte-stylos.\u00a0Adaptable sur les formats A6, A5, et A4, profitez\u00a0de\u00a0deux encoches pour deux outils. Fabriqu\u00e9 en Chine<\/p>\n","protected":false},"featured_media":700858,"comment_status":"open","ping_status":"closed","template":"","meta":[],"product_brand":[],"product_cat":[1756,1764],"product_tag":[2244],"acf":[],"_links":{"self":[{"href":"https:\/\/streetmarkets.fr\/app\/wp-json\/wp\/v2\/product\/700857"}],"collection":[{"href":"https:\/\/streetmarkets.fr\/app\/wp-json\/wp\/v2\/product"}],"about":[{"href":"https:\/\/streetmarkets.fr\/app\/wp-json\/wp\/v2\/types\/product"}],"replies":[{"embeddable":true,"href":"https:\/\/streetmarkets.fr\/app\/wp-json\/wp\/v2\/comments?post=700857"}],"wp:featuredmedia":[{"embeddable":true,"href":"https:\/\/streetmarkets.fr\/app\/wp-json\/wp\/v2\/media\/700858"}],"wp:attachment":[{"href":"https:\/\/streetmarkets.fr\/app\/wp-json\/wp\/v2\/media?parent=700857"}],"wp:term":[{"taxonomy":"product_brand","embeddable":true,"href":"https:\/\/streetmarkets.fr\/app\/wp-json\/wp\/v2\/product_brand?post=700857"},{"taxonomy":"product_cat","embeddable":true,"href":"https:\/\/streetmarkets.fr\/app\/wp-json\/wp\/v2\/product_cat?post=700857"},{"taxonomy":"product_tag","embeddable":true,"href":"https:\/\/streetmarkets.fr\/app\/wp-json\/wp\/v2\/product_tag?post=700857"}],"curies":[{"name":"wp","href":"https:\/\/api.w.org\/{rel}","templated":true}]}}