{"id":700845,"date":"2024-10-15T10:26:02","date_gmt":"2024-10-15T08:26:02","guid":{"rendered":"https:\/\/streetmarkets.fr\/app\/produit\/sac-ravina-tea-i-beliv\/"},"modified":"2026-05-10T08:37:04","modified_gmt":"2026-05-10T06:37:04","slug":"sac-ravina-tea-i-beliv","status":"publish","type":"product","link":"https:\/\/streetmarkets.fr\/app\/produit\/sac-ravina-tea-i-beliv\/","title":{"rendered":"Sac Ravina Tea &#8211; I Beliv"},"content":{"rendered":"<div class=\"flex-1 overflow-hidden\" data-mce-fragment=\"1\">\n<div class=\"react-scroll-to-bottom--css-ufyzl-79elbk h-full\" data-mce-fragment=\"1\">\n<div class=\"react-scroll-to-bottom--css-ufyzl-1n7m0yu\" data-mce-fragment=\"1\">\n<div class=\"flex flex-col text-sm pb-9\" data-mce-fragment=\"1\">\n<div class=\"w-full text-token-text-primary\" data-testid=\"conversation-turn-65\" data-mce-fragment=\"1\">\n<div class=\"px-4 py-2 justify-center text-base md:gap-6 m-auto\" data-mce-fragment=\"1\">\n<div class=\"flex flex-1 text-base mx-auto gap-3 md:px-5 lg:px-1 xl:px-5 md:max-w-3xl lg:max-w-[40rem] xl:max-w-[48rem] group final-completion\" data-mce-fragment=\"1\">\n<div class=\"relative flex w-full flex-col agent-turn\" data-mce-fragment=\"1\">\n<div class=\"flex-col gap-1 md:gap-3\" data-mce-fragment=\"1\">\n<div class=\"flex flex-grow flex-col max-w-full\" data-mce-fragment=\"1\">\n<div data-message-author-role=\"assistant\" data-message-id=\"3542a38c-40f3-4d47-b811-0f6a7e01ab6c\" class=\"min-h-[20px] text-message flex flex-col items-start gap-3 whitespace-pre-wrap break-words [.text-message+&amp;]:mt-5 overflow-x-auto\" data-mce-fragment=\"1\">\n<div class=\"markdown prose w-full break-words dark:prose-invert dark\" data-mce-fragment=\"1\">\n<p data-mce-fragment=\"1\"><span>Le sac RAVINA est \u00e9quip\u00e9 d&#8217;une fermeture par deux boutons pression aimant\u00e9s et de deux bandouli\u00e8res amovibles de longueurs diff\u00e9rentes pour une polyvalence de style. <\/span><\/p>\n<p data-mce-fragment=\"1\"><span>Il dispose \u00e9galement d&#8217;une poche plaqu\u00e9e pour ranger vos cartes. <\/span><\/p>\n<p data-mce-fragment=\"1\"><span>Fabriqu\u00e9 \u00e0 100% en raphia naturel avec des bandouli\u00e8res en cuir de z\u00e9bu tann\u00e9 v\u00e9g\u00e9talement, chaque pi\u00e8ce est enti\u00e8rement faite \u00e0 la main, avec des variations subtiles et une solidit\u00e9 garantie gr\u00e2ce \u00e0 un processus de crochetage complet.<\/span><\/p>\n<\/div>\n<\/div>\n<\/div>\n<\/div>\n<\/div>\n<\/div>\n<\/div>\n<\/div>\n<\/div>\n<\/div>\n<\/div>\n<\/div>\n<div class=\"w-full pt-2 md:pt-0 dark:border-white\/20 md:border-transparent md:dark:border-transparent md:w-[calc(100%-.5rem)]\" data-mce-fragment=\"1\">\n<div class=\"relative flex h-full flex-1 flex-col\" data-mce-fragment=\"1\">\n<div class=\"flex w-full items-center\" data-mce-fragment=\"1\"><\/div>\n<\/div>\n<\/div>\n","protected":false},"excerpt":{"rendered":"<p>Le sac RAVINA est \u00e9quip\u00e9 d&#8217;une fermeture par deux boutons pression aimant\u00e9s et de deux bandouli\u00e8res amovibles de longueurs diff\u00e9rentes pour une polyvalence de style. Il dispose \u00e9galement d&#8217;une poche plaqu\u00e9e pour ranger vos cartes. Fabriqu\u00e9 \u00e0 100% en raphia naturel avec des bandouli\u00e8res en cuir de z\u00e9bu tann\u00e9 v\u00e9g\u00e9talement, chaque pi\u00e8ce est enti\u00e8rement faite [&hellip;]<\/p>\n","protected":false},"featured_media":700846,"comment_status":"open","ping_status":"closed","template":"","meta":[],"product_brand":[],"product_cat":[1756,1764],"product_tag":[2244],"acf":[],"_links":{"self":[{"href":"https:\/\/streetmarkets.fr\/app\/wp-json\/wp\/v2\/product\/700845"}],"collection":[{"href":"https:\/\/streetmarkets.fr\/app\/wp-json\/wp\/v2\/product"}],"about":[{"href":"https:\/\/streetmarkets.fr\/app\/wp-json\/wp\/v2\/types\/product"}],"replies":[{"embeddable":true,"href":"https:\/\/streetmarkets.fr\/app\/wp-json\/wp\/v2\/comments?post=700845"}],"wp:featuredmedia":[{"embeddable":true,"href":"https:\/\/streetmarkets.fr\/app\/wp-json\/wp\/v2\/media\/700846"}],"wp:attachment":[{"href":"https:\/\/streetmarkets.fr\/app\/wp-json\/wp\/v2\/media?parent=700845"}],"wp:term":[{"taxonomy":"product_brand","embeddable":true,"href":"https:\/\/streetmarkets.fr\/app\/wp-json\/wp\/v2\/product_brand?post=700845"},{"taxonomy":"product_cat","embeddable":true,"href":"https:\/\/streetmarkets.fr\/app\/wp-json\/wp\/v2\/product_cat?post=700845"},{"taxonomy":"product_tag","embeddable":true,"href":"https:\/\/streetmarkets.fr\/app\/wp-json\/wp\/v2\/product_tag?post=700845"}],"curies":[{"name":"wp","href":"https:\/\/api.w.org\/{rel}","templated":true}]}}