{"id":700826,"date":"2024-10-15T10:26:00","date_gmt":"2024-10-15T08:26:00","guid":{"rendered":"https:\/\/streetmarkets.fr\/app\/produit\/sandales-plates-paddington-black-by-diane-perreau-mi-mai\/"},"modified":"2026-05-03T08:37:22","modified_gmt":"2026-05-03T06:37:22","slug":"sandales-plates-paddington-black-by-diane-perreau-mi-mai","status":"publish","type":"product","link":"https:\/\/streetmarkets.fr\/app\/produit\/sandales-plates-paddington-black-by-diane-perreau-mi-mai\/","title":{"rendered":"Sandales plates Paddington Black by Diane Perreau &#8211; MI\/MAI"},"content":{"rendered":"<p>Avec ses larges brides padd\u00e9es en cuir d&#8217;agneau, la mule Paddington vous apportera un confort id\u00e9al pour fl\u00e2ner cet \u00e9t\u00e9.<\/p>\n","protected":false},"excerpt":{"rendered":"<p>Avec ses larges brides padd\u00e9es en cuir d&#8217;agneau, la mule Paddington vous apportera un confort id\u00e9al pour fl\u00e2ner cet \u00e9t\u00e9.<\/p>\n","protected":false},"featured_media":700827,"comment_status":"open","ping_status":"closed","template":"","meta":[],"product_brand":[],"product_cat":[1756,1763],"product_tag":[2244],"acf":[],"_links":{"self":[{"href":"https:\/\/streetmarkets.fr\/app\/wp-json\/wp\/v2\/product\/700826"}],"collection":[{"href":"https:\/\/streetmarkets.fr\/app\/wp-json\/wp\/v2\/product"}],"about":[{"href":"https:\/\/streetmarkets.fr\/app\/wp-json\/wp\/v2\/types\/product"}],"replies":[{"embeddable":true,"href":"https:\/\/streetmarkets.fr\/app\/wp-json\/wp\/v2\/comments?post=700826"}],"wp:featuredmedia":[{"embeddable":true,"href":"https:\/\/streetmarkets.fr\/app\/wp-json\/wp\/v2\/media\/700827"}],"wp:attachment":[{"href":"https:\/\/streetmarkets.fr\/app\/wp-json\/wp\/v2\/media?parent=700826"}],"wp:term":[{"taxonomy":"product_brand","embeddable":true,"href":"https:\/\/streetmarkets.fr\/app\/wp-json\/wp\/v2\/product_brand?post=700826"},{"taxonomy":"product_cat","embeddable":true,"href":"https:\/\/streetmarkets.fr\/app\/wp-json\/wp\/v2\/product_cat?post=700826"},{"taxonomy":"product_tag","embeddable":true,"href":"https:\/\/streetmarkets.fr\/app\/wp-json\/wp\/v2\/product_tag?post=700826"}],"curies":[{"name":"wp","href":"https:\/\/api.w.org\/{rel}","templated":true}]}}