{"id":700790,"date":"2024-10-15T10:25:57","date_gmt":"2024-10-15T08:25:57","guid":{"rendered":"https:\/\/streetmarkets.fr\/app\/produit\/maillot-2-pieces-sparkling-black-lingerie-la-nouvelle\/"},"modified":"2026-05-08T08:37:11","modified_gmt":"2026-05-08T06:37:11","slug":"maillot-2-pieces-sparkling-black-lingerie-la-nouvelle","status":"publish","type":"product","link":"https:\/\/streetmarkets.fr\/app\/produit\/maillot-2-pieces-sparkling-black-lingerie-la-nouvelle\/","title":{"rendered":"Maillot 2 pi\u00e8ces sparkling black &#8211; Lingerie La Nouvelle"},"content":{"rendered":"<p>Maillot de bain 2 pi\u00e8ces en coloris sparkling black avec :\u00a0<\/p>\n<p><strong>Bandeau Eug\u00e9nie<\/strong>, qui offre un soutien optimal, m\u00eame pour les poitrines g\u00e9n\u00e9reuses, avec ses mousses amovibles et ses d\u00e9tails en lurex dor\u00e9.<\/p>\n<p>Dot\u00e9 d&#8217;une d\u00e9coupe entre les seins pour une touche de fantaisie, il propose trois styles gr\u00e2ce \u00e0 ses liens de cou ajustables : bustier pour un bronzage optimal, nou\u00e9 au-dessus de la poitrine pour une d\u00e9coupe diff\u00e9rente, ou simplement nou\u00e9 dans le cou pour un d\u00e9collet\u00e9 plus prononc\u00e9.<span data-mce-fragment=\"1\"><br \/><\/span><\/p>\n<p><strong>Culotte Georgia Beach<\/strong> : avec ses bordures dor\u00e9es et sa coupe couvrante, elle met en valeur vos formes tout en vous assurant confort et f\u00e9minit\u00e9, pour une \u00e9l\u00e9gance sans compromis en toutes circonstances.\u00a0<\/p>\n<p>Guide des tailles : Taille 2 correspond \u00e0 un 38<\/p>\n<p>Taille 3 correspond \u00e0 un 40<\/p>\n","protected":false},"excerpt":{"rendered":"<p>Maillot de bain 2 pi\u00e8ces en coloris sparkling black avec :\u00a0 Bandeau Eug\u00e9nie, qui offre un soutien optimal, m\u00eame pour les poitrines g\u00e9n\u00e9reuses, avec ses mousses amovibles et ses d\u00e9tails en lurex dor\u00e9. Dot\u00e9 d&#8217;une d\u00e9coupe entre les seins pour une touche de fantaisie, il propose trois styles gr\u00e2ce \u00e0 ses liens de cou ajustables [&hellip;]<\/p>\n","protected":false},"featured_media":700791,"comment_status":"open","ping_status":"closed","template":"","meta":[],"product_brand":[],"product_cat":[1756,1762],"product_tag":[2244],"acf":[],"_links":{"self":[{"href":"https:\/\/streetmarkets.fr\/app\/wp-json\/wp\/v2\/product\/700790"}],"collection":[{"href":"https:\/\/streetmarkets.fr\/app\/wp-json\/wp\/v2\/product"}],"about":[{"href":"https:\/\/streetmarkets.fr\/app\/wp-json\/wp\/v2\/types\/product"}],"replies":[{"embeddable":true,"href":"https:\/\/streetmarkets.fr\/app\/wp-json\/wp\/v2\/comments?post=700790"}],"wp:featuredmedia":[{"embeddable":true,"href":"https:\/\/streetmarkets.fr\/app\/wp-json\/wp\/v2\/media\/700791"}],"wp:attachment":[{"href":"https:\/\/streetmarkets.fr\/app\/wp-json\/wp\/v2\/media?parent=700790"}],"wp:term":[{"taxonomy":"product_brand","embeddable":true,"href":"https:\/\/streetmarkets.fr\/app\/wp-json\/wp\/v2\/product_brand?post=700790"},{"taxonomy":"product_cat","embeddable":true,"href":"https:\/\/streetmarkets.fr\/app\/wp-json\/wp\/v2\/product_cat?post=700790"},{"taxonomy":"product_tag","embeddable":true,"href":"https:\/\/streetmarkets.fr\/app\/wp-json\/wp\/v2\/product_tag?post=700790"}],"curies":[{"name":"wp","href":"https:\/\/api.w.org\/{rel}","templated":true}]}}