{"id":700786,"date":"2024-10-15T10:25:57","date_gmt":"2024-10-15T08:25:57","guid":{"rendered":"https:\/\/streetmarkets.fr\/app\/produit\/maillot-1-piece-helio-deep-blue-lingerie-la-nouvelle\/"},"modified":"2026-05-10T08:37:03","modified_gmt":"2026-05-10T06:37:03","slug":"maillot-1-piece-helio-deep-blue-lingerie-la-nouvelle","status":"publish","type":"product","link":"https:\/\/streetmarkets.fr\/app\/produit\/maillot-1-piece-helio-deep-blue-lingerie-la-nouvelle\/","title":{"rendered":"Maillot 1 pi\u00e8ce H\u00e9lio Deep Blue &#8211; Lingerie La Nouvelle"},"content":{"rendered":"<p>Le maillot de bain 1 pi\u00e8ce H\u00e9lio s&#8217;attache autour du cou gr\u00e2ce \u00e0 un lien, mettant en valeur la poitrine avec son d\u00e9collet\u00e9 en V.<\/p>\n<p>Son effet blous\u00e9, son drap\u00e9 \u00e9l\u00e9gant et sa coupe cache-c\u0153ur ajoutent du charme, tandis qu&#8217;un lien \u00e0 la taille structure la silhouette, formant un joli n\u0153ud \u00e0 l&#8217;avant.<\/p>\n<p>\u00c0 l&#8217;arri\u00e8re, le dos d\u00e9collet\u00e9 permet un bronzage uniforme.\u00a0<\/p>\n<p>Taille 1 correspond \u00e0 un 36<\/p>\n<p>Taille 2 correspond \u00e0 un 38<\/p>\n","protected":false},"excerpt":{"rendered":"<p>Le maillot de bain 1 pi\u00e8ce H\u00e9lio s&#8217;attache autour du cou gr\u00e2ce \u00e0 un lien, mettant en valeur la poitrine avec son d\u00e9collet\u00e9 en V. Son effet blous\u00e9, son drap\u00e9 \u00e9l\u00e9gant et sa coupe cache-c\u0153ur ajoutent du charme, tandis qu&#8217;un lien \u00e0 la taille structure la silhouette, formant un joli n\u0153ud \u00e0 l&#8217;avant. \u00c0 l&#8217;arri\u00e8re, [&hellip;]<\/p>\n","protected":false},"featured_media":700787,"comment_status":"open","ping_status":"closed","template":"","meta":[],"product_brand":[],"product_cat":[1756,1762],"product_tag":[2244],"acf":[],"_links":{"self":[{"href":"https:\/\/streetmarkets.fr\/app\/wp-json\/wp\/v2\/product\/700786"}],"collection":[{"href":"https:\/\/streetmarkets.fr\/app\/wp-json\/wp\/v2\/product"}],"about":[{"href":"https:\/\/streetmarkets.fr\/app\/wp-json\/wp\/v2\/types\/product"}],"replies":[{"embeddable":true,"href":"https:\/\/streetmarkets.fr\/app\/wp-json\/wp\/v2\/comments?post=700786"}],"wp:featuredmedia":[{"embeddable":true,"href":"https:\/\/streetmarkets.fr\/app\/wp-json\/wp\/v2\/media\/700787"}],"wp:attachment":[{"href":"https:\/\/streetmarkets.fr\/app\/wp-json\/wp\/v2\/media?parent=700786"}],"wp:term":[{"taxonomy":"product_brand","embeddable":true,"href":"https:\/\/streetmarkets.fr\/app\/wp-json\/wp\/v2\/product_brand?post=700786"},{"taxonomy":"product_cat","embeddable":true,"href":"https:\/\/streetmarkets.fr\/app\/wp-json\/wp\/v2\/product_cat?post=700786"},{"taxonomy":"product_tag","embeddable":true,"href":"https:\/\/streetmarkets.fr\/app\/wp-json\/wp\/v2\/product_tag?post=700786"}],"curies":[{"name":"wp","href":"https:\/\/api.w.org\/{rel}","templated":true}]}}