{"id":700771,"date":"2024-10-15T10:25:57","date_gmt":"2024-10-15T08:25:57","guid":{"rendered":"https:\/\/streetmarkets.fr\/app\/produit\/sac-blanc-multicolore-selection-joee\/"},"modified":"2026-05-12T08:37:23","modified_gmt":"2026-05-12T06:37:23","slug":"sac-blanc-multicolore-selection-joee","status":"publish","type":"product","link":"https:\/\/streetmarkets.fr\/app\/produit\/sac-blanc-multicolore-selection-joee\/","title":{"rendered":"Sac Blanc &amp; Multicolore &#8211; S\u00e9lection Jo\u00e9e"},"content":{"rendered":"<p>Petit sac tiss\u00e9 et crochet\u00e9 enti\u00e8rement \u00e0 la main.<br \/>&#8211; Couleur :\u00a0Blanc &amp; rayures multicolores.<\/p>\n<p>A porter en bandouli\u00e8re, ou sur l&#8217;\u00e9paule.\u00a0<br \/>L\u00e9ger et confortable.\u00a0<\/p>\n<div id=\"yui_3_17_2_1_1666296415538_431\" data-content-field=\"excerpt\" class=\"ProductItem-details-excerpt\">\n<p class=\"\">Dimensions :<strong>\u00a0<\/strong>Hauteur : 15cm \/ Diam\u00e8tre : 15cm \/ Longueur de la anse : 115cm\u00a0<\/p>\n<\/div>\n","protected":false},"excerpt":{"rendered":"<p>Petit sac tiss\u00e9 et crochet\u00e9 enti\u00e8rement \u00e0 la main.&#8211; Couleur :\u00a0Blanc &amp; rayures multicolores. A porter en bandouli\u00e8re, ou sur l&#8217;\u00e9paule.\u00a0L\u00e9ger et confortable.\u00a0 Dimensions :\u00a0Hauteur : 15cm \/ Diam\u00e8tre : 15cm \/ Longueur de la anse : 115cm\u00a0<\/p>\n","protected":false},"featured_media":700772,"comment_status":"open","ping_status":"closed","template":"","meta":[],"product_brand":[],"product_cat":[1756,1764],"product_tag":[2244],"acf":[],"_links":{"self":[{"href":"https:\/\/streetmarkets.fr\/app\/wp-json\/wp\/v2\/product\/700771"}],"collection":[{"href":"https:\/\/streetmarkets.fr\/app\/wp-json\/wp\/v2\/product"}],"about":[{"href":"https:\/\/streetmarkets.fr\/app\/wp-json\/wp\/v2\/types\/product"}],"replies":[{"embeddable":true,"href":"https:\/\/streetmarkets.fr\/app\/wp-json\/wp\/v2\/comments?post=700771"}],"wp:featuredmedia":[{"embeddable":true,"href":"https:\/\/streetmarkets.fr\/app\/wp-json\/wp\/v2\/media\/700772"}],"wp:attachment":[{"href":"https:\/\/streetmarkets.fr\/app\/wp-json\/wp\/v2\/media?parent=700771"}],"wp:term":[{"taxonomy":"product_brand","embeddable":true,"href":"https:\/\/streetmarkets.fr\/app\/wp-json\/wp\/v2\/product_brand?post=700771"},{"taxonomy":"product_cat","embeddable":true,"href":"https:\/\/streetmarkets.fr\/app\/wp-json\/wp\/v2\/product_cat?post=700771"},{"taxonomy":"product_tag","embeddable":true,"href":"https:\/\/streetmarkets.fr\/app\/wp-json\/wp\/v2\/product_tag?post=700771"}],"curies":[{"name":"wp","href":"https:\/\/api.w.org\/{rel}","templated":true}]}}