{"id":700757,"date":"2024-10-15T10:25:56","date_gmt":"2024-10-15T08:25:56","guid":{"rendered":"https:\/\/streetmarkets.fr\/app\/produit\/petit-sac-rose-en-shallah\/"},"modified":"2026-05-08T08:37:11","modified_gmt":"2026-05-08T06:37:11","slug":"petit-sac-rose-en-shallah","status":"publish","type":"product","link":"https:\/\/streetmarkets.fr\/app\/produit\/petit-sac-rose-en-shallah\/","title":{"rendered":"Petit sac rose &#8211; En Shallah"},"content":{"rendered":"<p>Petit sac \u00e0 porter en bandouli\u00e8re de coloris clair et rose.\u00a0<\/p>\n<p>La base du sac est en feuilles de palmier s\u00e9ch\u00e9es qui est ensuite crochet\u00e9e dans un atelier artisanal au Maroc.<\/p>\n<p class=\"preFade fadeIn\"><span>Anses en cuir tress\u00e9 et fermeture en cuir marron<\/span><\/p>\n<p class=\"preFade fadeIn\"><span>Hauteur\u00a0 : 18 cm<\/span><\/p>\n<p class=\"preFade fadeIn\"><span> largeur : 17 cm<\/span><\/p>\n","protected":false},"excerpt":{"rendered":"<p>Petit sac \u00e0 porter en bandouli\u00e8re de coloris clair et rose.\u00a0 La base du sac est en feuilles de palmier s\u00e9ch\u00e9es qui est ensuite crochet\u00e9e dans un atelier artisanal au Maroc. Anses en cuir tress\u00e9 et fermeture en cuir marron Hauteur\u00a0 : 18 cm largeur : 17 cm<\/p>\n","protected":false},"featured_media":700758,"comment_status":"open","ping_status":"closed","template":"","meta":[],"product_brand":[],"product_cat":[1756,1764],"product_tag":[2244],"acf":[],"_links":{"self":[{"href":"https:\/\/streetmarkets.fr\/app\/wp-json\/wp\/v2\/product\/700757"}],"collection":[{"href":"https:\/\/streetmarkets.fr\/app\/wp-json\/wp\/v2\/product"}],"about":[{"href":"https:\/\/streetmarkets.fr\/app\/wp-json\/wp\/v2\/types\/product"}],"replies":[{"embeddable":true,"href":"https:\/\/streetmarkets.fr\/app\/wp-json\/wp\/v2\/comments?post=700757"}],"wp:featuredmedia":[{"embeddable":true,"href":"https:\/\/streetmarkets.fr\/app\/wp-json\/wp\/v2\/media\/700758"}],"wp:attachment":[{"href":"https:\/\/streetmarkets.fr\/app\/wp-json\/wp\/v2\/media?parent=700757"}],"wp:term":[{"taxonomy":"product_brand","embeddable":true,"href":"https:\/\/streetmarkets.fr\/app\/wp-json\/wp\/v2\/product_brand?post=700757"},{"taxonomy":"product_cat","embeddable":true,"href":"https:\/\/streetmarkets.fr\/app\/wp-json\/wp\/v2\/product_cat?post=700757"},{"taxonomy":"product_tag","embeddable":true,"href":"https:\/\/streetmarkets.fr\/app\/wp-json\/wp\/v2\/product_tag?post=700757"}],"curies":[{"name":"wp","href":"https:\/\/api.w.org\/{rel}","templated":true}]}}