{"id":700738,"date":"2024-10-15T10:25:55","date_gmt":"2024-10-15T08:25:55","guid":{"rendered":"https:\/\/streetmarkets.fr\/app\/produit\/sac-rose-en-shalla\/"},"modified":"2026-05-10T08:37:03","modified_gmt":"2026-05-10T06:37:03","slug":"sac-rose-en-shalla","status":"publish","type":"product","link":"https:\/\/streetmarkets.fr\/app\/produit\/sac-rose-en-shalla\/","title":{"rendered":"Sac rose &#8211; En Shalla"},"content":{"rendered":"<p>Cabas avec couleur pr\u00e9dominante rose sur fond blanc \u00e0 carreaux.<\/p>\n<p>A partir d&#8217;un cabas alimentaire recycl\u00e9, celui ci est travaill\u00e9 avec des fils nylon et lurex\u00a0<\/p>\n<p>Anses en cuir rose clair avec double anse pour le porter\u00e0 la main ou \u00e9paule + une grande anse pour le porter en bandouli\u00e8re.\u00a0<\/p>\n","protected":false},"excerpt":{"rendered":"<p>Cabas avec couleur pr\u00e9dominante rose sur fond blanc \u00e0 carreaux. A partir d&#8217;un cabas alimentaire recycl\u00e9, celui ci est travaill\u00e9 avec des fils nylon et lurex\u00a0 Anses en cuir rose clair avec double anse pour le porter\u00e0 la main ou \u00e9paule + une grande anse pour le porter en bandouli\u00e8re.\u00a0<\/p>\n","protected":false},"featured_media":700739,"comment_status":"open","ping_status":"closed","template":"","meta":[],"product_brand":[],"product_cat":[1756,1764],"product_tag":[2244],"acf":[],"_links":{"self":[{"href":"https:\/\/streetmarkets.fr\/app\/wp-json\/wp\/v2\/product\/700738"}],"collection":[{"href":"https:\/\/streetmarkets.fr\/app\/wp-json\/wp\/v2\/product"}],"about":[{"href":"https:\/\/streetmarkets.fr\/app\/wp-json\/wp\/v2\/types\/product"}],"replies":[{"embeddable":true,"href":"https:\/\/streetmarkets.fr\/app\/wp-json\/wp\/v2\/comments?post=700738"}],"wp:featuredmedia":[{"embeddable":true,"href":"https:\/\/streetmarkets.fr\/app\/wp-json\/wp\/v2\/media\/700739"}],"wp:attachment":[{"href":"https:\/\/streetmarkets.fr\/app\/wp-json\/wp\/v2\/media?parent=700738"}],"wp:term":[{"taxonomy":"product_brand","embeddable":true,"href":"https:\/\/streetmarkets.fr\/app\/wp-json\/wp\/v2\/product_brand?post=700738"},{"taxonomy":"product_cat","embeddable":true,"href":"https:\/\/streetmarkets.fr\/app\/wp-json\/wp\/v2\/product_cat?post=700738"},{"taxonomy":"product_tag","embeddable":true,"href":"https:\/\/streetmarkets.fr\/app\/wp-json\/wp\/v2\/product_tag?post=700738"}],"curies":[{"name":"wp","href":"https:\/\/api.w.org\/{rel}","templated":true}]}}