{"id":700704,"date":"2024-10-15T10:25:30","date_gmt":"2024-10-15T08:25:30","guid":{"rendered":"https:\/\/streetmarkets.fr\/app\/produit\/chouchou-discollab-au-choix\/"},"modified":"2024-10-15T10:26:13","modified_gmt":"2024-10-15T08:26:13","slug":"chouchou-discollab-au-choix","status":"publish","type":"product","link":"https:\/\/streetmarkets.fr\/app\/produit\/chouchou-discollab-au-choix\/","title":{"rendered":"Chouchou Discollab (au choix)"},"content":{"rendered":"<p>Chouchou Discollab (au choix) Mamamushi Studio durable et \u00e9thique \u2713 Livraison rapide &amp; paiement en x3 ou x4.<\/p>\n<p dir=\"ltr\" style=\"line-height:1.38;margin-top:0pt;margin-bottom:12pt\"><span style=\"font-size:12pt;font-family:'Helvetica Neue', sans-serif;vertical-align:baseline\">Pour f\u00eater les 5 ans de Mamamushi, nous avons imagin\u00e9 une collection capsule: La Discollab!<\/span><\/p>\n<p dir=\"ltr\" style=\"line-height:1.38;margin-top:12pt;margin-bottom:12pt\"><span style=\"font-family:'Helvetica Neue', sans-serif;font-size:medium\"><span>Chouchou fabriqu\u00e9 dans notre atelier parisien<\/span><\/span><\/p>\n<p dir=\"ltr\" style=\"line-height:1.38;margin-top:12pt;margin-bottom:12pt\"><span style=\"font-family:'Helvetica Neue', sans-serif;font-size:medium\"><span>Exclusivit\u00e9 Mamamushi<\/span><\/span><\/p>\n<p dir=\"ltr\" style=\"line-height:1.38;margin-top:12pt;margin-bottom:12pt\"><span style=\"font-family:'Helvetica Neue', sans-serif;font-size:medium\"><span>Il existe quatre coloris:<\/span><\/span><span style=\"font-family:'Helvetica Neue', sans-serif;font-size:medium\"><span> <\/span><\/span><span style=\"font-family:'Helvetica Neue', sans-serif;font-size:medium\"><span>multicolore, or rose, or bleu\/gris, dor\u00e9<\/span><\/span><\/p>\n<p dir=\"ltr\" style=\"line-height:1.38;margin-top:12pt;margin-bottom:12pt\"><span style=\"font-family:'Helvetica Neue', sans-serif;font-size:medium\"><span>A assortir avec <\/span><\/span><span style=\"font-family:'Helvetica Neue', sans-serif;font-size:medium\"><span>le top Chioma et\/ou le pantalon Chloe de la capsule \ud83d\ude09<\/span><\/span><\/p>\n<p dir=\"ltr\" style=\"line-height:1.38;margin-top:12pt;margin-bottom:12pt\"><span style=\"font-family:'Helvetica Neue', sans-serif;font-size:medium\"><span>Pi\u00e8ces limit\u00e9es, les tissus provenant de fin de stock.<\/span><\/span><\/p>\n<p dir=\"ltr\" style=\"line-height:1.38;margin-top:12pt;margin-bottom:12pt\"><span style=\"font-family:'Helvetica Neue', sans-serif;font-size:medium\"><span>Made in france <\/span><\/span><\/p>\n<p dir=\"ltr\" style=\"line-height:1.38;margin-top:12pt;margin-bottom:12pt\"><span style=\"font-family:'Helvetica Neue', sans-serif;font-size:medium\"><span>Mati\u00e8re: 100% Polyviscose<\/span><\/span><\/p>\n","protected":false},"excerpt":{"rendered":"<p>Chouchou Discollab (au choix) Mamamushi Studio durable et \u00e9thique \u2713 Livraison rapide &amp; paiement en x3 ou x4. Pour f\u00eater les 5 ans de Mamamushi, nous avons imagin\u00e9 une collection capsule: La Discollab! Chouchou fabriqu\u00e9 dans notre atelier parisien Exclusivit\u00e9 Mamamushi Il existe quatre coloris: multicolore, or rose, or bleu\/gris, dor\u00e9 A assortir avec le [&hellip;]<\/p>\n","protected":false},"featured_media":700705,"comment_status":"open","ping_status":"closed","template":"","meta":[],"product_brand":[],"product_cat":[1756,1764],"product_tag":[2244],"acf":[],"_links":{"self":[{"href":"https:\/\/streetmarkets.fr\/app\/wp-json\/wp\/v2\/product\/700704"}],"collection":[{"href":"https:\/\/streetmarkets.fr\/app\/wp-json\/wp\/v2\/product"}],"about":[{"href":"https:\/\/streetmarkets.fr\/app\/wp-json\/wp\/v2\/types\/product"}],"replies":[{"embeddable":true,"href":"https:\/\/streetmarkets.fr\/app\/wp-json\/wp\/v2\/comments?post=700704"}],"wp:featuredmedia":[{"embeddable":true,"href":"https:\/\/streetmarkets.fr\/app\/wp-json\/wp\/v2\/media\/700705"}],"wp:attachment":[{"href":"https:\/\/streetmarkets.fr\/app\/wp-json\/wp\/v2\/media?parent=700704"}],"wp:term":[{"taxonomy":"product_brand","embeddable":true,"href":"https:\/\/streetmarkets.fr\/app\/wp-json\/wp\/v2\/product_brand?post=700704"},{"taxonomy":"product_cat","embeddable":true,"href":"https:\/\/streetmarkets.fr\/app\/wp-json\/wp\/v2\/product_cat?post=700704"},{"taxonomy":"product_tag","embeddable":true,"href":"https:\/\/streetmarkets.fr\/app\/wp-json\/wp\/v2\/product_tag?post=700704"}],"curies":[{"name":"wp","href":"https:\/\/api.w.org\/{rel}","templated":true}]}}