{"id":700699,"date":"2024-10-15T10:25:30","date_gmt":"2024-10-15T08:25:30","guid":{"rendered":"https:\/\/streetmarkets.fr\/app\/produit\/chouchou-brode-discollab\/"},"modified":"2024-10-15T10:26:13","modified_gmt":"2024-10-15T08:26:13","slug":"chouchou-brode-discollab","status":"publish","type":"product","link":"https:\/\/streetmarkets.fr\/app\/produit\/chouchou-brode-discollab\/","title":{"rendered":"Chouchou brod\u00e9 Discollab"},"content":{"rendered":"<p>Chouchou brod\u00e9 Discollab Mamamushi Studio durable et \u00e9thique \u2713 Livraison rapide &amp; paiement en x3 ou x4.<\/p>\n<p dir=\"ltr\" style=\"line-height:1.38;margin-top:0pt;margin-bottom:12pt\"><span style=\"font-size:12pt;font-family:'Helvetica Neue', sans-serif;vertical-align:baseline\">Pour f\u00eater les 5 ans de Mamamushi, nous avons imagin\u00e9 une collection capsule: La Discollab!<\/span><\/p>\n<p dir=\"ltr\" style=\"line-height:1.38;margin-top:12pt;margin-bottom:12pt\"><span style=\"font-family:'Helvetica Neue', sans-serif;font-size:medium\"><span>Chouchou fabriqu\u00e9 dans notre atelier parisien<\/span><\/span><\/p>\n<p dir=\"ltr\" style=\"line-height:1.38;margin-top:12pt;margin-bottom:12pt\"><span><span style=\"font-family:'Helvetica Neue', sans-serif;font-size:medium\"><span>Exclusivit\u00e9 Mamamushi<\/span><\/span><\/span><\/p>\n<p dir=\"ltr\" style=\"line-height:1.38;margin-top:12pt;margin-bottom:12pt\"><span><span><span style=\"font-family:'Helvetica Neue', sans-serif;font-size:medium\"><span>Il existe deux versions:<br \/><\/span><\/span><\/span><\/span><span><span><span style=\"font-family:'Helvetica Neue', sans-serif;font-size:medium\"><span>&#8211; la version brod\u00e9e &#8220;I&#8217;m coming out&#8221; avec un tissus paillet\u00e9 <\/span><\/span><\/span><\/span><span style=\"font-family:'Helvetica Neue', sans-serif;font-size:medium\"><span>multicolore <br \/><\/span><\/span><span><span style=\"font-family:'Helvetica Neue', sans-serif;font-size:medium\"><span>&#8211; la version brod\u00e9e &#8220;Last dance&#8221; avec un tissus paillet\u00e9 or rose<\/span><\/span><\/span><\/p>\n<p dir=\"ltr\" style=\"line-height:1.38;margin-top:12pt;margin-bottom:12pt\"><span><span><span style=\"font-family:'Helvetica Neue', sans-serif;font-size:medium\"><span>A assortir avec <\/span><\/span><\/span><\/span><span style=\"font-family:'Helvetica Neue', sans-serif;font-size:medium\"><span>le top Chioma et\/ou le pantalon Chloe de la capsule \ud83d\ude09<\/span><\/span><\/p>\n<p dir=\"ltr\" style=\"line-height:1.38;margin-top:12pt;margin-bottom:12pt\"><span><span><span style=\"font-family:'Helvetica Neue', sans-serif;font-size:medium\"><span>Pi\u00e8ces limit\u00e9es, les tissus provenant de fin de stock.<\/span><\/span><\/span><\/span><\/p>\n<p dir=\"ltr\" style=\"line-height:1.38;margin-top:12pt;margin-bottom:12pt\"><span><span><span><span style=\"font-family:'Helvetica Neue', sans-serif;font-size:medium\"><span>Made in france <\/span><\/span><\/span><\/span><\/span><\/p>\n","protected":false},"excerpt":{"rendered":"<p>Chouchou brod\u00e9 Discollab Mamamushi Studio durable et \u00e9thique \u2713 Livraison rapide &amp; paiement en x3 ou x4. Pour f\u00eater les 5 ans de Mamamushi, nous avons imagin\u00e9 une collection capsule: La Discollab! Chouchou fabriqu\u00e9 dans notre atelier parisien Exclusivit\u00e9 Mamamushi Il existe deux versions:&#8211; la version brod\u00e9e &#8220;I&#8217;m coming out&#8221; avec un tissus paillet\u00e9 multicolore [&hellip;]<\/p>\n","protected":false},"featured_media":700700,"comment_status":"open","ping_status":"closed","template":"","meta":[],"product_brand":[],"product_cat":[1756,1764],"product_tag":[2244],"acf":[],"_links":{"self":[{"href":"https:\/\/streetmarkets.fr\/app\/wp-json\/wp\/v2\/product\/700699"}],"collection":[{"href":"https:\/\/streetmarkets.fr\/app\/wp-json\/wp\/v2\/product"}],"about":[{"href":"https:\/\/streetmarkets.fr\/app\/wp-json\/wp\/v2\/types\/product"}],"replies":[{"embeddable":true,"href":"https:\/\/streetmarkets.fr\/app\/wp-json\/wp\/v2\/comments?post=700699"}],"wp:featuredmedia":[{"embeddable":true,"href":"https:\/\/streetmarkets.fr\/app\/wp-json\/wp\/v2\/media\/700700"}],"wp:attachment":[{"href":"https:\/\/streetmarkets.fr\/app\/wp-json\/wp\/v2\/media?parent=700699"}],"wp:term":[{"taxonomy":"product_brand","embeddable":true,"href":"https:\/\/streetmarkets.fr\/app\/wp-json\/wp\/v2\/product_brand?post=700699"},{"taxonomy":"product_cat","embeddable":true,"href":"https:\/\/streetmarkets.fr\/app\/wp-json\/wp\/v2\/product_cat?post=700699"},{"taxonomy":"product_tag","embeddable":true,"href":"https:\/\/streetmarkets.fr\/app\/wp-json\/wp\/v2\/product_tag?post=700699"}],"curies":[{"name":"wp","href":"https:\/\/api.w.org\/{rel}","templated":true}]}}