{"id":700677,"date":"2024-10-15T10:25:29","date_gmt":"2024-10-15T08:25:29","guid":{"rendered":"https:\/\/streetmarkets.fr\/app\/produit\/porte-monnaie-et-papier-au-choix\/"},"modified":"2024-10-15T10:26:13","modified_gmt":"2024-10-15T08:26:13","slug":"porte-monnaie-et-papier-au-choix","status":"publish","type":"product","link":"https:\/\/streetmarkets.fr\/app\/produit\/porte-monnaie-et-papier-au-choix\/","title":{"rendered":"Porte monnaie et papier (au choix)"},"content":{"rendered":"<p>Porte monnaie et papier (au choix) Les Ateliers Four\u00e8s durable et \u00e9thique \u2713 Livraison rapide &amp; paiement en x3 ou x4.<\/p>\n<p><span style=\"font-family:'MuktaVaani R', sans-serif;font-size:18px;letter-spacing:0.6px;background-color:#ffffff\">Ce porte monnaie et papier est le format le plus pl\u00e9biscit\u00e9. Il s&#8217;adresse aux femmes qui n&#8217;emportent avec elles que le strict n\u00e9cessaire et dont les papiers d&#8217;identit\u00e9s ne sont pas encore au nouveau format carte bancaire. 4 emplacements au format CB, 2 poches plaqu\u00e9es pour la carte d&#8217;identit\u00e9 et le permis de conduire, et une poche zipp\u00e9e au dos pour la monnaie sont \u00e0 votre service.<\/span><\/p>\n<h2 style=\"font-family:'MuktaVaani B';font-size:18px;letter-spacing:0.6px\">Une organisation optimis\u00e9e :4 CB, 2 poches plaqu\u00e9es, 1 poche monnaie zipp\u00e9e<\/h2>\n<h2 style=\"font-family:'MuktaVaani B';font-size:18px;letter-spacing:0.6px\">Mati\u00e8re :cuir pleine fleur aniline, cuir de vachette<\/h2>\n<h2 style=\"font-family:'MuktaVaani B';font-size:18px;letter-spacing:0.6px\">Forme :porte monnaie et papiers<\/h2>\n<h2 style=\"font-family:'MuktaVaani B';font-size:18px;letter-spacing:0.6px\">Papiers :pi\u00e8ce d&#8217;identit\u00e9 (avant 2021), permis rose (apr\u00e8s 1989)<\/h2>\n<h2 style=\"font-family:'MuktaVaani B';font-size:18px;letter-spacing:0.6px\">Dimensions :130 x 20 x 95 mm<\/h2>\n<h2 style=\"font-family:'MuktaVaani B';font-size:18px;letter-spacing:0.6px\">Finitions :m\u00e9talliques, argent\u00e9es<\/h2>\n<h2 style=\"font-family:'MuktaVaani B';font-size:18px;letter-spacing:0.6px\">Fermeture :pression<\/h2>\n<h2 style=\"font-family:'MuktaVaani B';font-size:18px;letter-spacing:0.6px\">Doublure :100% serg\u00e9 de coton<\/h2>\n<h2 style=\"font-family:'MuktaVaani B';font-size:18px;letter-spacing:0.6px\">Fabrication :Made In France, dans notre atelier \u00e0 Graulhet<\/h2>\n<h2 style=\"font-family:'MuktaVaani B';font-size:18px;letter-spacing:0.6px\">R\u00e9f\u00e9rence:<span style=\"font-family:'MuktaVaani R', sans-serif;font-size:18px;letter-spacing:0.6px;background-color:#ffffff\"><\/span>B34<\/h2>\n","protected":false},"excerpt":{"rendered":"<p>Porte monnaie et papier (au choix) Les Ateliers Four\u00e8s durable et \u00e9thique \u2713 Livraison rapide &amp; paiement en x3 ou x4. Ce porte monnaie et papier est le format le plus pl\u00e9biscit\u00e9. Il s&#8217;adresse aux femmes qui n&#8217;emportent avec elles que le strict n\u00e9cessaire et dont les papiers d&#8217;identit\u00e9s ne sont pas encore au nouveau [&hellip;]<\/p>\n","protected":false},"featured_media":700678,"comment_status":"open","ping_status":"closed","template":"","meta":[],"product_brand":[],"product_cat":[1756,1764],"product_tag":[2244],"acf":[],"_links":{"self":[{"href":"https:\/\/streetmarkets.fr\/app\/wp-json\/wp\/v2\/product\/700677"}],"collection":[{"href":"https:\/\/streetmarkets.fr\/app\/wp-json\/wp\/v2\/product"}],"about":[{"href":"https:\/\/streetmarkets.fr\/app\/wp-json\/wp\/v2\/types\/product"}],"replies":[{"embeddable":true,"href":"https:\/\/streetmarkets.fr\/app\/wp-json\/wp\/v2\/comments?post=700677"}],"wp:featuredmedia":[{"embeddable":true,"href":"https:\/\/streetmarkets.fr\/app\/wp-json\/wp\/v2\/media\/700678"}],"wp:attachment":[{"href":"https:\/\/streetmarkets.fr\/app\/wp-json\/wp\/v2\/media?parent=700677"}],"wp:term":[{"taxonomy":"product_brand","embeddable":true,"href":"https:\/\/streetmarkets.fr\/app\/wp-json\/wp\/v2\/product_brand?post=700677"},{"taxonomy":"product_cat","embeddable":true,"href":"https:\/\/streetmarkets.fr\/app\/wp-json\/wp\/v2\/product_cat?post=700677"},{"taxonomy":"product_tag","embeddable":true,"href":"https:\/\/streetmarkets.fr\/app\/wp-json\/wp\/v2\/product_tag?post=700677"}],"curies":[{"name":"wp","href":"https:\/\/api.w.org\/{rel}","templated":true}]}}