{"id":700613,"date":"2024-10-15T10:25:27","date_gmt":"2024-10-15T08:25:27","guid":{"rendered":"https:\/\/streetmarkets.fr\/app\/produit\/portefeuille-europeen-a-rabat-au-choix\/"},"modified":"2024-10-15T10:26:13","modified_gmt":"2024-10-15T08:26:13","slug":"portefeuille-europeen-a-rabat-au-choix","status":"publish","type":"product","link":"https:\/\/streetmarkets.fr\/app\/produit\/portefeuille-europeen-a-rabat-au-choix\/","title":{"rendered":"Portefeuille Europ\u00e9en \u00e0 rabat (au choix)"},"content":{"rendered":"<p>Portefeuille Europ\u00e9en \u00e0 rabat (au choix) Les Ateliers Four\u00e8s durable et \u00e9thique \u2713 Livraison rapide &amp; paiement en x3 ou x4.<\/p>\n<div class=\"product__title ttu\" style=\"font-size:18px;text-transform:uppercase;margin-top:0px\"><\/div>\n<div style=\"font-size:18px;margin:1.5rem 0px\">\n<div class=\"product-infos tablet-desktop-only\" style=\"font-size:18px\">\n<div class=\"product-infos__content rel\" style=\"font-size:18px\">\n<div class=\"product-infos__paragraph active\" style=\"font-size:18px\">\n<p style=\"font-size:18px\">Ce portefeuille est un classique de la maroquinerie. Il se compose de trois volets pour faciliter l&#8217;organisation et l&#8217;utilisation de votre portefeuille au quotidien.<br style=\"font-size:18px\" \/>1 mica en PVC pour votre pi\u00e8ce d&#8217;identit\u00e9, 1 poche plaqu\u00e9e pour votre permis de conduire et 1 seconde pour vos billets, 8 emplacements au format carte bancaire et une poche monnaie zipp\u00e9e&#8230; Il a tout pour vous combler !<\/p>\n<div style=\"font-size:18px;margin:1.5rem 0px\">\n<div class=\"product-infos tablet-desktop-only\" style=\"font-size:18px\">\n<div class=\"product-infos__content rel\" style=\"font-size:18px\">\n<div class=\"product-infos__paragraph left active\" style=\"font-size:18px;text-align:left\">\n<h2 style=\"font-family:'MuktaVaani B';font-size:18px\">Une organisation optimis\u00e9e :<\/h2>\n<p>\u00a08 CB, 2 poche plaqu\u00e9es, 1 mica en PVC, 1 poche monnaie zipp\u00e9e Mati\u00e8re :<\/p>\n<h3 style=\"font-size:18px;font-weight:400\">cuir pleine fleur aniline, cuir de vachette\u00a0<\/h3>\n<h2 style=\"font-family:'MuktaVaani B';font-size:18px\">Papiers :<\/h2>\n<p>\u00a0pi\u00e8ce d&#8217;identit\u00e9 (avant 2021), permis rose (apr\u00e8s 1989)\u00a0<\/p>\n<h2 style=\"font-family:'MuktaVaani B';font-size:18px\">Dimensions :<\/h2>\n<p>\u00a090 x 20 x 130 mm\u00a0<\/p>\n<h2 style=\"font-family:'MuktaVaani B';font-size:18px\">Finitions :<\/h2>\n<p>\u00a0m\u00e9talliques, argent\u00e9es\u00a0<\/p>\n<h2 style=\"font-family:'MuktaVaani B';font-size:18px\">Fermeture :<\/h2>\n<p>\u00a0patte pression\u00a0<\/p>\n<h2 style=\"font-family:'MuktaVaani B';font-size:18px\">Doublure :<\/h2>\n<p>\u00a0100% serg\u00e9 de coton\u00a0<\/p>\n<h2 style=\"font-family:'MuktaVaani B';font-size:18px\">Fabrication :<\/h2>\n<p>\u00a0Made In France, dans les ateliers \u00e0 Graulhet\u00a0<\/p>\n<h3 style=\"font-size:18px;font-weight:400\"><\/h3>\n<\/div>\n<\/div>\n<\/div>\n<\/div>\n<\/div>\n<\/div>\n<\/div>\n<\/div>\n","protected":false},"excerpt":{"rendered":"<p>Portefeuille Europ\u00e9en \u00e0 rabat (au choix) Les Ateliers Four\u00e8s durable et \u00e9thique \u2713 Livraison rapide &amp; paiement en x3 ou x4. Ce portefeuille est un classique de la maroquinerie. Il se compose de trois volets pour faciliter l&#8217;organisation et l&#8217;utilisation de votre portefeuille au quotidien.1 mica en PVC pour votre pi\u00e8ce d&#8217;identit\u00e9, 1 poche plaqu\u00e9e [&hellip;]<\/p>\n","protected":false},"featured_media":700614,"comment_status":"open","ping_status":"closed","template":"","meta":[],"product_brand":[],"product_cat":[1756,1764],"product_tag":[2244],"acf":[],"_links":{"self":[{"href":"https:\/\/streetmarkets.fr\/app\/wp-json\/wp\/v2\/product\/700613"}],"collection":[{"href":"https:\/\/streetmarkets.fr\/app\/wp-json\/wp\/v2\/product"}],"about":[{"href":"https:\/\/streetmarkets.fr\/app\/wp-json\/wp\/v2\/types\/product"}],"replies":[{"embeddable":true,"href":"https:\/\/streetmarkets.fr\/app\/wp-json\/wp\/v2\/comments?post=700613"}],"wp:featuredmedia":[{"embeddable":true,"href":"https:\/\/streetmarkets.fr\/app\/wp-json\/wp\/v2\/media\/700614"}],"wp:attachment":[{"href":"https:\/\/streetmarkets.fr\/app\/wp-json\/wp\/v2\/media?parent=700613"}],"wp:term":[{"taxonomy":"product_brand","embeddable":true,"href":"https:\/\/streetmarkets.fr\/app\/wp-json\/wp\/v2\/product_brand?post=700613"},{"taxonomy":"product_cat","embeddable":true,"href":"https:\/\/streetmarkets.fr\/app\/wp-json\/wp\/v2\/product_cat?post=700613"},{"taxonomy":"product_tag","embeddable":true,"href":"https:\/\/streetmarkets.fr\/app\/wp-json\/wp\/v2\/product_tag?post=700613"}],"curies":[{"name":"wp","href":"https:\/\/api.w.org\/{rel}","templated":true}]}}