{"id":700586,"date":"2024-10-15T10:25:26","date_gmt":"2024-10-15T08:25:26","guid":{"rendered":"https:\/\/streetmarkets.fr\/app\/produit\/sac-banane-custine-xl-camouflage-au-choix\/"},"modified":"2024-10-15T10:26:12","modified_gmt":"2024-10-15T08:26:12","slug":"sac-banane-custine-xl-camouflage-au-choix","status":"publish","type":"product","link":"https:\/\/streetmarkets.fr\/app\/produit\/sac-banane-custine-xl-camouflage-au-choix\/","title":{"rendered":"Sac banane Custine XL Camouflage (au choix)"},"content":{"rendered":"<p>Sac banane Custine XL Camouflage  (au choix) Rive Droite durable et \u00e9thique \u2713 Livraison rapide &amp; paiement en x3 ou x4.<\/p>\n<p style=\"margin:0px 0px 25px;font-family:SimplonNorm, sans-serif;font-size:15px\">L&#8217;imprim\u00e9 camouflage arrive chez Rivedroite avec la nouvelle collection &#8220;Camo&#8221;. A l&#8217;origine inspir\u00e9 par les tenues de l&#8217;arm\u00e9e, l&#8217;imprim\u00e9 camouflage habille cette saison les sacs iconiques \u00a0de la marque avec 2 d\u00e9clinaisons de couleurs : l&#8217;imprim\u00e9 D\u00e9sert aux tonalit\u00e9s majeures de beige sable teint\u00e9es de kaki clair et de marron et l&#8217;imprim\u00e9 Jungle aux teintes plus fonc\u00e9es, o\u00f9 le marron, le noir et le kaki se m\u00e9langent avec des touches de beige sable.<\/p>\n<p style=\"margin:0px 0px 25px;font-family:SimplonNorm, sans-serif;font-size:15px\"><span>Custine XL version Jungle est le sac banane id\u00e9al pour twister vos tenues printani\u00e8res. Transportez avec vous tous les essentiels du quotidien : portefeuille, cl\u00e9s, t\u00e9l\u00e9phone et m\u00eame une petite gourde. Son plus : sa poche int\u00e9rieure zipp\u00e9e pour retrouver facilement vos affaires !\u00a0<\/span><br \/><span><\/span><\/p>\n<p style=\"margin:0px;font-family:SimplonNorm, sans-serif;font-size:15px\"><span>Les doublures int\u00e9rieures de la collection &#8220;Camo&#8221; sont unies de couleur beige, issues de fins de stocks de tissus de l&#8217;industrie textile \u00e0 qui nous donnons une seconde vie.<\/span><\/p>\n<p style=\"margin:0px;font-family:SimplonNorm, sans-serif;font-size:15px\"><span><\/span><\/p>\n<p style=\"margin:0px;font-family:SimplonNorm, sans-serif;font-size:15px\"><span><\/span><\/p>\n<ul style=\"margin:0px 0px 0px 30px;padding:0px;font-family:SimplonNorm, sans-serif;font-size:15px\">\n<li style=\"margin-bottom:0.25em\"><span>Composition<\/span>\u00a0:\u00a0<span>60% coton recycl\u00e9 &#8211; 40% coton vierge\u00a0\u00a0<\/span><\/li>\n<li style=\"margin-bottom:0.25em\"><span>Emballage :\u00a0<\/span>Ce produit est emball\u00e9 avec soin dans un pochon en coton r\u00e9utilisable avec un lien coulissant<\/li>\n<li style=\"margin-bottom:0.25em\"><span>Doublure<\/span>\u00a0:\u00a0<span>100% polycoton upcycl\u00e9 issu de fins de stocks de tissus de l&#8217;industrie textile.<\/span><\/li>\n<li style=\"margin-bottom:0.25em\"><span>Dimensions<\/span>\u00a0:\u00a0<span>L32xH22xP6.5 cm.\u00a0Tour de taille maximum 112 cm.\u00a0Tour de taille minimum 66cm.<\/span><\/li>\n<li style=\"margin-bottom:0.25em\"><span>Conseils d&#8217;entretien<\/span>\u00a0: Nettoyage \u00e0 sec uniquement.<\/li>\n<\/ul>\n","protected":false},"excerpt":{"rendered":"<p>Sac banane Custine XL Camouflage (au choix) Rive Droite durable et \u00e9thique \u2713 Livraison rapide &amp; paiement en x3 ou x4. L&#8217;imprim\u00e9 camouflage arrive chez Rivedroite avec la nouvelle collection &#8220;Camo&#8221;. A l&#8217;origine inspir\u00e9 par les tenues de l&#8217;arm\u00e9e, l&#8217;imprim\u00e9 camouflage habille cette saison les sacs iconiques \u00a0de la marque avec 2 d\u00e9clinaisons de couleurs [&hellip;]<\/p>\n","protected":false},"featured_media":700587,"comment_status":"open","ping_status":"closed","template":"","meta":[],"product_brand":[],"product_cat":[1756,1764],"product_tag":[2244],"acf":[],"_links":{"self":[{"href":"https:\/\/streetmarkets.fr\/app\/wp-json\/wp\/v2\/product\/700586"}],"collection":[{"href":"https:\/\/streetmarkets.fr\/app\/wp-json\/wp\/v2\/product"}],"about":[{"href":"https:\/\/streetmarkets.fr\/app\/wp-json\/wp\/v2\/types\/product"}],"replies":[{"embeddable":true,"href":"https:\/\/streetmarkets.fr\/app\/wp-json\/wp\/v2\/comments?post=700586"}],"wp:featuredmedia":[{"embeddable":true,"href":"https:\/\/streetmarkets.fr\/app\/wp-json\/wp\/v2\/media\/700587"}],"wp:attachment":[{"href":"https:\/\/streetmarkets.fr\/app\/wp-json\/wp\/v2\/media?parent=700586"}],"wp:term":[{"taxonomy":"product_brand","embeddable":true,"href":"https:\/\/streetmarkets.fr\/app\/wp-json\/wp\/v2\/product_brand?post=700586"},{"taxonomy":"product_cat","embeddable":true,"href":"https:\/\/streetmarkets.fr\/app\/wp-json\/wp\/v2\/product_cat?post=700586"},{"taxonomy":"product_tag","embeddable":true,"href":"https:\/\/streetmarkets.fr\/app\/wp-json\/wp\/v2\/product_tag?post=700586"}],"curies":[{"name":"wp","href":"https:\/\/api.w.org\/{rel}","templated":true}]}}