{"id":700562,"date":"2024-10-15T10:25:26","date_gmt":"2024-10-15T08:25:26","guid":{"rendered":"https:\/\/streetmarkets.fr\/app\/produit\/sac-banane-harry-au-choix\/"},"modified":"2024-10-15T10:26:12","modified_gmt":"2024-10-15T08:26:12","slug":"sac-banane-harry-au-choix","status":"publish","type":"product","link":"https:\/\/streetmarkets.fr\/app\/produit\/sac-banane-harry-au-choix\/","title":{"rendered":"Sac banane Harry (au choix)"},"content":{"rendered":"<p>Sac banane Harry (au choix) Hindbag durable et \u00e9thique \u2713 Livraison rapide &amp; paiement en x3 ou x4.<\/p>\n<h2 style=\"margin:1em 0px;padding:0px;border:0px;font-family:'Basic Commercial', sans-serif;font-size:inherit;line-height:1.2;vertical-align:baseline;text-transform:uppercase\">LA BANANE\u00a0HARRY<\/h2>\n<h3 style=\"margin:1.5em 0px 1em;padding:0px;border:0px;font-family:'Basic Commercial', sans-serif;font-size:inherit;line-height:1.2;vertical-align:baseline;text-transform:uppercase\"><span style=\"margin:0px;padding:0px;border:0px;font-family:inherit;font-size:inherit;font-style:italic;font-weight:inherit;line-height:inherit;vertical-align:baseline\">SAC BANANE\u00a0RECTANGULAIRE AVEC POCHES PLAQU\u00c9ES AVANT ET ARRI\u00c8RE<\/span><\/h3>\n<p><span style=\"font-family:'Basic Commercial', sans-serif;font-size:15px;font-style:italic\">Harry, c\u2019est le<\/span><span style=\"font-family:'Basic Commercial', sans-serif;font-size:15px;font-style:italic\">\u00a0sac banane<\/span><span style=\"font-family:'Basic Commercial', sans-serif;font-size:15px;font-style:italic\">\u00a0<\/span><span style=\"font-family:'Basic Commercial', sans-serif;font-size:15px;font-style:italic\">qui ne ressemble en rien \u00e0 une banane. Son design rectangulaire lui donne un air nordique minimaliste et chic.<\/span><span style=\"font-family:'Basic Commercial', sans-serif;font-size:15px;font-style:italic\">Ses deux poches ext\u00e9rieures avec fermeture \u00e9clair \u00e0 l&#8217;avant et \u00e0 l&#8217;arri\u00e8re vous<\/span><span style=\"font-family:'Basic Commercial', sans-serif;font-size:15px;font-style:italic\">\u00a0<\/span><span style=\"margin:0px;padding:0px;border:0px;font-family:'Basic Commercial', sans-serif;font-size:15px;font-style:italic;line-height:inherit;vertical-align:baseline\">permettront de ranger vos essentiels en toute s\u00e9curit\u00e9.\u00a0<\/span><span style=\"margin:0px;padding:0px;border:0px;font-family:'Basic Commercial', sans-serif;font-size:15px;font-style:italic;line-height:inherit;vertical-align:baseline\"><span style=\"margin:0px;padding:0px;border:0px;font-family:inherit;font-size:inherit;font-style:inherit;line-height:inherit;vertical-align:baseline\">Gr\u00e2ce \u00e0 sa anse r\u00e9glable, vous pouvez porter votre sacoche carr\u00e9e aussi bien sur un manteau \u00e9pais en hiver que sur un t-shirt l\u00e9ger l&#8217;\u00e9t\u00e9.<\/span><\/span><\/p>\n<p><strong style=\"font-family:inherit;font-size:inherit;margin:0px;padding:0px;border:0px;font-style:inherit;line-height:inherit;vertical-align:baseline\">Dimensions<\/strong><span style=\"font-family:inherit;font-size:inherit;margin:0px;padding:0px;border:0px;font-style:inherit;line-height:inherit;vertical-align:baseline\">\u00a0:\u00a0L 24 x H 14 x P 2 cm<\/span><\/p>\n","protected":false},"excerpt":{"rendered":"<p>Sac banane Harry (au choix) Hindbag durable et \u00e9thique \u2713 Livraison rapide &amp; paiement en x3 ou x4. LA BANANE\u00a0HARRY SAC BANANE\u00a0RECTANGULAIRE AVEC POCHES PLAQU\u00c9ES AVANT ET ARRI\u00c8RE Harry, c\u2019est le\u00a0sac banane\u00a0qui ne ressemble en rien \u00e0 une banane. Son design rectangulaire lui donne un air nordique minimaliste et chic.Ses deux poches ext\u00e9rieures avec fermeture [&hellip;]<\/p>\n","protected":false},"featured_media":700563,"comment_status":"open","ping_status":"closed","template":"","meta":[],"product_brand":[],"product_cat":[1756,1764],"product_tag":[2244],"acf":[],"_links":{"self":[{"href":"https:\/\/streetmarkets.fr\/app\/wp-json\/wp\/v2\/product\/700562"}],"collection":[{"href":"https:\/\/streetmarkets.fr\/app\/wp-json\/wp\/v2\/product"}],"about":[{"href":"https:\/\/streetmarkets.fr\/app\/wp-json\/wp\/v2\/types\/product"}],"replies":[{"embeddable":true,"href":"https:\/\/streetmarkets.fr\/app\/wp-json\/wp\/v2\/comments?post=700562"}],"wp:featuredmedia":[{"embeddable":true,"href":"https:\/\/streetmarkets.fr\/app\/wp-json\/wp\/v2\/media\/700563"}],"wp:attachment":[{"href":"https:\/\/streetmarkets.fr\/app\/wp-json\/wp\/v2\/media?parent=700562"}],"wp:term":[{"taxonomy":"product_brand","embeddable":true,"href":"https:\/\/streetmarkets.fr\/app\/wp-json\/wp\/v2\/product_brand?post=700562"},{"taxonomy":"product_cat","embeddable":true,"href":"https:\/\/streetmarkets.fr\/app\/wp-json\/wp\/v2\/product_cat?post=700562"},{"taxonomy":"product_tag","embeddable":true,"href":"https:\/\/streetmarkets.fr\/app\/wp-json\/wp\/v2\/product_tag?post=700562"}],"curies":[{"name":"wp","href":"https:\/\/api.w.org\/{rel}","templated":true}]}}