{"id":700549,"date":"2024-10-15T10:25:25","date_gmt":"2024-10-15T08:25:25","guid":{"rendered":"https:\/\/streetmarkets.fr\/app\/produit\/culotte-menstruelle-flux-abondant-au-choix\/"},"modified":"2024-10-15T10:26:12","modified_gmt":"2024-10-15T08:26:12","slug":"culotte-menstruelle-flux-abondant-au-choix","status":"publish","type":"product","link":"https:\/\/streetmarkets.fr\/app\/produit\/culotte-menstruelle-flux-abondant-au-choix\/","title":{"rendered":"Culotte Menstruelle flux abondant (au choix)"},"content":{"rendered":"<p>Culotte Menstruelle flux abondant (au choix) Yade durable et \u00e9thique \u2713 Livraison rapide &amp; paiement en x3 ou x4.<\/p>\n<ul>\n<li class=\"sc-iqVWFU eVpiLZ pf-27_\" style=\"margin:0 0;color:#453e3c;font-family:Poppins, sans-serif;font-size:13px;letter-spacing:0.65px\"><span class=\"sc-jKTccl dCeBIC pf-29_\">\u2022 La culotte menstruelle\u00a0flux abondant\u00a0la plus fine du march\u00e9<\/span><\/li>\n<li class=\"sc-iqVWFU eVpiLZ pf-30_\" style=\"margin:0 0;color:#453e3c;font-family:Poppins, sans-serif;font-size:13px;letter-spacing:0.65px\"><span class=\"sc-jKTccl dCeBIC pf-32_\">\u2022 Ind\u00e9tectable sous vos v\u00eatements<\/span><\/li>\n<li class=\"sc-iqVWFU eVpiLZ pf-33_\" style=\"margin:0 0;color:#453e3c;font-family:Poppins, sans-serif;font-size:13px;letter-spacing:0.65px\"><span class=\"sc-jKTccl dCeBIC pf-35_\">\u2022 Ultra-performante<\/span><\/li>\n<li class=\"sc-iqVWFU eVpiLZ pf-36_\" style=\"margin:0px;color:#453e3c;font-family:Poppins, sans-serif;font-size:13px;letter-spacing:0.65px\"><span class=\"sc-jKTccl dCeBIC pf-38_\">\u2022 0 d\u00e9chet et r\u00e9utilisable, elle vous fera faire des \u00e9conomies<\/span><\/li>\n<\/ul>\n","protected":false},"excerpt":{"rendered":"<p>Culotte Menstruelle flux abondant (au choix) Yade durable et \u00e9thique \u2713 Livraison rapide &amp; paiement en x3 ou x4. \u2022 La culotte menstruelle\u00a0flux abondant\u00a0la plus fine du march\u00e9 \u2022 Ind\u00e9tectable sous vos v\u00eatements \u2022 Ultra-performante \u2022 0 d\u00e9chet et r\u00e9utilisable, elle vous fera faire des \u00e9conomies<\/p>\n","protected":false},"featured_media":700550,"comment_status":"open","ping_status":"closed","template":"","meta":[],"product_brand":[],"product_cat":[1756,1762],"product_tag":[2244],"acf":[],"_links":{"self":[{"href":"https:\/\/streetmarkets.fr\/app\/wp-json\/wp\/v2\/product\/700549"}],"collection":[{"href":"https:\/\/streetmarkets.fr\/app\/wp-json\/wp\/v2\/product"}],"about":[{"href":"https:\/\/streetmarkets.fr\/app\/wp-json\/wp\/v2\/types\/product"}],"replies":[{"embeddable":true,"href":"https:\/\/streetmarkets.fr\/app\/wp-json\/wp\/v2\/comments?post=700549"}],"wp:featuredmedia":[{"embeddable":true,"href":"https:\/\/streetmarkets.fr\/app\/wp-json\/wp\/v2\/media\/700550"}],"wp:attachment":[{"href":"https:\/\/streetmarkets.fr\/app\/wp-json\/wp\/v2\/media?parent=700549"}],"wp:term":[{"taxonomy":"product_brand","embeddable":true,"href":"https:\/\/streetmarkets.fr\/app\/wp-json\/wp\/v2\/product_brand?post=700549"},{"taxonomy":"product_cat","embeddable":true,"href":"https:\/\/streetmarkets.fr\/app\/wp-json\/wp\/v2\/product_cat?post=700549"},{"taxonomy":"product_tag","embeddable":true,"href":"https:\/\/streetmarkets.fr\/app\/wp-json\/wp\/v2\/product_tag?post=700549"}],"curies":[{"name":"wp","href":"https:\/\/api.w.org\/{rel}","templated":true}]}}