{"id":700541,"date":"2024-10-15T10:25:24","date_gmt":"2024-10-15T08:25:24","guid":{"rendered":"https:\/\/streetmarkets.fr\/app\/produit\/grand-cabas-turquoise-en-shalla\/"},"modified":"2026-05-05T08:37:04","modified_gmt":"2026-05-05T06:37:04","slug":"grand-cabas-turquoise-en-shalla","status":"publish","type":"product","link":"https:\/\/streetmarkets.fr\/app\/produit\/grand-cabas-turquoise-en-shalla\/","title":{"rendered":"grand cabas turquoise &#8211; En Shalla"},"content":{"rendered":"<p>A partir d&#8217;un sac alimentaire plastifi\u00e9 et recycl\u00e9, des fils lurex et fils de coton cr\u00e9ent le design unique de chaque sac. les anses sont en cuir.\u00a0\u00a0<\/p>\n<p>Ce cabas turquoise, fait \u00e0 la main ajoutera de l&#8217;originalit\u00e9 et de la couleur\u00a0\u00e0 vos looks.<\/p>\n<p>Chaque sac est dot\u00e9 d&#8217;une poche zipp\u00e9e doubl\u00e9e de marque 100 % coton biologique.<\/p>\n<p>\u00a0<\/p>\n","protected":false},"excerpt":{"rendered":"<p>A partir d&#8217;un sac alimentaire plastifi\u00e9 et recycl\u00e9, des fils lurex et fils de coton cr\u00e9ent le design unique de chaque sac. les anses sont en cuir.\u00a0\u00a0 Ce cabas turquoise, fait \u00e0 la main ajoutera de l&#8217;originalit\u00e9 et de la couleur\u00a0\u00e0 vos looks. Chaque sac est dot\u00e9 d&#8217;une poche zipp\u00e9e doubl\u00e9e de marque 100 % [&hellip;]<\/p>\n","protected":false},"featured_media":700542,"comment_status":"open","ping_status":"closed","template":"","meta":[],"product_brand":[],"product_cat":[1756,1764],"product_tag":[2244],"acf":[],"_links":{"self":[{"href":"https:\/\/streetmarkets.fr\/app\/wp-json\/wp\/v2\/product\/700541"}],"collection":[{"href":"https:\/\/streetmarkets.fr\/app\/wp-json\/wp\/v2\/product"}],"about":[{"href":"https:\/\/streetmarkets.fr\/app\/wp-json\/wp\/v2\/types\/product"}],"replies":[{"embeddable":true,"href":"https:\/\/streetmarkets.fr\/app\/wp-json\/wp\/v2\/comments?post=700541"}],"wp:featuredmedia":[{"embeddable":true,"href":"https:\/\/streetmarkets.fr\/app\/wp-json\/wp\/v2\/media\/700542"}],"wp:attachment":[{"href":"https:\/\/streetmarkets.fr\/app\/wp-json\/wp\/v2\/media?parent=700541"}],"wp:term":[{"taxonomy":"product_brand","embeddable":true,"href":"https:\/\/streetmarkets.fr\/app\/wp-json\/wp\/v2\/product_brand?post=700541"},{"taxonomy":"product_cat","embeddable":true,"href":"https:\/\/streetmarkets.fr\/app\/wp-json\/wp\/v2\/product_cat?post=700541"},{"taxonomy":"product_tag","embeddable":true,"href":"https:\/\/streetmarkets.fr\/app\/wp-json\/wp\/v2\/product_tag?post=700541"}],"curies":[{"name":"wp","href":"https:\/\/api.w.org\/{rel}","templated":true}]}}