{"id":700518,"date":"2024-10-15T10:25:23","date_gmt":"2024-10-15T08:25:23","guid":{"rendered":"https:\/\/streetmarkets.fr\/app\/produit\/etole-100-balkhach-corail-inoui-editions\/"},"modified":"2026-04-28T08:37:25","modified_gmt":"2026-04-28T06:37:25","slug":"etole-100-balkhach-corail-inoui-editions","status":"publish","type":"product","link":"https:\/\/streetmarkets.fr\/app\/produit\/etole-100-balkhach-corail-inoui-editions\/","title":{"rendered":"Etole 100 Balkhach corail &#8211; Inoui \u00c9ditions"},"content":{"rendered":"<div class=\"Rte Rte_product_description opened\">\n<div class=\"flex-shrink-0 flex flex-col relative items-end\">\n<div class=\"pt-0.5\">\n<div class=\"gizmo-shadow-stroke flex h-6 w-6 items-center justify-center overflow-hidden rounded-full\">\n<div class=\"relative p-1 rounded-sm h-9 w-9 text-white flex items-center justify-center\">Confectionn\u00e9e 100 % en coton doux et l\u00e9ger, l&#8217;\u00e9tole intemporelle arbore des motifs animaliers et fleuris, apportant une touche distinctive \u00e0 vos ensembles.<\/div>\n<div class=\"relative p-1 rounded-sm h-9 w-9 text-white flex items-center justify-center\"><\/div>\n<div class=\"relative p-1 rounded-sm h-9 w-9 text-white flex items-center justify-center\"><\/div>\n<div class=\"relative p-1 rounded-sm h-9 w-9 text-white flex items-center justify-center\"><\/div>\n<div class=\"relative p-1 rounded-sm h-9 w-9 text-white flex items-center justify-center\"><\/div>\n<div class=\"relative p-1 rounded-sm h-9 w-9 text-white flex items-center justify-center\">Essentielle pour toutes les occasions, elle compl\u00e8te parfaitement votre style.\n<\/div>\n<\/div>\n<\/div>\n<\/div>\n<\/div>\n","protected":false},"excerpt":{"rendered":"<p>Confectionn\u00e9e 100 % en coton doux et l\u00e9ger, l&#8217;\u00e9tole intemporelle arbore des motifs animaliers et fleuris, apportant une touche distinctive \u00e0 vos ensembles. Essentielle pour toutes les occasions, elle compl\u00e8te parfaitement votre style.<\/p>\n","protected":false},"featured_media":700519,"comment_status":"open","ping_status":"closed","template":"","meta":[],"product_brand":[],"product_cat":[1756,1764],"product_tag":[2244],"acf":[],"_links":{"self":[{"href":"https:\/\/streetmarkets.fr\/app\/wp-json\/wp\/v2\/product\/700518"}],"collection":[{"href":"https:\/\/streetmarkets.fr\/app\/wp-json\/wp\/v2\/product"}],"about":[{"href":"https:\/\/streetmarkets.fr\/app\/wp-json\/wp\/v2\/types\/product"}],"replies":[{"embeddable":true,"href":"https:\/\/streetmarkets.fr\/app\/wp-json\/wp\/v2\/comments?post=700518"}],"wp:featuredmedia":[{"embeddable":true,"href":"https:\/\/streetmarkets.fr\/app\/wp-json\/wp\/v2\/media\/700519"}],"wp:attachment":[{"href":"https:\/\/streetmarkets.fr\/app\/wp-json\/wp\/v2\/media?parent=700518"}],"wp:term":[{"taxonomy":"product_brand","embeddable":true,"href":"https:\/\/streetmarkets.fr\/app\/wp-json\/wp\/v2\/product_brand?post=700518"},{"taxonomy":"product_cat","embeddable":true,"href":"https:\/\/streetmarkets.fr\/app\/wp-json\/wp\/v2\/product_cat?post=700518"},{"taxonomy":"product_tag","embeddable":true,"href":"https:\/\/streetmarkets.fr\/app\/wp-json\/wp\/v2\/product_tag?post=700518"}],"curies":[{"name":"wp","href":"https:\/\/api.w.org\/{rel}","templated":true}]}}