{"id":700506,"date":"2024-10-15T10:25:23","date_gmt":"2024-10-15T08:25:23","guid":{"rendered":"https:\/\/streetmarkets.fr\/app\/produit\/sac-banane-augustin-enfant-au-choix\/"},"modified":"2024-10-15T10:26:12","modified_gmt":"2024-10-15T08:26:12","slug":"sac-banane-augustin-enfant-au-choix","status":"publish","type":"product","link":"https:\/\/streetmarkets.fr\/app\/produit\/sac-banane-augustin-enfant-au-choix\/","title":{"rendered":"Sac banane Augustin enfant (au choix)"},"content":{"rendered":"<p>Sac banane Augustin enfant (au choix) Hindbag durable et \u00e9thique \u2713 Livraison rapide &amp; paiement en x3 ou x4.<\/p>\n<p class=\"p1\" style=\"margin:0px;font-size:13px;line-height:normal;font-family:'Helvetica Neue'\"><b>Sac banane pour enfant avec clip<span class=\"Apple-converted-space\">\u00a0<\/span><\/b><\/p>\n<p class=\"p2\" style=\"margin:0px;font-size:13px;line-height:normal;font-family:'Helvetica Neue';min-height:15px\">\n<p class=\"p1\" style=\"margin:0px;font-size:13px;line-height:normal;font-family:'Helvetica Neue'\">Augustin, c&#8217;est la version enfant de la banane best seller Olivia.\u00a0Hyper pratique\u00a0avec\u00a0son clip, les enfants peuvent la porter \u00e0 la taille comme en bandouli\u00e8re.\u00a0Gr\u00e2ce \u00e0 sa anse ajustable elle s&#8217;adapte \u00e0 un tour de taille allant de 65 \u00e0 90 cm pour des enfants de 4 \u00e0 10 ans. Avec son coton bio tr\u00e8s \u00e9pais et solide, elle transporte les tr\u00e9sors des plus jeunes sans se d\u00e9former. Lavable \u00e0 froid en machine pas de soucis \u00e0 se faire pour les t\u00e2ches du quotidien.<\/p>\n<p class=\"p2\" style=\"margin:0px;font-size:13px;line-height:normal;font-family:'Helvetica Neue';min-height:15px\">\n<p class=\"p1\" style=\"margin:0px;font-size:13px;line-height:normal;font-family:'Helvetica Neue'\"><b>Dimensions<\/b>\u00a0:\u00a0L 27 x H 11 x P 7 cm<\/p>\n<p class=\"p1\" style=\"margin:0px;font-size:13px;line-height:normal;font-family:'Helvetica Neue'\"><b>Composition <\/b>: Coton biologique \u00e9pais et r\u00e9sistant (500g\/m2). Le coton est labellis\u00e9 GOTS.<span class=\"Apple-converted-space\">\u00a0<\/span><\/p>\n<p class=\"p1\" style=\"margin:0px;font-size:13px;line-height:normal;font-family:'Helvetica Neue'\"><b>Fabrication<\/b> : Tous les sacs et accessoires sont fabriqu\u00e9s par l\u2019ONG partenaire indienne\u00a0<a href=\"https:\/\/www.ssmi.in\/\"><span class=\"s1\" style=\"color:#dca10d\">Swami Sivananda Mamorial Institute<\/span><\/a>\u00a0(SSMI) qui se bat pour l&#8217;\u00e9mancipation des femmes d&#8217;un quartier d\u00e9favoris\u00e9 de DELHI.<span class=\"Apple-converted-space\">\u00a0<\/span><\/p>\n","protected":false},"excerpt":{"rendered":"<p>Sac banane Augustin enfant (au choix) Hindbag durable et \u00e9thique \u2713 Livraison rapide &amp; paiement en x3 ou x4. Sac banane pour enfant avec clip\u00a0 Augustin, c&#8217;est la version enfant de la banane best seller Olivia.\u00a0Hyper pratique\u00a0avec\u00a0son clip, les enfants peuvent la porter \u00e0 la taille comme en bandouli\u00e8re.\u00a0Gr\u00e2ce \u00e0 sa anse ajustable elle s&#8217;adapte [&hellip;]<\/p>\n","protected":false},"featured_media":700507,"comment_status":"open","ping_status":"closed","template":"","meta":[],"product_brand":[],"product_cat":[1756,1764],"product_tag":[2244],"acf":[],"_links":{"self":[{"href":"https:\/\/streetmarkets.fr\/app\/wp-json\/wp\/v2\/product\/700506"}],"collection":[{"href":"https:\/\/streetmarkets.fr\/app\/wp-json\/wp\/v2\/product"}],"about":[{"href":"https:\/\/streetmarkets.fr\/app\/wp-json\/wp\/v2\/types\/product"}],"replies":[{"embeddable":true,"href":"https:\/\/streetmarkets.fr\/app\/wp-json\/wp\/v2\/comments?post=700506"}],"wp:featuredmedia":[{"embeddable":true,"href":"https:\/\/streetmarkets.fr\/app\/wp-json\/wp\/v2\/media\/700507"}],"wp:attachment":[{"href":"https:\/\/streetmarkets.fr\/app\/wp-json\/wp\/v2\/media?parent=700506"}],"wp:term":[{"taxonomy":"product_brand","embeddable":true,"href":"https:\/\/streetmarkets.fr\/app\/wp-json\/wp\/v2\/product_brand?post=700506"},{"taxonomy":"product_cat","embeddable":true,"href":"https:\/\/streetmarkets.fr\/app\/wp-json\/wp\/v2\/product_cat?post=700506"},{"taxonomy":"product_tag","embeddable":true,"href":"https:\/\/streetmarkets.fr\/app\/wp-json\/wp\/v2\/product_tag?post=700506"}],"curies":[{"name":"wp","href":"https:\/\/api.w.org\/{rel}","templated":true}]}}