{"id":700453,"date":"2024-10-15T10:25:22","date_gmt":"2024-10-15T08:25:22","guid":{"rendered":"https:\/\/streetmarkets.fr\/app\/produit\/sac-banane-sasha-au-choix\/"},"modified":"2024-10-15T10:26:12","modified_gmt":"2024-10-15T08:26:12","slug":"sac-banane-sasha-au-choix","status":"publish","type":"product","link":"https:\/\/streetmarkets.fr\/app\/produit\/sac-banane-sasha-au-choix\/","title":{"rendered":"Sac banane Sasha (au choix)"},"content":{"rendered":"<p>Sac banane Sasha (au choix) Hindbag durable et \u00e9thique \u2713 Livraison rapide &amp; paiement en x3 ou x4.<\/p>\n<p class=\"p1\" style=\"margin:0px;font-size:13px;line-height:normal;font-family:'Helvetica Neue'\"><b>Banane L avec poches \u00e0 l\u2019arri\u00e8re et \u00e0 l\u2019int\u00e9rieur<span class=\"Apple-converted-space\">\u00a0<\/span><\/b><\/p>\n<p class=\"p2\" style=\"margin:0px;font-size:13px;line-height:normal;font-family:'Helvetica Neue';min-height:15px\">\n<p class=\"p1\" style=\"margin:0px;font-size:13px;line-height:normal;font-family:'Helvetica Neue'\">Sasha, c\u2019est le sac banane\u00a0pour celles et ceux qui manquent toujours de place pour leurs affaires. Dans sa poche ext\u00e9rieure avec fermeture \u00e9clair, vous pourrez y ranger vos\u00a0essentiels les plus pr\u00e9cieux comme votre carte bancaire, passeport ou carte d&#8217;identit\u00e9. Dans la poche int\u00e9rieure, vous y glisserez vos cl\u00e9s pour ne plus avoir \u00e0 les chercher au fond de votre sac banane fourre-tout.\u00a0Gr\u00e2ce \u00e0 sa anse r\u00e9glable, vous pouvez porter votre grande sacoche aussi bien sur un manteau \u00e9pais en hiver que sur un t-shirt l\u00e9ger l\u2019\u00e9t\u00e9.\u00a0\u00a0<\/p>\n<p class=\"p3\" style=\"margin:0px;font-size:13px;line-height:normal;font-family:'Helvetica Neue';color:#353535;min-height:16px\"><b><\/b><\/p>\n<p class=\"p1\" style=\"margin:0px;font-size:13px;line-height:normal;font-family:'Helvetica Neue'\"><b>Dimensions<\/b>\u00a0:\u00a0L 40 x H 16 x P 9,5 cm<\/p>\n<p class=\"p1\" style=\"margin:0px;font-size:13px;line-height:normal;font-family:'Helvetica Neue'\"><b>Composition <\/b>: Coton biologique \u00e9pais et r\u00e9sistant (500g\/m2). Le coton est labellis\u00e9 GOTS.<span class=\"Apple-converted-space\">\u00a0<\/span><\/p>\n<p class=\"p1\" style=\"margin:0px;font-size:13px;line-height:normal;font-family:'Helvetica Neue'\"><b>Fabrication<\/b> : Tous les sacs et accessoires sont fabriqu\u00e9s par l\u2019ONG partenaire indienne\u00a0<a href=\"https:\/\/www.ssmi.in\/\"><span class=\"s1\" style=\"color:#dca10d\">Swami Sivananda Mamorial Institute<\/span><\/a>\u00a0(SSMI) qui se bat pour l&#8217;\u00e9mancipation des femmes d&#8217;un quartier d\u00e9favoris\u00e9 de DELHI.<span class=\"Apple-converted-space\">\u00a0<\/span><\/p>\n","protected":false},"excerpt":{"rendered":"<p>Sac banane Sasha (au choix) Hindbag durable et \u00e9thique \u2713 Livraison rapide &amp; paiement en x3 ou x4. Banane L avec poches \u00e0 l\u2019arri\u00e8re et \u00e0 l\u2019int\u00e9rieur\u00a0 Sasha, c\u2019est le sac banane\u00a0pour celles et ceux qui manquent toujours de place pour leurs affaires. Dans sa poche ext\u00e9rieure avec fermeture \u00e9clair, vous pourrez y ranger vos\u00a0essentiels [&hellip;]<\/p>\n","protected":false},"featured_media":700454,"comment_status":"open","ping_status":"closed","template":"","meta":[],"product_brand":[],"product_cat":[1756,1764],"product_tag":[2244],"acf":[],"_links":{"self":[{"href":"https:\/\/streetmarkets.fr\/app\/wp-json\/wp\/v2\/product\/700453"}],"collection":[{"href":"https:\/\/streetmarkets.fr\/app\/wp-json\/wp\/v2\/product"}],"about":[{"href":"https:\/\/streetmarkets.fr\/app\/wp-json\/wp\/v2\/types\/product"}],"replies":[{"embeddable":true,"href":"https:\/\/streetmarkets.fr\/app\/wp-json\/wp\/v2\/comments?post=700453"}],"wp:featuredmedia":[{"embeddable":true,"href":"https:\/\/streetmarkets.fr\/app\/wp-json\/wp\/v2\/media\/700454"}],"wp:attachment":[{"href":"https:\/\/streetmarkets.fr\/app\/wp-json\/wp\/v2\/media?parent=700453"}],"wp:term":[{"taxonomy":"product_brand","embeddable":true,"href":"https:\/\/streetmarkets.fr\/app\/wp-json\/wp\/v2\/product_brand?post=700453"},{"taxonomy":"product_cat","embeddable":true,"href":"https:\/\/streetmarkets.fr\/app\/wp-json\/wp\/v2\/product_cat?post=700453"},{"taxonomy":"product_tag","embeddable":true,"href":"https:\/\/streetmarkets.fr\/app\/wp-json\/wp\/v2\/product_tag?post=700453"}],"curies":[{"name":"wp","href":"https:\/\/api.w.org\/{rel}","templated":true}]}}