{"id":700427,"date":"2024-10-15T10:25:21","date_gmt":"2024-10-15T08:25:21","guid":{"rendered":"https:\/\/streetmarkets.fr\/app\/produit\/sac-banane-custine-xl-rising-sun-au-choix\/"},"modified":"2024-10-15T10:26:12","modified_gmt":"2024-10-15T08:26:12","slug":"sac-banane-custine-xl-rising-sun-au-choix","status":"publish","type":"product","link":"https:\/\/streetmarkets.fr\/app\/produit\/sac-banane-custine-xl-rising-sun-au-choix\/","title":{"rendered":"Sac banane Custine XL Rising Sun (au choix)"},"content":{"rendered":"<p>Sac banane Custine XL Rising Sun (au choix) Rive Droite durable et \u00e9thique \u2713 Livraison rapide &amp; paiement en x3 ou x4.<\/p>\n<p><span class=\"s1\" style=\"font-size:10px;line-height:normal;font-family:Menlo\"><\/span><span style=\"font-family:SimplonNorm, sans-serif;font-size:15px;background-color:#ffffff\">Rising Sun c&#8217;est le nom de la nouvelle collection Spring Summer de Rive Droite, enti\u00e8rement inspir\u00e9e par les vibes des ann\u00e9es 70. Cette collection est avant tout un hymne \u00e0 la couleur avec 4 nouveaux coloris tr\u00e8s joyeux qui portent chacun le nom d&#8217;une chanson mythique de l&#8217;\u00e9poque &#8220;Green Rivers of Babylon&#8221;, &#8220;Yellow here comes the Sun&#8221; , &#8220;Beige dust in the wind&#8221; et &#8220;Red born to be alive&#8221;. Vous allez adorer ses doublures imprim\u00e9es aux motifs Flower Power qui refl\u00e8tent l\u2019effervescence boh\u00e8me de cette d\u00e9cennie.<\/span><\/p>\n<p style=\"margin:0px 0px 25px;font-family:SimplonNorm, sans-serif;font-size:15px\">Custine XL \u00a0va vite remplacer votre sac \u00e0 main pour emporter portefeuille, chargeur, t\u00e9l\u00e9phone, m\u00e9dicaments, etc. Sa taille s&#8217;ajuste hyper facilement gr\u00e2ce \u00e0 sa anse r\u00e9glable. Custine XL va devenir l&#8217;alli\u00e9 de votre \u00e9t\u00e9, avec sa petite poche int\u00e9rieure zipp\u00e9e.<\/p>\n<ul style=\"margin:0px 0px 0px 30px;padding:0px;font-family:SimplonNorm, sans-serif;font-size:15px\">\n<li style=\"margin-bottom:0.25em\"><span>Composition<\/span>\u00a0:\u00a0\u00a0<span>Coton recycl\u00e9\u00a0<\/span><\/li>\n<li style=\"margin-bottom:0.25em\"><span>Emballage :\u00a0<\/span>Ce produit est emball\u00e9 avec soin dans un pochon en coton r\u00e9utilisable avec un lien coulissant<\/li>\n<li style=\"margin-bottom:0.25em\"><span>Doublure<\/span>\u00a0:\u00a0100% polycoton upcycl\u00e9 issu de fins de stocks de tissus de l&#8217;industrie textile. Doublures\u00a0fleuries.\u00a0<\/li>\n<li style=\"margin-bottom:0.25em\"><span>Dimensions<\/span>\u00a0:\u00a0\u00a0Hx22 Px6,5 Lx32 cm<\/li>\n<li style=\"margin-bottom:0.25em\"><span>Conseils d&#8217;entretien<\/span>\u00a0:\u00a0<span>\u00a0Lavage seul en machine \u00e0 froid, programme fragile.\u00a0<\/span><\/li>\n<\/ul>\n","protected":false},"excerpt":{"rendered":"<p>Sac banane Custine XL Rising Sun (au choix) Rive Droite durable et \u00e9thique \u2713 Livraison rapide &amp; paiement en x3 ou x4. Rising Sun c&#8217;est le nom de la nouvelle collection Spring Summer de Rive Droite, enti\u00e8rement inspir\u00e9e par les vibes des ann\u00e9es 70. Cette collection est avant tout un hymne \u00e0 la couleur avec [&hellip;]<\/p>\n","protected":false},"featured_media":700428,"comment_status":"open","ping_status":"closed","template":"","meta":[],"product_brand":[],"product_cat":[1756,1764],"product_tag":[2244],"acf":[],"_links":{"self":[{"href":"https:\/\/streetmarkets.fr\/app\/wp-json\/wp\/v2\/product\/700427"}],"collection":[{"href":"https:\/\/streetmarkets.fr\/app\/wp-json\/wp\/v2\/product"}],"about":[{"href":"https:\/\/streetmarkets.fr\/app\/wp-json\/wp\/v2\/types\/product"}],"replies":[{"embeddable":true,"href":"https:\/\/streetmarkets.fr\/app\/wp-json\/wp\/v2\/comments?post=700427"}],"wp:featuredmedia":[{"embeddable":true,"href":"https:\/\/streetmarkets.fr\/app\/wp-json\/wp\/v2\/media\/700428"}],"wp:attachment":[{"href":"https:\/\/streetmarkets.fr\/app\/wp-json\/wp\/v2\/media?parent=700427"}],"wp:term":[{"taxonomy":"product_brand","embeddable":true,"href":"https:\/\/streetmarkets.fr\/app\/wp-json\/wp\/v2\/product_brand?post=700427"},{"taxonomy":"product_cat","embeddable":true,"href":"https:\/\/streetmarkets.fr\/app\/wp-json\/wp\/v2\/product_cat?post=700427"},{"taxonomy":"product_tag","embeddable":true,"href":"https:\/\/streetmarkets.fr\/app\/wp-json\/wp\/v2\/product_tag?post=700427"}],"curies":[{"name":"wp","href":"https:\/\/api.w.org\/{rel}","templated":true}]}}