{"id":700374,"date":"2024-10-15T10:25:19","date_gmt":"2024-10-15T08:25:19","guid":{"rendered":"https:\/\/streetmarkets.fr\/app\/produit\/baskets-n14-leopard-rivecour\/"},"modified":"2026-05-10T08:36:51","modified_gmt":"2026-05-10T06:36:51","slug":"baskets-n14-leopard-rivecour","status":"publish","type":"product","link":"https:\/\/streetmarkets.fr\/app\/produit\/baskets-n14-leopard-rivecour\/","title":{"rendered":"Baskets n\u00b014 l\u00e9opard &#8211; Rivecour"},"content":{"rendered":"<p>Valeur s\u00fbre, l&#8217;ind\u00e9modable sneaker par Rivecour match avec tous les styles. D&#8217;un confort absolu pour pouvoir vous suivre partout.<\/p>\n<ul>\n<li>Embossage \u00e0 chaud N14 sur le c\u00f4t\u00e9<\/li>\n<li>Fabriqu\u00e9es au Portugal dans le respect du savoir-faire traditionnel<\/li>\n<\/ul>\n<p data-mce-fragment=\"1\"><strong>Conseil de tailles<\/strong> : Si vous \u00eates entre 2 tailles, prenez la taille au dessus.\u00a0<\/p>\n","protected":false},"excerpt":{"rendered":"<p>Valeur s\u00fbre, l&#8217;ind\u00e9modable sneaker par Rivecour match avec tous les styles. D&#8217;un confort absolu pour pouvoir vous suivre partout. Embossage \u00e0 chaud N14 sur le c\u00f4t\u00e9 Fabriqu\u00e9es au Portugal dans le respect du savoir-faire traditionnel Conseil de tailles : Si vous \u00eates entre 2 tailles, prenez la taille au dessus.\u00a0<\/p>\n","protected":false},"featured_media":700375,"comment_status":"open","ping_status":"closed","template":"","meta":[],"product_brand":[],"product_cat":[1756,1763],"product_tag":[2244],"acf":[],"_links":{"self":[{"href":"https:\/\/streetmarkets.fr\/app\/wp-json\/wp\/v2\/product\/700374"}],"collection":[{"href":"https:\/\/streetmarkets.fr\/app\/wp-json\/wp\/v2\/product"}],"about":[{"href":"https:\/\/streetmarkets.fr\/app\/wp-json\/wp\/v2\/types\/product"}],"replies":[{"embeddable":true,"href":"https:\/\/streetmarkets.fr\/app\/wp-json\/wp\/v2\/comments?post=700374"}],"wp:featuredmedia":[{"embeddable":true,"href":"https:\/\/streetmarkets.fr\/app\/wp-json\/wp\/v2\/media\/700375"}],"wp:attachment":[{"href":"https:\/\/streetmarkets.fr\/app\/wp-json\/wp\/v2\/media?parent=700374"}],"wp:term":[{"taxonomy":"product_brand","embeddable":true,"href":"https:\/\/streetmarkets.fr\/app\/wp-json\/wp\/v2\/product_brand?post=700374"},{"taxonomy":"product_cat","embeddable":true,"href":"https:\/\/streetmarkets.fr\/app\/wp-json\/wp\/v2\/product_cat?post=700374"},{"taxonomy":"product_tag","embeddable":true,"href":"https:\/\/streetmarkets.fr\/app\/wp-json\/wp\/v2\/product_tag?post=700374"}],"curies":[{"name":"wp","href":"https:\/\/api.w.org\/{rel}","templated":true}]}}