{"id":700363,"date":"2024-10-15T10:25:19","date_gmt":"2024-10-15T08:25:19","guid":{"rendered":"https:\/\/streetmarkets.fr\/app\/produit\/ensemble-ensemble-brassiere-tanga-love-lace-lingerie-la-nouvelle\/"},"modified":"2026-04-28T08:37:08","modified_gmt":"2026-04-28T06:37:08","slug":"ensemble-ensemble-brassiere-tanga-love-lace-lingerie-la-nouvelle","status":"publish","type":"product","link":"https:\/\/streetmarkets.fr\/app\/produit\/ensemble-ensemble-brassiere-tanga-love-lace-lingerie-la-nouvelle\/","title":{"rendered":"Ensemble Ensemble brassi\u00e8re &amp; tanga LOVE LACE &#8211; Lingerie La Nouvelle"},"content":{"rendered":"<p><span>Craquez pour cette collection en \u00e9dition limit\u00e9e aux\u00a0<\/span><strong>teintes douces<\/strong><span>\u00a0et\u00a0<\/span><strong>romantiques<\/strong><span>\u00a0dans les tons\u00a0<\/span><strong>corail<\/strong><span>\u00a0et\u00a0<\/span><strong>parme<\/strong><span>\u00a0sur fond \u00e9cru. <\/span><\/p>\n<p><span>L&#8217;ensemble de\u00a0<\/span><strong>lingerie<\/strong><span>\u00a0St Valentin se compose de la\u00a0<\/span><strong>sexy<\/strong><span>\u00a0et\u00a0<\/span><strong>confortable<\/strong><span>\u00a0brassi\u00e8re Marion avec son joli bijou dor\u00e9, associ\u00e9e au tanga Th\u00e9a \u00e0 la coupe\u00a0<\/span><strong>\u00e9chancr\u00e9e<\/strong><span>. Pour offrir ou pour se faire plaisir, l&#8217;ensemble Love Lace est livr\u00e9 dans un joli boite cadeau, pour accueillir le printemps et \u00e9gayer vos tenues\u00a0!<\/span><\/p>\n<p>Brassi\u00e8re Marion\u00a0:\u00a0bretelles droites et fronces au milieu pour souligner le volume naturel de la poitrine.<\/p>\n<p>Le tanga\u00a0Th\u00e9a <span data-mce-fragment=\"1\">est un\u00a0<\/span>bas de lingerie \u00e9chancr\u00e9\u00a0avec des anneaux dor\u00e9es sur les c\u00f4t\u00e9s pour une silhouette f\u00e9minine et \u00e9lanc\u00e9e. Il est id\u00e9al pour un\u00a0look sexy\u00a0qui met en valeur les fesses.\u00a0<\/p>\n","protected":false},"excerpt":{"rendered":"<p>Craquez pour cette collection en \u00e9dition limit\u00e9e aux\u00a0teintes douces\u00a0et\u00a0romantiques\u00a0dans les tons\u00a0corail\u00a0et\u00a0parme\u00a0sur fond \u00e9cru. L&#8217;ensemble de\u00a0lingerie\u00a0St Valentin se compose de la\u00a0sexy\u00a0et\u00a0confortable\u00a0brassi\u00e8re Marion avec son joli bijou dor\u00e9, associ\u00e9e au tanga Th\u00e9a \u00e0 la coupe\u00a0\u00e9chancr\u00e9e. Pour offrir ou pour se faire plaisir, l&#8217;ensemble Love Lace est livr\u00e9 dans un joli boite cadeau, pour accueillir le printemps et [&hellip;]<\/p>\n","protected":false},"featured_media":700364,"comment_status":"open","ping_status":"closed","template":"","meta":[],"product_brand":[],"product_cat":[1756,1758],"product_tag":[2244],"acf":[],"_links":{"self":[{"href":"https:\/\/streetmarkets.fr\/app\/wp-json\/wp\/v2\/product\/700363"}],"collection":[{"href":"https:\/\/streetmarkets.fr\/app\/wp-json\/wp\/v2\/product"}],"about":[{"href":"https:\/\/streetmarkets.fr\/app\/wp-json\/wp\/v2\/types\/product"}],"replies":[{"embeddable":true,"href":"https:\/\/streetmarkets.fr\/app\/wp-json\/wp\/v2\/comments?post=700363"}],"wp:featuredmedia":[{"embeddable":true,"href":"https:\/\/streetmarkets.fr\/app\/wp-json\/wp\/v2\/media\/700364"}],"wp:attachment":[{"href":"https:\/\/streetmarkets.fr\/app\/wp-json\/wp\/v2\/media?parent=700363"}],"wp:term":[{"taxonomy":"product_brand","embeddable":true,"href":"https:\/\/streetmarkets.fr\/app\/wp-json\/wp\/v2\/product_brand?post=700363"},{"taxonomy":"product_cat","embeddable":true,"href":"https:\/\/streetmarkets.fr\/app\/wp-json\/wp\/v2\/product_cat?post=700363"},{"taxonomy":"product_tag","embeddable":true,"href":"https:\/\/streetmarkets.fr\/app\/wp-json\/wp\/v2\/product_tag?post=700363"}],"curies":[{"name":"wp","href":"https:\/\/api.w.org\/{rel}","templated":true}]}}