{"id":700344,"date":"2024-10-15T10:25:18","date_gmt":"2024-10-15T08:25:18","guid":{"rendered":"https:\/\/streetmarkets.fr\/app\/produit\/etole-mantra-rouge-inoui-editions\/"},"modified":"2026-05-05T08:36:52","modified_gmt":"2026-05-05T06:36:52","slug":"etole-mantra-rouge-inoui-editions","status":"publish","type":"product","link":"https:\/\/streetmarkets.fr\/app\/produit\/etole-mantra-rouge-inoui-editions\/","title":{"rendered":"Etole Mantra rouge &#8211; Inoui Editions"},"content":{"rendered":"<div class=\"Rte Rte_product_description opened\">\n<p><strong>. Description<\/strong> :\u00a0\u00c9charpe de diff\u00e9rentes couleurs aux tons\u00a0rouges et aux imprim\u00e9s animaliers.<\/p>\n<p><strong>. Composition :<\/strong> <span data-mce-fragment=\"1\">90% Modal 10% Cachemire<\/span><\/p>\n<p><strong>. Dimensions<\/strong> : 100 cm en largeur x1m90 en longueur<\/p>\n<p><span><strong>. Entretien<\/strong> : nettoyage \u00e0 sec<\/span><\/p>\n<p>Cr\u00e9atrice fran\u00e7aise, fabrication Inde<\/p>\n<\/div>\n","protected":false},"excerpt":{"rendered":"<p>. Description :\u00a0\u00c9charpe de diff\u00e9rentes couleurs aux tons\u00a0rouges et aux imprim\u00e9s animaliers. . Composition : 90% Modal 10% Cachemire . Dimensions : 100 cm en largeur x1m90 en longueur . Entretien : nettoyage \u00e0 sec Cr\u00e9atrice fran\u00e7aise, fabrication Inde<\/p>\n","protected":false},"featured_media":700345,"comment_status":"open","ping_status":"closed","template":"","meta":[],"product_brand":[],"product_cat":[1756,1764],"product_tag":[2244],"acf":[],"_links":{"self":[{"href":"https:\/\/streetmarkets.fr\/app\/wp-json\/wp\/v2\/product\/700344"}],"collection":[{"href":"https:\/\/streetmarkets.fr\/app\/wp-json\/wp\/v2\/product"}],"about":[{"href":"https:\/\/streetmarkets.fr\/app\/wp-json\/wp\/v2\/types\/product"}],"replies":[{"embeddable":true,"href":"https:\/\/streetmarkets.fr\/app\/wp-json\/wp\/v2\/comments?post=700344"}],"wp:featuredmedia":[{"embeddable":true,"href":"https:\/\/streetmarkets.fr\/app\/wp-json\/wp\/v2\/media\/700345"}],"wp:attachment":[{"href":"https:\/\/streetmarkets.fr\/app\/wp-json\/wp\/v2\/media?parent=700344"}],"wp:term":[{"taxonomy":"product_brand","embeddable":true,"href":"https:\/\/streetmarkets.fr\/app\/wp-json\/wp\/v2\/product_brand?post=700344"},{"taxonomy":"product_cat","embeddable":true,"href":"https:\/\/streetmarkets.fr\/app\/wp-json\/wp\/v2\/product_cat?post=700344"},{"taxonomy":"product_tag","embeddable":true,"href":"https:\/\/streetmarkets.fr\/app\/wp-json\/wp\/v2\/product_tag?post=700344"}],"curies":[{"name":"wp","href":"https:\/\/api.w.org\/{rel}","templated":true}]}}