{"id":700321,"date":"2024-10-15T10:25:18","date_gmt":"2024-10-15T08:25:18","guid":{"rendered":"https:\/\/streetmarkets.fr\/app\/produit\/collant-jacquard\/"},"modified":"2024-10-15T10:26:11","modified_gmt":"2024-10-15T08:26:11","slug":"collant-jacquard","status":"publish","type":"product","link":"https:\/\/streetmarkets.fr\/app\/produit\/collant-jacquard\/","title":{"rendered":"Collant Jacquard"},"content":{"rendered":"<p>Collant Jacquard Yade durable et \u00e9thique \u2713 Livraison rapide &amp; paiement en x3 ou x4.<\/p>\n<p class=\"sc-jlsrNB ikRhSQ pf-18_\" style=\"font-family:inherit;margin-top:-12px;font-size:inherit;margin-bottom:5px;text-align:justify\"><span class=\"sc-gnnDb jPxwVa pf-20_\" style=\"line-height:inherit;margin-right:0px\">Con\u00e7u \u00e0 partir d\u2019une impression r\u00e9sille recouverte, le Jacquard est un collant intemporel \u00e0 la fois chic et \u00e9l\u00e9gant.<\/span><\/p>\n<ul class=\"sc-bSqaIl lbVgtz pf-21_\" style=\"margin:0px;padding:0px;list-style-type:none;font-size:13px\">\n<li>\n<ul class=\"sc-bSqaIl lbVgtz pf-21_\" style=\"margin:0px;padding:0px;list-style-type:none;color:#453e3c;font-family:Poppins, sans-serif;letter-spacing:0.65px\">\n<li class=\"sc-jvvksu ldtAhU pf-22_\" style=\"margin:0 0\"><span class=\"sc-gnnDb jPxwVa pf-24_\">\u2022 Ultra-confortable et anti-glisse<\/span><\/li>\n<li class=\"sc-jvvksu ldtAhU pf-25_\" style=\"margin:0 0\"><span class=\"sc-gnnDb jPxwVa pf-27_\">\u2022 Sculptant et sublimateur<\/span><\/li>\n<li class=\"sc-jvvksu ldtAhU pf-28_\" style=\"margin:0 0\"><span class=\"sc-gnnDb jPxwVa pf-30_\">\u2022 Oeko-Tex sans produit toxique<\/span><\/li>\n<li class=\"sc-jvvksu ldtAhU pf-31_\" style=\"margin:0px;background-color:#e4d7c6;padding-left:10px;padding-right:10px;text-align:justify;padding-top:5px\"><span class=\"sc-gnnDb jPxwVa pf-33_\"><b>Niveau de r\u00e9sistance : mod\u00e9r\u00e9e<\/b><br \/>Le Jacquard est confectionn\u00e9 \u00e0 partir de fils fins, il n\u00e9cessite un grand soin\u00a0<\/span><\/li>\n<\/ul>\n<\/li>\n<\/ul>\n","protected":false},"excerpt":{"rendered":"<p>Collant Jacquard Yade durable et \u00e9thique \u2713 Livraison rapide &amp; paiement en x3 ou x4. Con\u00e7u \u00e0 partir d\u2019une impression r\u00e9sille recouverte, le Jacquard est un collant intemporel \u00e0 la fois chic et \u00e9l\u00e9gant. \u2022 Ultra-confortable et anti-glisse \u2022 Sculptant et sublimateur \u2022 Oeko-Tex sans produit toxique Niveau de r\u00e9sistance : mod\u00e9r\u00e9eLe Jacquard est confectionn\u00e9 [&hellip;]<\/p>\n","protected":false},"featured_media":700322,"comment_status":"open","ping_status":"closed","template":"","meta":[],"product_brand":[],"product_cat":[1756,1762],"product_tag":[2244],"acf":[],"_links":{"self":[{"href":"https:\/\/streetmarkets.fr\/app\/wp-json\/wp\/v2\/product\/700321"}],"collection":[{"href":"https:\/\/streetmarkets.fr\/app\/wp-json\/wp\/v2\/product"}],"about":[{"href":"https:\/\/streetmarkets.fr\/app\/wp-json\/wp\/v2\/types\/product"}],"replies":[{"embeddable":true,"href":"https:\/\/streetmarkets.fr\/app\/wp-json\/wp\/v2\/comments?post=700321"}],"wp:featuredmedia":[{"embeddable":true,"href":"https:\/\/streetmarkets.fr\/app\/wp-json\/wp\/v2\/media\/700322"}],"wp:attachment":[{"href":"https:\/\/streetmarkets.fr\/app\/wp-json\/wp\/v2\/media?parent=700321"}],"wp:term":[{"taxonomy":"product_brand","embeddable":true,"href":"https:\/\/streetmarkets.fr\/app\/wp-json\/wp\/v2\/product_brand?post=700321"},{"taxonomy":"product_cat","embeddable":true,"href":"https:\/\/streetmarkets.fr\/app\/wp-json\/wp\/v2\/product_cat?post=700321"},{"taxonomy":"product_tag","embeddable":true,"href":"https:\/\/streetmarkets.fr\/app\/wp-json\/wp\/v2\/product_tag?post=700321"}],"curies":[{"name":"wp","href":"https:\/\/api.w.org\/{rel}","templated":true}]}}