{"id":700290,"date":"2024-10-15T10:25:17","date_gmt":"2024-10-15T08:25:17","guid":{"rendered":"https:\/\/streetmarkets.fr\/app\/produit\/collant-parfait-60-den\/"},"modified":"2024-10-15T10:26:11","modified_gmt":"2024-10-15T08:26:11","slug":"collant-parfait-60-den","status":"publish","type":"product","link":"https:\/\/streetmarkets.fr\/app\/produit\/collant-parfait-60-den\/","title":{"rendered":"Collant Parfait 60 DEN"},"content":{"rendered":"<p>Collant Parfait 60 DEN Yade durable et \u00e9thique \u2713 Livraison rapide &amp; paiement en x3 ou x4.<\/p>\n<ul class=\"sc-iFMAIt bKYNsx pf-54_\" style=\"margin:0px;padding:0px;list-style-type:none;font-size:13px;color:#453e3c;font-family:Poppins, sans-serif;letter-spacing:0.65px\">\n<li>\n<ul class=\"sc-iFMAIt bKYNsx pf-54_\" style=\"margin:0px;padding:0px;list-style-type:none;font-size:13px;color:#453e3c;font-family:Poppins, sans-serif;letter-spacing:0.65px\">\n<li class=\"sc-iqVWFU eVpiLZ pf-55_\" style=\"margin:0 0\"><span class=\"sc-jKTccl dCeBIC pf-57_\">\u2022 Ultra-confortable<\/span><\/li>\n<li class=\"sc-iqVWFU eVpiLZ pf-58_\" style=\"margin:0 0\"><span class=\"sc-jKTccl dCeBIC pf-60_\">\u2022 Sculptant et sublimateur<\/span><\/li>\n<li class=\"sc-iqVWFU eVpiLZ pf-61_\" style=\"margin:0 0\"><span class=\"sc-jKTccl dCeBIC pf-63_\">\u2022 Voile 60 deniers \u00e0 l\u2019opacit\u00e9 moyenne, chaud et qui laisse appara\u00eetre la jambe<\/span><\/li>\n<li class=\"sc-iqVWFU eVpiLZ pf-64_\" style=\"margin:0 0\"><span class=\"sc-jKTccl dCeBIC pf-66_\">\u2022 Oeko-tex sans produit toxique\u00a0<br \/><\/span><\/li>\n<\/ul>\n<\/li>\n<\/ul>\n<div class=\"sc-ezbkAF A-dmbO pf-67_ pf-r pf-r-eh\" style=\"margin:0\">\n<div class=\"pf-c\">\n<div class=\"sc-gUQvok iVVDxu pf-68_\" style=\"width:605px\">\n<p class=\"sc-jtXEFf jydWoQ pf-69_\" style=\"margin-top:0px;font-size:inherit;font-family:inherit;text-align:justify;margin-bottom:0px\"><span class=\"sc-jKTccl dCeBIC pf-71_\" style=\"line-height:inherit;margin-right:0px\"><u>R\u00e9sistance maximale<\/u>\u00a0: mod\u00e8les confectionn\u00e9s \u00e0 partir d\u2019une\u00a0<b>fibre 60 deniers<\/b>, 10 fois plus r\u00e9sistante qu\u2019un collant classique, garantissant de nombreuses utilisations,\u00a0<b>m\u00eame au cours de vos journ\u00e9es les plus actives<\/b>.<\/span><\/p>\n<\/div>\n<\/div>\n<\/div>\n","protected":false},"excerpt":{"rendered":"<p>Collant Parfait 60 DEN Yade durable et \u00e9thique \u2713 Livraison rapide &amp; paiement en x3 ou x4. \u2022 Ultra-confortable \u2022 Sculptant et sublimateur \u2022 Voile 60 deniers \u00e0 l\u2019opacit\u00e9 moyenne, chaud et qui laisse appara\u00eetre la jambe \u2022 Oeko-tex sans produit toxique\u00a0 R\u00e9sistance maximale\u00a0: mod\u00e8les confectionn\u00e9s \u00e0 partir d\u2019une\u00a0fibre 60 deniers, 10 fois plus r\u00e9sistante [&hellip;]<\/p>\n","protected":false},"featured_media":700291,"comment_status":"open","ping_status":"closed","template":"","meta":[],"product_brand":[],"product_cat":[1756,1762],"product_tag":[2244],"acf":[],"_links":{"self":[{"href":"https:\/\/streetmarkets.fr\/app\/wp-json\/wp\/v2\/product\/700290"}],"collection":[{"href":"https:\/\/streetmarkets.fr\/app\/wp-json\/wp\/v2\/product"}],"about":[{"href":"https:\/\/streetmarkets.fr\/app\/wp-json\/wp\/v2\/types\/product"}],"replies":[{"embeddable":true,"href":"https:\/\/streetmarkets.fr\/app\/wp-json\/wp\/v2\/comments?post=700290"}],"wp:featuredmedia":[{"embeddable":true,"href":"https:\/\/streetmarkets.fr\/app\/wp-json\/wp\/v2\/media\/700291"}],"wp:attachment":[{"href":"https:\/\/streetmarkets.fr\/app\/wp-json\/wp\/v2\/media?parent=700290"}],"wp:term":[{"taxonomy":"product_brand","embeddable":true,"href":"https:\/\/streetmarkets.fr\/app\/wp-json\/wp\/v2\/product_brand?post=700290"},{"taxonomy":"product_cat","embeddable":true,"href":"https:\/\/streetmarkets.fr\/app\/wp-json\/wp\/v2\/product_cat?post=700290"},{"taxonomy":"product_tag","embeddable":true,"href":"https:\/\/streetmarkets.fr\/app\/wp-json\/wp\/v2\/product_tag?post=700290"}],"curies":[{"name":"wp","href":"https:\/\/api.w.org\/{rel}","templated":true}]}}