{"id":700281,"date":"2024-10-15T10:25:16","date_gmt":"2024-10-15T08:25:16","guid":{"rendered":"https:\/\/streetmarkets.fr\/app\/produit\/barrette-coeur-multi-grand-modele\/"},"modified":"2024-10-15T10:26:11","modified_gmt":"2024-10-15T08:26:11","slug":"barrette-coeur-multi-grand-modele","status":"publish","type":"product","link":"https:\/\/streetmarkets.fr\/app\/produit\/barrette-coeur-multi-grand-modele\/","title":{"rendered":"Barrette Coeur Multi grand mod\u00e8le"},"content":{"rendered":"<p>D\u00e9couvrez la barrette en forme de coeur de la marque Coucou Suzette chez Mamamushi.<br \/>\nClick and collect disponible, livraison &amp; paiement s\u00e9curis\u00e9.<\/p>\n<p style=\"margin-top:0px;margin-bottom:0.8rem\">Une belle french barrette qui nous rappelle nos nineties ch\u00e9ries !\u00a0<br \/>Celle-ci est couverte de jolis c\u0153urs rouges so romantiques. Un accessoire pour cheveux original, id\u00e9al pour des demi-queues, et un cadeau plein d\u2019amour pour la Saint-Valentin qui approche \u00e0 grands pas\u2026<\/p>\n<p>Existe aussi en version barrette avec une attache crocodile.<\/p><\/p>\n","protected":false},"excerpt":{"rendered":"<p>D\u00e9couvrez la barrette en forme de coeur de la marque Coucou Suzette chez Mamamushi. Click and collect disponible, livraison &amp; paiement s\u00e9curis\u00e9. Une belle french barrette qui nous rappelle nos nineties ch\u00e9ries !\u00a0Celle-ci est couverte de jolis c\u0153urs rouges so romantiques. Un accessoire pour cheveux original, id\u00e9al pour des demi-queues, et un cadeau plein d\u2019amour [&hellip;]<\/p>\n","protected":false},"featured_media":700282,"comment_status":"open","ping_status":"closed","template":"","meta":[],"product_brand":[],"product_cat":[1756,1764],"product_tag":[2244],"acf":[],"_links":{"self":[{"href":"https:\/\/streetmarkets.fr\/app\/wp-json\/wp\/v2\/product\/700281"}],"collection":[{"href":"https:\/\/streetmarkets.fr\/app\/wp-json\/wp\/v2\/product"}],"about":[{"href":"https:\/\/streetmarkets.fr\/app\/wp-json\/wp\/v2\/types\/product"}],"replies":[{"embeddable":true,"href":"https:\/\/streetmarkets.fr\/app\/wp-json\/wp\/v2\/comments?post=700281"}],"wp:featuredmedia":[{"embeddable":true,"href":"https:\/\/streetmarkets.fr\/app\/wp-json\/wp\/v2\/media\/700282"}],"wp:attachment":[{"href":"https:\/\/streetmarkets.fr\/app\/wp-json\/wp\/v2\/media?parent=700281"}],"wp:term":[{"taxonomy":"product_brand","embeddable":true,"href":"https:\/\/streetmarkets.fr\/app\/wp-json\/wp\/v2\/product_brand?post=700281"},{"taxonomy":"product_cat","embeddable":true,"href":"https:\/\/streetmarkets.fr\/app\/wp-json\/wp\/v2\/product_cat?post=700281"},{"taxonomy":"product_tag","embeddable":true,"href":"https:\/\/streetmarkets.fr\/app\/wp-json\/wp\/v2\/product_tag?post=700281"}],"curies":[{"name":"wp","href":"https:\/\/api.w.org\/{rel}","templated":true}]}}