{"id":700278,"date":"2024-10-15T10:25:16","date_gmt":"2024-10-15T08:25:16","guid":{"rendered":"https:\/\/streetmarkets.fr\/app\/produit\/jonc-mum-grenat-ucciani\/"},"modified":"2026-05-08T08:36:55","modified_gmt":"2026-05-08T06:36:55","slug":"jonc-mum-grenat-ucciani","status":"publish","type":"product","link":"https:\/\/streetmarkets.fr\/app\/produit\/jonc-mum-grenat-ucciani\/","title":{"rendered":"Jonc Mum Grenat &#8211; Ucciani"},"content":{"rendered":"<p>Le jonc Mum est une d\u00e9clinaison de la bague embl\u00e9matique de la maison. Arborant un style vintage avec des godrons ciselant le d\u00f4me orn\u00e9 d&#8217;une pierre de grenat.<\/p>\n","protected":false},"excerpt":{"rendered":"<p>Le jonc Mum est une d\u00e9clinaison de la bague embl\u00e9matique de la maison. Arborant un style vintage avec des godrons ciselant le d\u00f4me orn\u00e9 d&#8217;une pierre de grenat.<\/p>\n","protected":false},"featured_media":700279,"comment_status":"open","ping_status":"closed","template":"","meta":[],"product_brand":[],"product_cat":[1807,1756],"product_tag":[2244],"acf":[],"_links":{"self":[{"href":"https:\/\/streetmarkets.fr\/app\/wp-json\/wp\/v2\/product\/700278"}],"collection":[{"href":"https:\/\/streetmarkets.fr\/app\/wp-json\/wp\/v2\/product"}],"about":[{"href":"https:\/\/streetmarkets.fr\/app\/wp-json\/wp\/v2\/types\/product"}],"replies":[{"embeddable":true,"href":"https:\/\/streetmarkets.fr\/app\/wp-json\/wp\/v2\/comments?post=700278"}],"wp:featuredmedia":[{"embeddable":true,"href":"https:\/\/streetmarkets.fr\/app\/wp-json\/wp\/v2\/media\/700279"}],"wp:attachment":[{"href":"https:\/\/streetmarkets.fr\/app\/wp-json\/wp\/v2\/media?parent=700278"}],"wp:term":[{"taxonomy":"product_brand","embeddable":true,"href":"https:\/\/streetmarkets.fr\/app\/wp-json\/wp\/v2\/product_brand?post=700278"},{"taxonomy":"product_cat","embeddable":true,"href":"https:\/\/streetmarkets.fr\/app\/wp-json\/wp\/v2\/product_cat?post=700278"},{"taxonomy":"product_tag","embeddable":true,"href":"https:\/\/streetmarkets.fr\/app\/wp-json\/wp\/v2\/product_tag?post=700278"}],"curies":[{"name":"wp","href":"https:\/\/api.w.org\/{rel}","templated":true}]}}