{"id":700270,"date":"2024-10-15T10:25:16","date_gmt":"2024-10-15T08:25:16","guid":{"rendered":"https:\/\/streetmarkets.fr\/app\/produit\/chaussettes-fourres-yeux\/"},"modified":"2024-10-15T10:26:10","modified_gmt":"2024-10-15T08:26:10","slug":"chaussettes-fourres-yeux","status":"publish","type":"product","link":"https:\/\/streetmarkets.fr\/app\/produit\/chaussettes-fourres-yeux\/","title":{"rendered":"Chaussettes fourr\u00e9s yeux"},"content":{"rendered":"<p>Chaussettes fourr\u00e9s yeux Coucou Suzette durable et \u00e9thique \u2713 Livraison rapide &amp; paiement en x3 ou x4.<\/p>\n<p style=\"margin-top:0px;margin-bottom:0.8rem;font-family:Karla, sans-serif;font-size:15px\">a nouveaut\u00e9 dont on r\u00eavait \u00e0 l\u2019entr\u00e9e de l\u2019hiver : les chaussons Coucou Suzette !<\/p>\n<p style=\"margin-top:0px;margin-bottom:0.8rem;font-family:Karla, sans-serif;font-size:15px\">Ultra douillets, ils sont doubl\u00e9s d\u2019une moumoute molletonn\u00e9e \u00e0 souhait, ambiance balade sur un nuage\u2026 Ces petites beaut\u00e9s sont \u00e9quip\u00e9es de mini pastilles antid\u00e9rapantes sur la semelle pour pouvoir fl\u00e2ner chez soi sans risque de glisser.<\/p>\n<p style=\"margin-top:0px;margin-bottom:0.8rem;font-family:Karla, sans-serif;font-size:15px\">Et bien s\u00fbr, que seraient des chaussons Coucou Suzette sans une ribambelle d\u2019yeux bleus ? Le motif embl\u00e9matique de la marque, version cosy ! Le cadeau id\u00e9al pour No\u00ebl, \u00e0 faire \u00e0 son entourage ou \u00e0 soi-m\u00eame pour des petons au chaud tout l\u2019hiver.<\/p>\n<p style=\"margin-top:0px;margin-bottom:0px;font-family:Karla, sans-serif;font-size:15px\">Taille unique, convient du 35 au 39.<\/p>\n","protected":false},"excerpt":{"rendered":"<p>Chaussettes fourr\u00e9s yeux Coucou Suzette durable et \u00e9thique \u2713 Livraison rapide &amp; paiement en x3 ou x4. a nouveaut\u00e9 dont on r\u00eavait \u00e0 l\u2019entr\u00e9e de l\u2019hiver : les chaussons Coucou Suzette ! Ultra douillets, ils sont doubl\u00e9s d\u2019une moumoute molletonn\u00e9e \u00e0 souhait, ambiance balade sur un nuage\u2026 Ces petites beaut\u00e9s sont \u00e9quip\u00e9es de mini pastilles [&hellip;]<\/p>\n","protected":false},"featured_media":700271,"comment_status":"open","ping_status":"closed","template":"","meta":[],"product_brand":[],"product_cat":[1756,1764],"product_tag":[2244],"acf":[],"_links":{"self":[{"href":"https:\/\/streetmarkets.fr\/app\/wp-json\/wp\/v2\/product\/700270"}],"collection":[{"href":"https:\/\/streetmarkets.fr\/app\/wp-json\/wp\/v2\/product"}],"about":[{"href":"https:\/\/streetmarkets.fr\/app\/wp-json\/wp\/v2\/types\/product"}],"replies":[{"embeddable":true,"href":"https:\/\/streetmarkets.fr\/app\/wp-json\/wp\/v2\/comments?post=700270"}],"wp:featuredmedia":[{"embeddable":true,"href":"https:\/\/streetmarkets.fr\/app\/wp-json\/wp\/v2\/media\/700271"}],"wp:attachment":[{"href":"https:\/\/streetmarkets.fr\/app\/wp-json\/wp\/v2\/media?parent=700270"}],"wp:term":[{"taxonomy":"product_brand","embeddable":true,"href":"https:\/\/streetmarkets.fr\/app\/wp-json\/wp\/v2\/product_brand?post=700270"},{"taxonomy":"product_cat","embeddable":true,"href":"https:\/\/streetmarkets.fr\/app\/wp-json\/wp\/v2\/product_cat?post=700270"},{"taxonomy":"product_tag","embeddable":true,"href":"https:\/\/streetmarkets.fr\/app\/wp-json\/wp\/v2\/product_tag?post=700270"}],"curies":[{"name":"wp","href":"https:\/\/api.w.org\/{rel}","templated":true}]}}