{"id":700263,"date":"2024-10-15T10:25:16","date_gmt":"2024-10-15T08:25:16","guid":{"rendered":"https:\/\/streetmarkets.fr\/app\/produit\/sac-banane-custine-deperlant-au-choix\/"},"modified":"2024-10-15T10:26:10","modified_gmt":"2024-10-15T08:26:10","slug":"sac-banane-custine-deperlant-au-choix","status":"publish","type":"product","link":"https:\/\/streetmarkets.fr\/app\/produit\/sac-banane-custine-deperlant-au-choix\/","title":{"rendered":"Sac banane Custine d\u00e9perlant (au choix)"},"content":{"rendered":"<p>Sac banane Custine d\u00e9perlant (au choix) Rive Droite durable et \u00e9thique \u2713 Livraison rapide &amp; paiement en x3 ou x4.<\/p>\n<p style=\"margin:0px;font-size:13px;line-height:normal;font-family:'Helvetica Neue'\">Pour cette nouvelle collection Automne Hiver &#8220;City Lights&#8221; Rive Droite pr\u00e9sente un coton recycl\u00e9 avec un effet cir\u00e9, et obtenir ainsi une mati\u00e8re d\u00e9perlante, parfaite par temps de pluie. Au programme, 4 couleurs subtiles : Black Light, Green Neon, Dark Red et Blue Moon pour accompagner votre vestiaire d&#8217;automne.<\/p>\n<p style=\"margin:0px;font-size:13px;line-height:normal;font-family:'Helvetica Neue'\">Les doublures de cette collection Fall Winter sont issues de fin de stocks de l&#8217;industrie du textile, sur lesquelles ont \u00e9t\u00e9 imprim\u00e9es de fines rayures color\u00e9es.<\/p>\n<p style=\"margin:0px;font-size:13px;line-height:normal;font-family:'Helvetica Neue';min-height:15px\">\n<p style=\"margin:0px;font-size:13px;line-height:normal;font-family:'Helvetica Neue'\">Avec sa forme arrondie, son grand compartiment principal, Custine le sac banane va vite remplacer votre sac \u00e0 main. Cl\u00e9s, portefeuille, t\u00e9l\u00e9phone, make-up, vous pouvez y ranger vos essentiels tout en gardant les mains libres.<\/p>\n<p style=\"margin:0px;font-size:13px;line-height:normal;font-family:'Helvetica Neue'\">Sa anse s&#8217;ajuste facilement pour pouvoir le porter en bandouli\u00e8re ou \u00e0 la taille selon vos envies.<\/p>\n<p style=\"margin:0px;font-size:13px;line-height:normal;font-family:'Helvetica Neue'\">\n<p style=\"margin:0px;font-size:13px;line-height:normal;font-family:'Helvetica Neue'\">Composition : Coton recycl\u00e9 cir\u00e9 d\u00e9perlant<\/p>\n<p style=\"margin:0px;font-size:13px;line-height:normal;font-family:'Helvetica Neue';min-height:15px\">\n<p style=\"margin:0px;font-size:13px;line-height:normal;font-family:'Helvetica Neue'\">Dimensions : L25 x H17cm x P6cm. Tour de taille maximum 112cm. Tour de taille minimum 62cm.<\/p>\n<p style=\"margin:0px;font-size:13px;line-height:normal;font-family:'Helvetica Neue';min-height:15px\">\n<p style=\"margin:0px;font-size:13px;line-height:normal;font-family:'Helvetica Neue'\">Doublure : 100% polycoton upcycl\u00e9 issu de fins de stocks de tissus de l&#8217;industrie textile. Doublures noires avec de fines rayures color\u00e9es.<\/p>\n<p style=\"margin:0px;font-size:13px;line-height:normal;font-family:'Helvetica Neue'\">\n<p style=\"margin:0px;font-size:13px;line-height:normal;font-family:'Helvetica Neue'\">Conseils d&#8217;entretien : Pas de lavage en machine ni de nettoyage \u00e0 sec. Pour le nettoyer, utiliser un chiffon propre humide.<\/p>\n<p style=\"margin:0px;font-size:13px;line-height:normal;font-family:'Helvetica Neue'\">Les frottements de la mati\u00e8re contre les v\u00eatements peuvent provoquer de l\u00e9g\u00e8res traces blanches.<\/p>\n<p style=\"margin:0px;font-size:13px;line-height:normal;font-family:'Helvetica Neue'\">\n<p style=\"margin:0px;font-size:13px;line-height:normal;font-family:'Helvetica Neue'\">Marque : Rive Droite<\/p>\n","protected":false},"excerpt":{"rendered":"<p>Sac banane Custine d\u00e9perlant (au choix) Rive Droite durable et \u00e9thique \u2713 Livraison rapide &amp; paiement en x3 ou x4. Pour cette nouvelle collection Automne Hiver &#8220;City Lights&#8221; Rive Droite pr\u00e9sente un coton recycl\u00e9 avec un effet cir\u00e9, et obtenir ainsi une mati\u00e8re d\u00e9perlante, parfaite par temps de pluie. Au programme, 4 couleurs subtiles : [&hellip;]<\/p>\n","protected":false},"featured_media":700264,"comment_status":"open","ping_status":"closed","template":"","meta":[],"product_brand":[],"product_cat":[1756,1764],"product_tag":[2244],"acf":[],"_links":{"self":[{"href":"https:\/\/streetmarkets.fr\/app\/wp-json\/wp\/v2\/product\/700263"}],"collection":[{"href":"https:\/\/streetmarkets.fr\/app\/wp-json\/wp\/v2\/product"}],"about":[{"href":"https:\/\/streetmarkets.fr\/app\/wp-json\/wp\/v2\/types\/product"}],"replies":[{"embeddable":true,"href":"https:\/\/streetmarkets.fr\/app\/wp-json\/wp\/v2\/comments?post=700263"}],"wp:featuredmedia":[{"embeddable":true,"href":"https:\/\/streetmarkets.fr\/app\/wp-json\/wp\/v2\/media\/700264"}],"wp:attachment":[{"href":"https:\/\/streetmarkets.fr\/app\/wp-json\/wp\/v2\/media?parent=700263"}],"wp:term":[{"taxonomy":"product_brand","embeddable":true,"href":"https:\/\/streetmarkets.fr\/app\/wp-json\/wp\/v2\/product_brand?post=700263"},{"taxonomy":"product_cat","embeddable":true,"href":"https:\/\/streetmarkets.fr\/app\/wp-json\/wp\/v2\/product_cat?post=700263"},{"taxonomy":"product_tag","embeddable":true,"href":"https:\/\/streetmarkets.fr\/app\/wp-json\/wp\/v2\/product_tag?post=700263"}],"curies":[{"name":"wp","href":"https:\/\/api.w.org\/{rel}","templated":true}]}}