{"id":700246,"date":"2024-10-15T10:25:15","date_gmt":"2024-10-15T08:25:15","guid":{"rendered":"https:\/\/streetmarkets.fr\/app\/produit\/bague-mum-onyx-vert-ucciani\/"},"modified":"2026-05-03T08:37:09","modified_gmt":"2026-05-03T06:37:09","slug":"bague-mum-onyx-vert-ucciani","status":"publish","type":"product","link":"https:\/\/streetmarkets.fr\/app\/produit\/bague-mum-onyx-vert-ucciani\/","title":{"rendered":"Bague Mum Onyx vert &#8211; Ucciani"},"content":{"rendered":"<p>La bague Mum avec son style vintage, o\u00f9 des godrons viennent ciseler le d\u00f4me de la bague, est orn\u00e9e d&#8217;un onyx vert, les pierres fines \u00e9tant la signature de la maison Ucciani.\u00a0<\/p>\n","protected":false},"excerpt":{"rendered":"<p>La bague Mum avec son style vintage, o\u00f9 des godrons viennent ciseler le d\u00f4me de la bague, est orn\u00e9e d&#8217;un onyx vert, les pierres fines \u00e9tant la signature de la maison Ucciani.\u00a0<\/p>\n","protected":false},"featured_media":700247,"comment_status":"open","ping_status":"closed","template":"","meta":[],"product_brand":[],"product_cat":[1807,1756],"product_tag":[2244],"acf":[],"_links":{"self":[{"href":"https:\/\/streetmarkets.fr\/app\/wp-json\/wp\/v2\/product\/700246"}],"collection":[{"href":"https:\/\/streetmarkets.fr\/app\/wp-json\/wp\/v2\/product"}],"about":[{"href":"https:\/\/streetmarkets.fr\/app\/wp-json\/wp\/v2\/types\/product"}],"replies":[{"embeddable":true,"href":"https:\/\/streetmarkets.fr\/app\/wp-json\/wp\/v2\/comments?post=700246"}],"wp:featuredmedia":[{"embeddable":true,"href":"https:\/\/streetmarkets.fr\/app\/wp-json\/wp\/v2\/media\/700247"}],"wp:attachment":[{"href":"https:\/\/streetmarkets.fr\/app\/wp-json\/wp\/v2\/media?parent=700246"}],"wp:term":[{"taxonomy":"product_brand","embeddable":true,"href":"https:\/\/streetmarkets.fr\/app\/wp-json\/wp\/v2\/product_brand?post=700246"},{"taxonomy":"product_cat","embeddable":true,"href":"https:\/\/streetmarkets.fr\/app\/wp-json\/wp\/v2\/product_cat?post=700246"},{"taxonomy":"product_tag","embeddable":true,"href":"https:\/\/streetmarkets.fr\/app\/wp-json\/wp\/v2\/product_tag?post=700246"}],"curies":[{"name":"wp","href":"https:\/\/api.w.org\/{rel}","templated":true}]}}