{"id":700207,"date":"2024-10-15T10:24:35","date_gmt":"2024-10-15T08:24:35","guid":{"rendered":"https:\/\/streetmarkets.fr\/app\/produit\/bague-paloma-multipierre-leticia-ponti\/"},"modified":"2026-05-08T08:36:55","modified_gmt":"2026-05-08T06:36:55","slug":"bague-paloma-multipierre-leticia-ponti","status":"publish","type":"product","link":"https:\/\/streetmarkets.fr\/app\/produit\/bague-paloma-multipierre-leticia-ponti\/","title":{"rendered":"Bague Paloma multipierre &#8211; Leticia Ponti"},"content":{"rendered":"<p>La bague Paloma est compos\u00e9e de pierres semi pr\u00e9cieuses en tourmaline rose, am\u00e9thyste verte et violette de forme vari\u00e9e.\u00a0<\/p>\n<p>La bague est ouverte sur l&#8217;arri\u00e8re et correspond \u00e0 une taille 52, 53.\u00a0<\/p>\n<p>La bague est plaqu\u00e9e or 3 microns.\u00a0<\/p>\n<p>\u00a0<\/p>\n<p>\u00a0<\/p>\n","protected":false},"excerpt":{"rendered":"<p>La bague Paloma est compos\u00e9e de pierres semi pr\u00e9cieuses en tourmaline rose, am\u00e9thyste verte et violette de forme vari\u00e9e.\u00a0 La bague est ouverte sur l&#8217;arri\u00e8re et correspond \u00e0 une taille 52, 53.\u00a0 La bague est plaqu\u00e9e or 3 microns.\u00a0 \u00a0 \u00a0<\/p>\n","protected":false},"featured_media":700208,"comment_status":"open","ping_status":"closed","template":"","meta":[],"product_brand":[],"product_cat":[1807,1756],"product_tag":[2244],"acf":[],"_links":{"self":[{"href":"https:\/\/streetmarkets.fr\/app\/wp-json\/wp\/v2\/product\/700207"}],"collection":[{"href":"https:\/\/streetmarkets.fr\/app\/wp-json\/wp\/v2\/product"}],"about":[{"href":"https:\/\/streetmarkets.fr\/app\/wp-json\/wp\/v2\/types\/product"}],"replies":[{"embeddable":true,"href":"https:\/\/streetmarkets.fr\/app\/wp-json\/wp\/v2\/comments?post=700207"}],"wp:featuredmedia":[{"embeddable":true,"href":"https:\/\/streetmarkets.fr\/app\/wp-json\/wp\/v2\/media\/700208"}],"wp:attachment":[{"href":"https:\/\/streetmarkets.fr\/app\/wp-json\/wp\/v2\/media?parent=700207"}],"wp:term":[{"taxonomy":"product_brand","embeddable":true,"href":"https:\/\/streetmarkets.fr\/app\/wp-json\/wp\/v2\/product_brand?post=700207"},{"taxonomy":"product_cat","embeddable":true,"href":"https:\/\/streetmarkets.fr\/app\/wp-json\/wp\/v2\/product_cat?post=700207"},{"taxonomy":"product_tag","embeddable":true,"href":"https:\/\/streetmarkets.fr\/app\/wp-json\/wp\/v2\/product_tag?post=700207"}],"curies":[{"name":"wp","href":"https:\/\/api.w.org\/{rel}","templated":true}]}}