{"id":700191,"date":"2024-10-15T10:24:34","date_gmt":"2024-10-15T08:24:34","guid":{"rendered":"https:\/\/streetmarkets.fr\/app\/produit\/jonc-salome-dore-et-emaille-labradorite-diaperis\/"},"modified":"2026-05-05T08:36:51","modified_gmt":"2026-05-05T06:36:51","slug":"jonc-salome-dore-et-emaille-labradorite-diaperis","status":"publish","type":"product","link":"https:\/\/streetmarkets.fr\/app\/produit\/jonc-salome-dore-et-emaille-labradorite-diaperis\/","title":{"rendered":"Jonc Salom\u00e9 dor\u00e9 et \u00e9maill\u00e9 labradorite &#8211; Diaperis"},"content":{"rendered":"<p>Bracelet jonc en plaqu\u00e9 or avec \u00e9mail blanc.\u00a0<\/p>\n<p>Il est orn\u00e9 de pierres naturelles en labradorite.\u00a0<\/p>\n<p>Vous pourrez le porter seul ou en accumulation.\u00a0<\/p>\n<p>6 cm de diam\u00eatre<\/p>\n<p><\/p>\n","protected":false},"excerpt":{"rendered":"<p>Bracelet jonc en plaqu\u00e9 or avec \u00e9mail blanc.\u00a0 Il est orn\u00e9 de pierres naturelles en labradorite.\u00a0 Vous pourrez le porter seul ou en accumulation.\u00a0 6 cm de diam\u00eatre<\/p>\n","protected":false},"featured_media":700192,"comment_status":"open","ping_status":"closed","template":"","meta":[],"product_brand":[],"product_cat":[1807,1756],"product_tag":[2244],"acf":[],"_links":{"self":[{"href":"https:\/\/streetmarkets.fr\/app\/wp-json\/wp\/v2\/product\/700191"}],"collection":[{"href":"https:\/\/streetmarkets.fr\/app\/wp-json\/wp\/v2\/product"}],"about":[{"href":"https:\/\/streetmarkets.fr\/app\/wp-json\/wp\/v2\/types\/product"}],"replies":[{"embeddable":true,"href":"https:\/\/streetmarkets.fr\/app\/wp-json\/wp\/v2\/comments?post=700191"}],"wp:featuredmedia":[{"embeddable":true,"href":"https:\/\/streetmarkets.fr\/app\/wp-json\/wp\/v2\/media\/700192"}],"wp:attachment":[{"href":"https:\/\/streetmarkets.fr\/app\/wp-json\/wp\/v2\/media?parent=700191"}],"wp:term":[{"taxonomy":"product_brand","embeddable":true,"href":"https:\/\/streetmarkets.fr\/app\/wp-json\/wp\/v2\/product_brand?post=700191"},{"taxonomy":"product_cat","embeddable":true,"href":"https:\/\/streetmarkets.fr\/app\/wp-json\/wp\/v2\/product_cat?post=700191"},{"taxonomy":"product_tag","embeddable":true,"href":"https:\/\/streetmarkets.fr\/app\/wp-json\/wp\/v2\/product_tag?post=700191"}],"curies":[{"name":"wp","href":"https:\/\/api.w.org\/{rel}","templated":true}]}}