{"id":700181,"date":"2024-10-15T10:24:33","date_gmt":"2024-10-15T08:24:33","guid":{"rendered":"https:\/\/streetmarkets.fr\/app\/produit\/custine-le-sac-banane-coton-recycle-bronx-rive-droite\/"},"modified":"2026-05-08T08:36:55","modified_gmt":"2026-05-08T06:36:55","slug":"custine-le-sac-banane-coton-recycle-bronx-rive-droite","status":"publish","type":"product","link":"https:\/\/streetmarkets.fr\/app\/produit\/custine-le-sac-banane-coton-recycle-bronx-rive-droite\/","title":{"rendered":"Custine le sac banane coton recycl\u00e9 &#8220;bronx&#8221; &#8211; Rive Droite"},"content":{"rendered":"<p><span data-mce-fragment=\"1\">Custine Brooklyn c&#8217;est le sac banane en coton recycl\u00e9 qui a \u00e9t\u00e9 enduit d&#8217;une cire pour lui donner un effet d\u00e9perlant, parfait par temps de pluie.<\/span><br data-mce-fragment=\"1\"><span data-mce-fragment=\"1\">Vous allez adorer la Custine Brooklyn avec son nouveau trio de couleurs kaki, bleu et beige qui vont \u00e9gayer tous vos looks d&#8217;automne.<\/span><br data-mce-fragment=\"1\"><br data-mce-fragment=\"1\"><span data-mce-fragment=\"1\">Avec sa forme arrondie, son grand compartiment principal, Custine Brooklyn le sac banane va vite remplacer votre sac \u00e0 main. Cl\u00e9s, portefeuille, t\u00e9l\u00e9phone, make-up, vous pouvez y ranger vos essentiels tout en gardant les mains libres.<\/span><br data-mce-fragment=\"1\"><span data-mce-fragment=\"1\">Sa anse s&#8217;ajuste facilement pour pouvoir le porter en bandouli\u00e8re ou \u00e0 la taille selon vos envies.<\/span><br data-mce-fragment=\"1\"><br data-mce-fragment=\"1\"><span data-mce-fragment=\"1\">Ses atouts : sa tr\u00e8s bonne tenue gr\u00e2ce \u00e0 cette mati\u00e8re recycl\u00e9e enduite et ses doublures int\u00e9rieures unies issues de fins de stocks de l&#8217;industrie textile.\u00a0<\/span><\/p>\n","protected":false},"excerpt":{"rendered":"<p>Custine Brooklyn c&#8217;est le sac banane en coton recycl\u00e9 qui a \u00e9t\u00e9 enduit d&#8217;une cire pour lui donner un effet d\u00e9perlant, parfait par temps de pluie.Vous allez adorer la Custine Brooklyn avec son nouveau trio de couleurs kaki, bleu et beige qui vont \u00e9gayer tous vos looks d&#8217;automne.Avec sa forme arrondie, son grand compartiment principal, [&hellip;]<\/p>\n","protected":false},"featured_media":700182,"comment_status":"open","ping_status":"closed","template":"","meta":[],"product_brand":[],"product_cat":[1756,1764],"product_tag":[2244],"acf":[],"_links":{"self":[{"href":"https:\/\/streetmarkets.fr\/app\/wp-json\/wp\/v2\/product\/700181"}],"collection":[{"href":"https:\/\/streetmarkets.fr\/app\/wp-json\/wp\/v2\/product"}],"about":[{"href":"https:\/\/streetmarkets.fr\/app\/wp-json\/wp\/v2\/types\/product"}],"replies":[{"embeddable":true,"href":"https:\/\/streetmarkets.fr\/app\/wp-json\/wp\/v2\/comments?post=700181"}],"wp:featuredmedia":[{"embeddable":true,"href":"https:\/\/streetmarkets.fr\/app\/wp-json\/wp\/v2\/media\/700182"}],"wp:attachment":[{"href":"https:\/\/streetmarkets.fr\/app\/wp-json\/wp\/v2\/media?parent=700181"}],"wp:term":[{"taxonomy":"product_brand","embeddable":true,"href":"https:\/\/streetmarkets.fr\/app\/wp-json\/wp\/v2\/product_brand?post=700181"},{"taxonomy":"product_cat","embeddable":true,"href":"https:\/\/streetmarkets.fr\/app\/wp-json\/wp\/v2\/product_cat?post=700181"},{"taxonomy":"product_tag","embeddable":true,"href":"https:\/\/streetmarkets.fr\/app\/wp-json\/wp\/v2\/product_tag?post=700181"}],"curies":[{"name":"wp","href":"https:\/\/api.w.org\/{rel}","templated":true}]}}