{"id":700175,"date":"2024-10-15T10:24:33","date_gmt":"2024-10-15T08:24:33","guid":{"rendered":"https:\/\/streetmarkets.fr\/app\/produit\/pince-a-cheveux-aubergine\/"},"modified":"2024-10-15T10:25:12","modified_gmt":"2024-10-15T08:25:12","slug":"pince-a-cheveux-aubergine","status":"publish","type":"product","link":"https:\/\/streetmarkets.fr\/app\/produit\/pince-a-cheveux-aubergine\/","title":{"rendered":"Pince \u00e0 cheveux Aubergine"},"content":{"rendered":"<p>D\u00e9couvrez les superbes pinces \u00e0 cheveux aubergine de la marque fran\u00e7aise Coucou Suzette chez Mamamushi. Click and collect disponible, livraison &amp; paiement s\u00e9curis\u00e9.<\/p>\n<p>Une sublime pince \u00e0 cheveux aubergine dans les tons violet intense aux milles nuances, couronn\u00e9e d\u2019un mignon chapeau vert.<\/p>\n<p>Ce violet (magnifique n\u2019est-ce pas) a d\u2019ailleurs \u00e9t\u00e9 cr\u00e9\u00e9 sur mesure afin de trouver LE violet parfait, autant vous dire qu\u2019on est fan !<\/p>\n<p>Un bijou de cheveux effet nacr\u00e9 super graphique qui ne passera s\u00fbrement pas inaper\u00e7u, et qui assure des buns styl\u00e9s sans aucun effort.<\/p>\n<p>\u00c0 accrocher \u00e0 l\u2019anse de son sac quand on ne la porte pas, pour une touche estivale styl\u00e9e en toute circonstance !<\/p>\n","protected":false},"excerpt":{"rendered":"<p>D\u00e9couvrez les superbes pinces \u00e0 cheveux aubergine de la marque fran\u00e7aise Coucou Suzette chez Mamamushi. Click and collect disponible, livraison &amp; paiement s\u00e9curis\u00e9. Une sublime pince \u00e0 cheveux aubergine dans les tons violet intense aux milles nuances, couronn\u00e9e d\u2019un mignon chapeau vert. Ce violet (magnifique n\u2019est-ce pas) a d\u2019ailleurs \u00e9t\u00e9 cr\u00e9\u00e9 sur mesure afin de [&hellip;]<\/p>\n","protected":false},"featured_media":700176,"comment_status":"open","ping_status":"closed","template":"","meta":[],"product_brand":[],"product_cat":[1756,1764],"product_tag":[2244],"acf":[],"_links":{"self":[{"href":"https:\/\/streetmarkets.fr\/app\/wp-json\/wp\/v2\/product\/700175"}],"collection":[{"href":"https:\/\/streetmarkets.fr\/app\/wp-json\/wp\/v2\/product"}],"about":[{"href":"https:\/\/streetmarkets.fr\/app\/wp-json\/wp\/v2\/types\/product"}],"replies":[{"embeddable":true,"href":"https:\/\/streetmarkets.fr\/app\/wp-json\/wp\/v2\/comments?post=700175"}],"wp:featuredmedia":[{"embeddable":true,"href":"https:\/\/streetmarkets.fr\/app\/wp-json\/wp\/v2\/media\/700176"}],"wp:attachment":[{"href":"https:\/\/streetmarkets.fr\/app\/wp-json\/wp\/v2\/media?parent=700175"}],"wp:term":[{"taxonomy":"product_brand","embeddable":true,"href":"https:\/\/streetmarkets.fr\/app\/wp-json\/wp\/v2\/product_brand?post=700175"},{"taxonomy":"product_cat","embeddable":true,"href":"https:\/\/streetmarkets.fr\/app\/wp-json\/wp\/v2\/product_cat?post=700175"},{"taxonomy":"product_tag","embeddable":true,"href":"https:\/\/streetmarkets.fr\/app\/wp-json\/wp\/v2\/product_tag?post=700175"}],"curies":[{"name":"wp","href":"https:\/\/api.w.org\/{rel}","templated":true}]}}