{"id":700166,"date":"2024-10-15T10:24:32","date_gmt":"2024-10-15T08:24:32","guid":{"rendered":"https:\/\/streetmarkets.fr\/app\/produit\/pince-a-cheveux-cerise\/"},"modified":"2024-10-15T10:25:12","modified_gmt":"2024-10-15T08:25:12","slug":"pince-a-cheveux-cerise","status":"publish","type":"product","link":"https:\/\/streetmarkets.fr\/app\/produit\/pince-a-cheveux-cerise\/","title":{"rendered":"Pince \u00e0 cheveux Cerise"},"content":{"rendered":"<p>D\u00e9couvrez les superbes pinces \u00e0 cheveux cerise de la marque fran\u00e7aise Coucou Suzette chez Mamamushi. Click and collect disponible, livraison &amp; paiement s\u00e9curis\u00e9.<\/p>\n<p>Un joli fruit au sommet de la t\u00eate en guise de pince \u00e0 cheveux, dans un esprit d\u00e9licieusement r\u00e9tro comme on adore chez Coucou Suzette.<\/p>\n<p>Cette pince glossy est r\u00e9alis\u00e9e en ac\u00e9tate, et ses d\u00e9tails sont ajout\u00e9s \u00e0 l\u2019encre dor\u00e9e, pour des looks color\u00e9s, frais et sucr\u00e9s toute l\u2019ann\u00e9e !<\/p>\n","protected":false},"excerpt":{"rendered":"<p>D\u00e9couvrez les superbes pinces \u00e0 cheveux cerise de la marque fran\u00e7aise Coucou Suzette chez Mamamushi. Click and collect disponible, livraison &amp; paiement s\u00e9curis\u00e9. Un joli fruit au sommet de la t\u00eate en guise de pince \u00e0 cheveux, dans un esprit d\u00e9licieusement r\u00e9tro comme on adore chez Coucou Suzette. Cette pince glossy est r\u00e9alis\u00e9e en ac\u00e9tate, [&hellip;]<\/p>\n","protected":false},"featured_media":700167,"comment_status":"open","ping_status":"closed","template":"","meta":[],"product_brand":[],"product_cat":[1756,1764],"product_tag":[2244],"acf":[],"_links":{"self":[{"href":"https:\/\/streetmarkets.fr\/app\/wp-json\/wp\/v2\/product\/700166"}],"collection":[{"href":"https:\/\/streetmarkets.fr\/app\/wp-json\/wp\/v2\/product"}],"about":[{"href":"https:\/\/streetmarkets.fr\/app\/wp-json\/wp\/v2\/types\/product"}],"replies":[{"embeddable":true,"href":"https:\/\/streetmarkets.fr\/app\/wp-json\/wp\/v2\/comments?post=700166"}],"wp:featuredmedia":[{"embeddable":true,"href":"https:\/\/streetmarkets.fr\/app\/wp-json\/wp\/v2\/media\/700167"}],"wp:attachment":[{"href":"https:\/\/streetmarkets.fr\/app\/wp-json\/wp\/v2\/media?parent=700166"}],"wp:term":[{"taxonomy":"product_brand","embeddable":true,"href":"https:\/\/streetmarkets.fr\/app\/wp-json\/wp\/v2\/product_brand?post=700166"},{"taxonomy":"product_cat","embeddable":true,"href":"https:\/\/streetmarkets.fr\/app\/wp-json\/wp\/v2\/product_cat?post=700166"},{"taxonomy":"product_tag","embeddable":true,"href":"https:\/\/streetmarkets.fr\/app\/wp-json\/wp\/v2\/product_tag?post=700166"}],"curies":[{"name":"wp","href":"https:\/\/api.w.org\/{rel}","templated":true}]}}