{"id":700141,"date":"2024-10-15T10:24:31","date_gmt":"2024-10-15T08:24:31","guid":{"rendered":"https:\/\/streetmarkets.fr\/app\/produit\/bracelet-black-silver-mls-845-marie-laure-chamorel\/"},"modified":"2026-04-28T08:37:07","modified_gmt":"2026-04-28T06:37:07","slug":"bracelet-black-silver-mls-845-marie-laure-chamorel","status":"publish","type":"product","link":"https:\/\/streetmarkets.fr\/app\/produit\/bracelet-black-silver-mls-845-marie-laure-chamorel\/","title":{"rendered":"Bracelet black silver MLS 845 &#8211; Marie Laure Chamorel"},"content":{"rendered":"<p><strong>Nouveaut\u00e9 !<\/strong><\/p>\n<p>Bracelet tress\u00e9 en argent 925 noir et fil de soie noir d&#8217;une longueur de 13 cm + 3 cm de chaine de r\u00e9glage.\u00a0<span>Il est agr\u00e9ment\u00e9 de cinq m\u00e9daillons finement cisel\u00e9s sertis de Tourmalines.<\/span><\/p>\n<p>Un bijou textile au style \u00e9pur\u00e9 et sophistiqu\u00e9 qui mettra en valeur votre poignet.\u00a0<\/p>\n<p>\u00a0Les bijoux sont fabriqu\u00e9s \u00e0 la main.\u00a0<\/p>\n<p>Retrouvez sur notre eshop une s\u00e9lection des plus belles cr\u00e9ations bijoux de la nouvelle collection de <a href=\"https:\/\/www.joee.fr\/concept-store-chamorel-paris\" target=\"_blank\" rel=\"noopener\">Marie Laure Charmorel.<\/a><\/p>\n<p>\u00a0<\/p>\n","protected":false},"excerpt":{"rendered":"<p>Nouveaut\u00e9 ! Bracelet tress\u00e9 en argent 925 noir et fil de soie noir d&#8217;une longueur de 13 cm + 3 cm de chaine de r\u00e9glage.\u00a0Il est agr\u00e9ment\u00e9 de cinq m\u00e9daillons finement cisel\u00e9s sertis de Tourmalines. Un bijou textile au style \u00e9pur\u00e9 et sophistiqu\u00e9 qui mettra en valeur votre poignet.\u00a0 \u00a0Les bijoux sont fabriqu\u00e9s \u00e0 la [&hellip;]<\/p>\n","protected":false},"featured_media":700142,"comment_status":"open","ping_status":"closed","template":"","meta":[],"product_brand":[],"product_cat":[1807,1756],"product_tag":[2244],"acf":[],"_links":{"self":[{"href":"https:\/\/streetmarkets.fr\/app\/wp-json\/wp\/v2\/product\/700141"}],"collection":[{"href":"https:\/\/streetmarkets.fr\/app\/wp-json\/wp\/v2\/product"}],"about":[{"href":"https:\/\/streetmarkets.fr\/app\/wp-json\/wp\/v2\/types\/product"}],"replies":[{"embeddable":true,"href":"https:\/\/streetmarkets.fr\/app\/wp-json\/wp\/v2\/comments?post=700141"}],"wp:featuredmedia":[{"embeddable":true,"href":"https:\/\/streetmarkets.fr\/app\/wp-json\/wp\/v2\/media\/700142"}],"wp:attachment":[{"href":"https:\/\/streetmarkets.fr\/app\/wp-json\/wp\/v2\/media?parent=700141"}],"wp:term":[{"taxonomy":"product_brand","embeddable":true,"href":"https:\/\/streetmarkets.fr\/app\/wp-json\/wp\/v2\/product_brand?post=700141"},{"taxonomy":"product_cat","embeddable":true,"href":"https:\/\/streetmarkets.fr\/app\/wp-json\/wp\/v2\/product_cat?post=700141"},{"taxonomy":"product_tag","embeddable":true,"href":"https:\/\/streetmarkets.fr\/app\/wp-json\/wp\/v2\/product_tag?post=700141"}],"curies":[{"name":"wp","href":"https:\/\/api.w.org\/{rel}","templated":true}]}}