{"id":700101,"date":"2024-10-15T10:24:30","date_gmt":"2024-10-15T08:24:30","guid":{"rendered":"https:\/\/streetmarkets.fr\/app\/produit\/sac-a-langer-mini-darcy-au-choix\/"},"modified":"2024-10-15T10:25:12","modified_gmt":"2024-10-15T08:25:12","slug":"sac-a-langer-mini-darcy-au-choix","status":"publish","type":"product","link":"https:\/\/streetmarkets.fr\/app\/produit\/sac-a-langer-mini-darcy-au-choix\/","title":{"rendered":"Sac \u00e0 langer Mini Darcy (au choix)"},"content":{"rendered":"<p>Sac \u00e0 langer Mini Darcy (au choix) Rive Droite durable et \u00e9thique \u2713 Livraison rapide &amp; paiement en x3 ou x4.<\/p>\n<p class=\"p1\" style=\"margin:0px;font-size:12px;line-height:normal;font-family:'Helvetica Neue';text-align:justify\">\n<p class=\"p1\" style=\"margin:0px;font-size:12px;line-height:normal;font-family:'Helvetica Neue';text-align:justify\">Darcy l&#8217;anti sac \u00e0 langer c&#8217;est le sac \u00e0 langer qui ne ressemble pas \u00e0 un sac \u00e0 langer.<\/p>\n<p style=\"margin:0px 0px 25px;font-family:SimplonNorm, sans-serif;font-size:15px\">Nouveaut\u00e9 chez Rive Droite : Darcy l&#8217;anti-sac \u00e0 langer se d\u00e9cline d\u00e9sormais en version Mini !\u00a0<\/p>\n<p style=\"margin:0px 0px 25px;font-family:SimplonNorm, sans-serif;font-size:15px\">Plus petit et plus compact, Darcy version mini c&#8217;est le sac \u00e0 langer id\u00e9al pour les courtes escapades du quotidien avec votre b\u00e9b\u00e9, ou pour les minimalistes qui pr\u00e9f\u00e8rent emporter peu d&#8217;affaires. Bien s\u00fbr, il garde tous les atouts d&#8217;un sac \u00e0 langer : poche pour ranger les couches, poche \u00e9lastiqu\u00e9e pour le biberon, syst\u00e8me d&#8217;attaches poussettes amovible, bandouli\u00e8re r\u00e9glable pour le porter \u00e0 l&#8217;\u00e9paule et poche ext\u00e9rieure plaqu\u00e9e pour garder son t\u00e9l\u00e9phone \u00e0 port\u00e9e de main.<\/p>\n<p style=\"margin:0px 0px 25px;font-family:SimplonNorm, sans-serif;font-size:15px\">Psst : Darcy version mini a pile la taille d&#8217;un ordinateur 13 pouces, si vous voulez vous en servir sans votre b\u00e9b\u00e9.\u00a0<\/p>\n<ul style=\"margin:0px 0px 0px 30px;padding:0px;font-family:SimplonNorm, sans-serif;font-size:15px\">\n<li style=\"margin-bottom:0.25em\"><span>Composition<\/span>\u00a0:\u00a0<span>Coton recycl\u00e9 &#8211; 84% Coton &amp; 16% Polyester<\/span><\/li>\n<li style=\"margin-bottom:0.25em\"><span>Emballage :\u00a0<\/span>Ce produit est emball\u00e9 avec soin dans un pochon en coton r\u00e9utilisable avec un lien coulissant<\/li>\n<li style=\"margin-bottom:0.25em\"><span>Doublure<\/span>\u00a0: 100% polycoton upcycl\u00e9<\/li>\n<li style=\"margin-bottom:0.25em\"><span>Dimensions<\/span>\u00a0:\u00a0<span>L32xH24xP13<\/span>cm\u00a0<span>\u00a0<\/span><\/li>\n<li style=\"margin-bottom:0.25em\"><span>Conseils d&#8217;entretien<\/span>\u00a0: Lavage seul en machine \u00e0 froid, programme fragile. Repasser sur l&#8217;envers.<\/li>\n<\/ul>\n<p>Marque : Rive Droite<\/p>\n","protected":false},"excerpt":{"rendered":"<p>Sac \u00e0 langer Mini Darcy (au choix) Rive Droite durable et \u00e9thique \u2713 Livraison rapide &amp; paiement en x3 ou x4. Darcy l&#8217;anti sac \u00e0 langer c&#8217;est le sac \u00e0 langer qui ne ressemble pas \u00e0 un sac \u00e0 langer. Nouveaut\u00e9 chez Rive Droite : Darcy l&#8217;anti-sac \u00e0 langer se d\u00e9cline d\u00e9sormais en version Mini [&hellip;]<\/p>\n","protected":false},"featured_media":700102,"comment_status":"open","ping_status":"closed","template":"","meta":[],"product_brand":[],"product_cat":[1756,1764],"product_tag":[2244],"acf":[],"_links":{"self":[{"href":"https:\/\/streetmarkets.fr\/app\/wp-json\/wp\/v2\/product\/700101"}],"collection":[{"href":"https:\/\/streetmarkets.fr\/app\/wp-json\/wp\/v2\/product"}],"about":[{"href":"https:\/\/streetmarkets.fr\/app\/wp-json\/wp\/v2\/types\/product"}],"replies":[{"embeddable":true,"href":"https:\/\/streetmarkets.fr\/app\/wp-json\/wp\/v2\/comments?post=700101"}],"wp:featuredmedia":[{"embeddable":true,"href":"https:\/\/streetmarkets.fr\/app\/wp-json\/wp\/v2\/media\/700102"}],"wp:attachment":[{"href":"https:\/\/streetmarkets.fr\/app\/wp-json\/wp\/v2\/media?parent=700101"}],"wp:term":[{"taxonomy":"product_brand","embeddable":true,"href":"https:\/\/streetmarkets.fr\/app\/wp-json\/wp\/v2\/product_brand?post=700101"},{"taxonomy":"product_cat","embeddable":true,"href":"https:\/\/streetmarkets.fr\/app\/wp-json\/wp\/v2\/product_cat?post=700101"},{"taxonomy":"product_tag","embeddable":true,"href":"https:\/\/streetmarkets.fr\/app\/wp-json\/wp\/v2\/product_tag?post=700101"}],"curies":[{"name":"wp","href":"https:\/\/api.w.org\/{rel}","templated":true}]}}