{"id":700090,"date":"2024-10-15T10:24:30","date_gmt":"2024-10-15T08:24:30","guid":{"rendered":"https:\/\/streetmarkets.fr\/app\/produit\/barrette-teckel\/"},"modified":"2024-10-15T10:25:11","modified_gmt":"2024-10-15T08:25:11","slug":"barrette-teckel","status":"publish","type":"product","link":"https:\/\/streetmarkets.fr\/app\/produit\/barrette-teckel\/","title":{"rendered":"Barrette Teckel"},"content":{"rendered":"<p>D\u00e9couvrez la magnifique barrette teckel de la marque fran\u00e7aise Coucou Suzette chez Mamamushi.<br \/>\nClick and collect disponible, livraison &amp; paiement s\u00e9curis\u00e9.<\/p>\n<div id=\"product-description-tab-content\" class=\"product-description-tab-content tab-pane active\">\n<div class=\"rte\">\n<p class=\"p1\" style=\"margin:0px;font-size:12px;line-height:normal;font-family:'Helvetica Neue'\">Petite barrette en forme de chien. En ac\u00e9tate avec de jolis d\u00e9tails dor\u00e9s pour un c\u00f4t\u00e9 adorablement vintage. On vous laisse trancher pour savoir si vous la prenez pour vous ou pour le.la petit.e dernier.e de la famille, dans tous les cas on risque de lui piquer !<\/p>\n<p class=\"p1\" style=\"margin:0px;font-size:12px;line-height:normal;font-family:'Helvetica Neue'\">\n<\/div>\n<div class=\"rte\">Barrette \u00e0 cheveux kitsch et rigolote faite \u00e0 partir d\u2019acetate de cellulose iris\u00e9e recycl\u00e9e &amp; biod\u00e9gradable (eco-friendly).<\/div>\n<div class=\"rte\"><\/div>\n<p>Marque : Coucou Suzette<\/p><\/div>\n","protected":false},"excerpt":{"rendered":"<p>D\u00e9couvrez la magnifique barrette teckel de la marque fran\u00e7aise Coucou Suzette chez Mamamushi. Click and collect disponible, livraison &amp; paiement s\u00e9curis\u00e9. Petite barrette en forme de chien. En ac\u00e9tate avec de jolis d\u00e9tails dor\u00e9s pour un c\u00f4t\u00e9 adorablement vintage. On vous laisse trancher pour savoir si vous la prenez pour vous ou pour le.la petit.e [&hellip;]<\/p>\n","protected":false},"featured_media":700091,"comment_status":"open","ping_status":"closed","template":"","meta":[],"product_brand":[],"product_cat":[1756,1764],"product_tag":[2244],"acf":[],"_links":{"self":[{"href":"https:\/\/streetmarkets.fr\/app\/wp-json\/wp\/v2\/product\/700090"}],"collection":[{"href":"https:\/\/streetmarkets.fr\/app\/wp-json\/wp\/v2\/product"}],"about":[{"href":"https:\/\/streetmarkets.fr\/app\/wp-json\/wp\/v2\/types\/product"}],"replies":[{"embeddable":true,"href":"https:\/\/streetmarkets.fr\/app\/wp-json\/wp\/v2\/comments?post=700090"}],"wp:featuredmedia":[{"embeddable":true,"href":"https:\/\/streetmarkets.fr\/app\/wp-json\/wp\/v2\/media\/700091"}],"wp:attachment":[{"href":"https:\/\/streetmarkets.fr\/app\/wp-json\/wp\/v2\/media?parent=700090"}],"wp:term":[{"taxonomy":"product_brand","embeddable":true,"href":"https:\/\/streetmarkets.fr\/app\/wp-json\/wp\/v2\/product_brand?post=700090"},{"taxonomy":"product_cat","embeddable":true,"href":"https:\/\/streetmarkets.fr\/app\/wp-json\/wp\/v2\/product_cat?post=700090"},{"taxonomy":"product_tag","embeddable":true,"href":"https:\/\/streetmarkets.fr\/app\/wp-json\/wp\/v2\/product_tag?post=700090"}],"curies":[{"name":"wp","href":"https:\/\/api.w.org\/{rel}","templated":true}]}}