{"id":700064,"date":"2024-10-15T10:24:29","date_gmt":"2024-10-15T08:24:29","guid":{"rendered":"https:\/\/streetmarkets.fr\/app\/produit\/sac-banane-xl-custine-velours-au-choix\/"},"modified":"2024-10-15T10:25:11","modified_gmt":"2024-10-15T08:25:11","slug":"sac-banane-xl-custine-velours-au-choix","status":"publish","type":"product","link":"https:\/\/streetmarkets.fr\/app\/produit\/sac-banane-xl-custine-velours-au-choix\/","title":{"rendered":"Sac banane XL Custine velours (au choix)"},"content":{"rendered":"<p>Sac banane XL Custine velours (au choix) Rive Droite durable et \u00e9thique \u2713 Livraison rapide &amp; paiement en x3 ou x4.<\/p>\n<div class=\"product-description rte\" style=\"font-family:Inconsolata, sans-serif;font-size:15px\">\n<p style=\"margin:0px 0px 15px\">Custine XL version Velours upcycl\u00e9 a un grand compartiment principal dans lequel vous pourrez ranger tous vos indispensables : cl\u00e9s, portefeuille, t\u00e9l\u00e9phone, make-up etc.<\/p>\n<p style=\"margin:0px 0px 15px\">Sa anse s&#8217;ajuste facilement pour pouvoir le porter en bandouli\u00e8re ou \u00e0 la taille selon les envies.<\/p>\n<ul style=\"margin:0px 0px 30px 35px;padding:0px\">\n<li style=\"margin-bottom:0.4em\">Composition<span>\u00a0<\/span>: Velours upcycl\u00e9<\/li>\n<li style=\"margin-bottom:0.4em\"><span>Emballage :\u00a0<\/span>Ce produit est emball\u00e9 avec soin dans un pochon en coton r\u00e9utilisable avec un lien coulissant<\/li>\n<li style=\"margin-bottom:0.4em\">Doublure<span>\u00a0<\/span>: 100% polycoton upcycl\u00e9<\/li>\n<li style=\"margin-bottom:0.4em\">Dimensions<span>\u00a0<\/span>:<span>\u00a0<\/span><span>L32 cmx H22cmx P6.5cm<\/span><\/li>\n<li style=\"margin-bottom:0.4em\">Conseils d&#8217;entretien<span>\u00a0<\/span>:\u00a0Nettoyage \u00e0 sec<\/li>\n<\/ul>\n<\/div>\n<p>Marque : Rive Droite<\/p>\n","protected":false},"excerpt":{"rendered":"<p>Sac banane XL Custine velours (au choix) Rive Droite durable et \u00e9thique \u2713 Livraison rapide &amp; paiement en x3 ou x4. Custine XL version Velours upcycl\u00e9 a un grand compartiment principal dans lequel vous pourrez ranger tous vos indispensables : cl\u00e9s, portefeuille, t\u00e9l\u00e9phone, make-up etc. Sa anse s&#8217;ajuste facilement pour pouvoir le porter en bandouli\u00e8re [&hellip;]<\/p>\n","protected":false},"featured_media":700065,"comment_status":"open","ping_status":"closed","template":"","meta":[],"product_brand":[],"product_cat":[1756,1764],"product_tag":[2244],"acf":[],"_links":{"self":[{"href":"https:\/\/streetmarkets.fr\/app\/wp-json\/wp\/v2\/product\/700064"}],"collection":[{"href":"https:\/\/streetmarkets.fr\/app\/wp-json\/wp\/v2\/product"}],"about":[{"href":"https:\/\/streetmarkets.fr\/app\/wp-json\/wp\/v2\/types\/product"}],"replies":[{"embeddable":true,"href":"https:\/\/streetmarkets.fr\/app\/wp-json\/wp\/v2\/comments?post=700064"}],"wp:featuredmedia":[{"embeddable":true,"href":"https:\/\/streetmarkets.fr\/app\/wp-json\/wp\/v2\/media\/700065"}],"wp:attachment":[{"href":"https:\/\/streetmarkets.fr\/app\/wp-json\/wp\/v2\/media?parent=700064"}],"wp:term":[{"taxonomy":"product_brand","embeddable":true,"href":"https:\/\/streetmarkets.fr\/app\/wp-json\/wp\/v2\/product_brand?post=700064"},{"taxonomy":"product_cat","embeddable":true,"href":"https:\/\/streetmarkets.fr\/app\/wp-json\/wp\/v2\/product_cat?post=700064"},{"taxonomy":"product_tag","embeddable":true,"href":"https:\/\/streetmarkets.fr\/app\/wp-json\/wp\/v2\/product_tag?post=700064"}],"curies":[{"name":"wp","href":"https:\/\/api.w.org\/{rel}","templated":true}]}}